{"id":13902,"date":"2023-02-26T19:31:13","date_gmt":"2023-02-26T19:31:13","guid":{"rendered":"http:\/\/www.billard-club-sottevillais.com\/?page_id=13902"},"modified":"2023-02-26T19:32:15","modified_gmt":"2023-02-26T19:32:15","slug":"libre-r3-t3-26-fevrier-2023","status":"publish","type":"page","link":"http:\/\/www.billard-club-sottevillais.com\/?page_id=13902","title":{"rendered":"Libre R3 T3 &#8211; 26 F\u00e9vrier 2023"},"content":{"rendered":"<p style=\"text-align: justify;\">R\u00e9sultats des Tournois, vous trouverez ici toutes les informations concernant les rencontres sportives auxquelles participe le Billard Club Sottevillais.<\/p>\n<p style=\"text-align: center;\"><!--more--><img loading=\"lazy\" decoding=\"async\" class=\"aligncenter size-full wp-image-59\" title=\"sport\" src=\"http:\/\/billardcf.cluster010.ovh.net\/wp-content\/uploads\/2011\/07\/sport.jpg\" alt=\"\" width=\"231\" height=\"116\" \/><\/p>\n<p style=\"text-align: justify;\">Le 3\u00e8me tour de libre R3 s&rsquo;est d\u00e9roul\u00e9 le 26 F\u00e9vrier 2023. Alain Rachet, Pascal Ippolito et Thierry Rohart jouaient au Havre dans un tour \u00e0 9 joueurs.<\/p>\n<p style=\"text-align: justify;\">Pascal finit 9\u00e8me, Thierry termine 4\u00e8me et Alain 2\u00e8me. Christian Beaugrand de Cany remporte ce tour.<\/p>\n<p style=\"text-align: center;\">\n<p style=\"text-align: left;\"><em><img loading=\"lazy\" decoding=\"async\" class=\"aligncenter size-large wp-image-13906\" src=\"http:\/\/www.billard-club-sottevillais.com\/wp-content\/uploads\/2023\/02\/Libre-R3-T3-Le-Havre-26.02.20231-724x1024.jpg\" alt=\"\" width=\"525\" height=\"743\" srcset=\"http:\/\/www.billard-club-sottevillais.com\/wp-content\/uploads\/2023\/02\/Libre-R3-T3-Le-Havre-26.02.20231-724x1024.jpg 724w, http:\/\/www.billard-club-sottevillais.com\/wp-content\/uploads\/2023\/02\/Libre-R3-T3-Le-Havre-26.02.20231-212x300.jpg 212w, http:\/\/www.billard-club-sottevillais.com\/wp-content\/uploads\/2023\/02\/Libre-R3-T3-Le-Havre-26.02.20231-768x1086.jpg 768w, http:\/\/www.billard-club-sottevillais.com\/wp-content\/uploads\/2023\/02\/Libre-R3-T3-Le-Havre-26.02.20231-1086x1536.jpg 1086w, http:\/\/www.billard-club-sottevillais.com\/wp-content\/uploads\/2023\/02\/Libre-R3-T3-Le-Havre-26.02.20231.jpg 1240w\" sizes=\"auto, (max-width: 525px) 100vw, 525px\" \/> <img loading=\"lazy\" decoding=\"async\" class=\"aligncenter size-large wp-image-13907\" src=\"http:\/\/www.billard-club-sottevillais.com\/wp-content\/uploads\/2023\/02\/Libre-R3-T3-Le-Havre-26.02.20232-724x1024.jpg\" alt=\"\" width=\"525\" height=\"743\" srcset=\"http:\/\/www.billard-club-sottevillais.com\/wp-content\/uploads\/2023\/02\/Libre-R3-T3-Le-Havre-26.02.20232-724x1024.jpg 724w, http:\/\/www.billard-club-sottevillais.com\/wp-content\/uploads\/2023\/02\/Libre-R3-T3-Le-Havre-26.02.20232-212x300.jpg 212w, http:\/\/www.billard-club-sottevillais.com\/wp-content\/uploads\/2023\/02\/Libre-R3-T3-Le-Havre-26.02.20232-768x1086.jpg 768w, http:\/\/www.billard-club-sottevillais.com\/wp-content\/uploads\/2023\/02\/Libre-R3-T3-Le-Havre-26.02.20232-1086x1536.jpg 1086w, http:\/\/www.billard-club-sottevillais.com\/wp-content\/uploads\/2023\/02\/Libre-R3-T3-Le-Havre-26.02.20232.jpg 1240w\" sizes=\"auto, (max-width: 525px) 100vw, 525px\" \/><br \/>\n<\/em><\/p>\n<h4 style=\"padding-left: 30px;\">Le pdf ici : <em><a href=\"http:\/\/www.billard-club-sottevillais.com\/wp-content\/uploads\/2023\/02\/Libre-R3-T3-Le-Havre-26.02.2023.pdf\" data-wplink-edit=\"true\">Libre R3 T3 Le Havre 26.02.2023<\/a><a href=\"http:\/\/www.billard-club-sottevillais.com\/wp-content\/uploads\/2023\/01\/Libre-R3-T2-Fecamp-08-01-2023.pdf\" target=\"_blank\" rel=\"noopener\">\u00a0<\/a><\/em><\/h4>\n","protected":false},"excerpt":{"rendered":"<p>R\u00e9sultats des Tournois, vous trouverez ici toutes les informations concernant les rencontres sportives auxquelles participe le Billard Club Sottevillais.<\/p>\n","protected":false},"author":7,"featured_media":0,"parent":0,"menu_order":0,"comment_status":"closed","ping_status":"closed","template":"","meta":{"footnotes":""},"class_list":["post-13902","page","type-page","status-publish","hentry"],"_links":{"self":[{"href":"http:\/\/www.billard-club-sottevillais.com\/index.php?rest_route=\/wp\/v2\/pages\/13902","targetHints":{"allow":["GET"]}}],"collection":[{"href":"http:\/\/www.billard-club-sottevillais.com\/index.php?rest_route=\/wp\/v2\/pages"}],"about":[{"href":"http:\/\/www.billard-club-sottevillais.com\/index.php?rest_route=\/wp\/v2\/types\/page"}],"author":[{"embeddable":true,"href":"http:\/\/www.billard-club-sottevillais.com\/index.php?rest_route=\/wp\/v2\/users\/7"}],"replies":[{"embeddable":true,"href":"http:\/\/www.billard-club-sottevillais.com\/index.php?rest_route=%2Fwp%2Fv2%2Fcomments&post=13902"}],"version-history":[{"count":1,"href":"http:\/\/www.billard-club-sottevillais.com\/index.php?rest_route=\/wp\/v2\/pages\/13902\/revisions"}],"predecessor-version":[{"id":13909,"href":"http:\/\/www.billard-club-sottevillais.com\/index.php?rest_route=\/wp\/v2\/pages\/13902\/revisions\/13909"}],"wp:attachment":[{"href":"http:\/\/www.billard-club-sottevillais.com\/index.php?rest_route=%2Fwp%2Fv2%2Fmedia&parent=13902"}],"curies":[{"name":"wp","href":"https:\/\/api.w.org\/{rel}","templated":true}]}}