{"id":13897,"date":"2023-02-26T19:23:02","date_gmt":"2023-02-26T19:23:02","guid":{"rendered":"http:\/\/www.billard-club-sottevillais.com\/?page_id=13897"},"modified":"2023-02-26T19:39:48","modified_gmt":"2023-02-26T19:39:48","slug":"libre-r4-t3-26-fevrier-2023","status":"publish","type":"page","link":"http:\/\/www.billard-club-sottevillais.com\/?page_id=13897","title":{"rendered":"Libre R4 T3 &#8211; 26 F\u00e9vrier 2023"},"content":{"rendered":"<p style=\"text-align: justify;\">R\u00e9sultats des Tournois, vous trouverez ici toutes les informations concernant les rencontres sportives auxquelles participe le Billard Club Sottevillais.<\/p>\n<p style=\"text-align: center;\"><!--more--><img loading=\"lazy\" decoding=\"async\" class=\"aligncenter size-full wp-image-59\" title=\"sport\" src=\"http:\/\/billardcf.cluster010.ovh.net\/wp-content\/uploads\/2011\/07\/sport.jpg\" alt=\"\" width=\"231\" height=\"116\" \/><\/p>\n<p style=\"text-align: justify;\">Le 3\u00e8me tour de libre R4 s&rsquo;est d\u00e9roul\u00e9 le 26 F\u00e9vrier 2023 \u00e0 Sotteville-l\u00e8s-Rouen. S\u00e9bastien Hid\u00e9e, Xavier Sauvage, Michel Guillaume et Serge Petit participaient \u00e0 ce tour dans une poule de 12 joueurs.<\/p>\n<p style=\"text-align: justify;\">S\u00e9bastien finit 10\u00e8me, Michel 6\u00e8me, Serge finit 4\u00e8me et Xavier 2\u00e8me. Fran\u00e7ois Champ de Rouen termine 1er.<\/p>\n<p><img loading=\"lazy\" decoding=\"async\" class=\"aligncenter size-large wp-image-13898\" src=\"http:\/\/www.billard-club-sottevillais.com\/wp-content\/uploads\/2023\/02\/Libre-R4-T3-Sotteville-26.02.20231-724x1024.jpg\" alt=\"\" width=\"525\" height=\"743\" srcset=\"http:\/\/www.billard-club-sottevillais.com\/wp-content\/uploads\/2023\/02\/Libre-R4-T3-Sotteville-26.02.20231-724x1024.jpg 724w, http:\/\/www.billard-club-sottevillais.com\/wp-content\/uploads\/2023\/02\/Libre-R4-T3-Sotteville-26.02.20231-212x300.jpg 212w, http:\/\/www.billard-club-sottevillais.com\/wp-content\/uploads\/2023\/02\/Libre-R4-T3-Sotteville-26.02.20231-768x1086.jpg 768w, http:\/\/www.billard-club-sottevillais.com\/wp-content\/uploads\/2023\/02\/Libre-R4-T3-Sotteville-26.02.20231-1086x1536.jpg 1086w, http:\/\/www.billard-club-sottevillais.com\/wp-content\/uploads\/2023\/02\/Libre-R4-T3-Sotteville-26.02.20231.jpg 1240w\" sizes=\"auto, (max-width: 525px) 100vw, 525px\" \/> <img loading=\"lazy\" decoding=\"async\" class=\"aligncenter size-large wp-image-13899\" src=\"http:\/\/www.billard-club-sottevillais.com\/wp-content\/uploads\/2023\/02\/Libre-R4-T3-Sotteville-26.02.20232-724x1024.jpg\" alt=\"\" width=\"525\" height=\"743\" srcset=\"http:\/\/www.billard-club-sottevillais.com\/wp-content\/uploads\/2023\/02\/Libre-R4-T3-Sotteville-26.02.20232-724x1024.jpg 724w, http:\/\/www.billard-club-sottevillais.com\/wp-content\/uploads\/2023\/02\/Libre-R4-T3-Sotteville-26.02.20232-212x300.jpg 212w, http:\/\/www.billard-club-sottevillais.com\/wp-content\/uploads\/2023\/02\/Libre-R4-T3-Sotteville-26.02.20232-768x1086.jpg 768w, http:\/\/www.billard-club-sottevillais.com\/wp-content\/uploads\/2023\/02\/Libre-R4-T3-Sotteville-26.02.20232-1086x1536.jpg 1086w, http:\/\/www.billard-club-sottevillais.com\/wp-content\/uploads\/2023\/02\/Libre-R4-T3-Sotteville-26.02.20232.jpg 1240w\" sizes=\"auto, (max-width: 525px) 100vw, 525px\" \/><\/p>\n<h4 style=\"padding-left: 30px;\">Le pdf ici :\u00a0<a href=\"http:\/\/www.billard-club-sottevillais.com\/wp-content\/uploads\/2023\/02\/Libre-R4-T3-Sotteville-26.02.2023.pdf\" data-wplink-edit=\"true\">Libre R4 T3 Sotteville 26.02.2023<\/a><\/h4>\n","protected":false},"excerpt":{"rendered":"<p>R\u00e9sultats des Tournois, vous trouverez ici toutes les informations concernant les rencontres sportives auxquelles participe le Billard Club Sottevillais.<\/p>\n","protected":false},"author":7,"featured_media":0,"parent":0,"menu_order":0,"comment_status":"closed","ping_status":"closed","template":"","meta":{"footnotes":""},"class_list":["post-13897","page","type-page","status-publish","hentry"],"_links":{"self":[{"href":"http:\/\/www.billard-club-sottevillais.com\/index.php?rest_route=\/wp\/v2\/pages\/13897","targetHints":{"allow":["GET"]}}],"collection":[{"href":"http:\/\/www.billard-club-sottevillais.com\/index.php?rest_route=\/wp\/v2\/pages"}],"about":[{"href":"http:\/\/www.billard-club-sottevillais.com\/index.php?rest_route=\/wp\/v2\/types\/page"}],"author":[{"embeddable":true,"href":"http:\/\/www.billard-club-sottevillais.com\/index.php?rest_route=\/wp\/v2\/users\/7"}],"replies":[{"embeddable":true,"href":"http:\/\/www.billard-club-sottevillais.com\/index.php?rest_route=%2Fwp%2Fv2%2Fcomments&post=13897"}],"version-history":[{"count":3,"href":"http:\/\/www.billard-club-sottevillais.com\/index.php?rest_route=\/wp\/v2\/pages\/13897\/revisions"}],"predecessor-version":[{"id":13915,"href":"http:\/\/www.billard-club-sottevillais.com\/index.php?rest_route=\/wp\/v2\/pages\/13897\/revisions\/13915"}],"wp:attachment":[{"href":"http:\/\/www.billard-club-sottevillais.com\/index.php?rest_route=%2Fwp%2Fv2%2Fmedia&parent=13897"}],"curies":[{"name":"wp","href":"https:\/\/api.w.org\/{rel}","templated":true}]}}