{"id":13834,"date":"2023-02-05T18:11:57","date_gmt":"2023-02-05T18:11:57","guid":{"rendered":"http:\/\/www.billard-club-sottevillais.com\/?page_id=13834"},"modified":"2023-02-05T18:11:57","modified_gmt":"2023-02-05T18:11:57","slug":"cadre-n3-t3-5-fevrier-2023","status":"publish","type":"page","link":"http:\/\/www.billard-club-sottevillais.com\/?page_id=13834","title":{"rendered":"CADRE N3 T3 &#8211; 5 F\u00e9vrier 2023"},"content":{"rendered":"<p>R\u00e9sultats des Tournois, vous trouverez ici toutes les informations concernant les rencontres sportives auxquelles participe le Billard Club Sottevillais.<\/p>\n<p style=\"text-align: center;\"><!--more--><img loading=\"lazy\" decoding=\"async\" class=\"aligncenter size-full wp-image-59\" title=\"sport\" src=\"http:\/\/billardcf.cluster010.ovh.net\/wp-content\/uploads\/2011\/07\/sport.jpg\" alt=\"\" width=\"231\" height=\"116\" \/><\/p>\n<p style=\"text-align: justify;\">Le 2\u00e8me tour de cadre 42\/2 N3 s&rsquo;est d\u00e9roul\u00e9 le 5 f\u00e9vrier 2023 \u00e0 La Saussaye. Jacques Alexandre repr\u00e9sentait le BCS.<\/p>\n<p style=\"text-align: justify;\">Jacques prend la 5\u00e8me place. Ga\u00ebl Guyader D\u2019\u00c9vreux termine 1er.<\/p>\n<p style=\"text-align: center;\"><img loading=\"lazy\" decoding=\"async\" class=\"aligncenter size-large wp-image-13846\" src=\"http:\/\/www.billard-club-sottevillais.com\/wp-content\/uploads\/2023\/02\/Cadre-T3-N3-La-Saussaye-5-2-2023-724x1024.jpg\" alt=\"\" width=\"525\" height=\"743\" srcset=\"http:\/\/www.billard-club-sottevillais.com\/wp-content\/uploads\/2023\/02\/Cadre-T3-N3-La-Saussaye-5-2-2023-724x1024.jpg 724w, http:\/\/www.billard-club-sottevillais.com\/wp-content\/uploads\/2023\/02\/Cadre-T3-N3-La-Saussaye-5-2-2023-212x300.jpg 212w, http:\/\/www.billard-club-sottevillais.com\/wp-content\/uploads\/2023\/02\/Cadre-T3-N3-La-Saussaye-5-2-2023-768x1086.jpg 768w, http:\/\/www.billard-club-sottevillais.com\/wp-content\/uploads\/2023\/02\/Cadre-T3-N3-La-Saussaye-5-2-2023-1086x1536.jpg 1086w, http:\/\/www.billard-club-sottevillais.com\/wp-content\/uploads\/2023\/02\/Cadre-T3-N3-La-Saussaye-5-2-2023.jpg 1240w\" sizes=\"auto, (max-width: 525px) 100vw, 525px\" \/><\/p>\n<h4 style=\"padding-left: 30px;\">Le pdf ici : <a href=\"http:\/\/www.billard-club-sottevillais.com\/wp-content\/uploads\/2023\/02\/Cadre-T3-N3-La-Saussaye-5-2-2023.pdf\">Cadre T3 N3 La Saussaye 5-2-2023<\/a><\/h4>\n<h4 style=\"padding-left: 30px;\"><\/h4>\n","protected":false},"excerpt":{"rendered":"<p>R\u00e9sultats des Tournois, vous trouverez ici toutes les informations concernant les rencontres sportives auxquelles participe le Billard Club Sottevillais.<\/p>\n","protected":false},"author":7,"featured_media":0,"parent":0,"menu_order":0,"comment_status":"closed","ping_status":"closed","template":"","meta":{"footnotes":""},"class_list":["post-13834","page","type-page","status-publish","hentry"],"_links":{"self":[{"href":"http:\/\/www.billard-club-sottevillais.com\/index.php?rest_route=\/wp\/v2\/pages\/13834","targetHints":{"allow":["GET"]}}],"collection":[{"href":"http:\/\/www.billard-club-sottevillais.com\/index.php?rest_route=\/wp\/v2\/pages"}],"about":[{"href":"http:\/\/www.billard-club-sottevillais.com\/index.php?rest_route=\/wp\/v2\/types\/page"}],"author":[{"embeddable":true,"href":"http:\/\/www.billard-club-sottevillais.com\/index.php?rest_route=\/wp\/v2\/users\/7"}],"replies":[{"embeddable":true,"href":"http:\/\/www.billard-club-sottevillais.com\/index.php?rest_route=%2Fwp%2Fv2%2Fcomments&post=13834"}],"version-history":[{"count":3,"href":"http:\/\/www.billard-club-sottevillais.com\/index.php?rest_route=\/wp\/v2\/pages\/13834\/revisions"}],"predecessor-version":[{"id":13848,"href":"http:\/\/www.billard-club-sottevillais.com\/index.php?rest_route=\/wp\/v2\/pages\/13834\/revisions\/13848"}],"wp:attachment":[{"href":"http:\/\/www.billard-club-sottevillais.com\/index.php?rest_route=%2Fwp%2Fv2%2Fmedia&parent=13834"}],"curies":[{"name":"wp","href":"https:\/\/api.w.org\/{rel}","templated":true}]}}