{"id":13809,"date":"2023-01-17T22:36:22","date_gmt":"2023-01-17T22:36:22","guid":{"rendered":"http:\/\/www.billard-club-sottevillais.com\/?page_id=13809"},"modified":"2023-01-17T22:36:22","modified_gmt":"2023-01-17T22:36:22","slug":"equipe-d5-17-janvier-2023","status":"publish","type":"page","link":"http:\/\/www.billard-club-sottevillais.com\/?page_id=13809","title":{"rendered":"Equipe D5 &#8211; 17 Janvier 2023"},"content":{"rendered":"<p style=\"text-align: justify;\">R\u00e9sultats des Tournois, vous trouverez ici toutes les informations concernant les rencontres sportives auxquelles participe le Billard Club Sottevillais.<\/p>\n<p style=\"text-align: center;\"><!--more--><img loading=\"lazy\" decoding=\"async\" class=\"aligncenter size-full wp-image-59\" title=\"sport\" src=\"http:\/\/billardcf.cluster010.ovh.net\/wp-content\/uploads\/2011\/07\/sport.jpg\" alt=\"\" width=\"231\" height=\"116\" \/><\/p>\n<p style=\"text-align: justify;\">Le 17 Janvier 2023, l&rsquo;\u00e9quipe D5 du BCS compos\u00e9e de Christian Sandt, Dominique Gueroult et Jan Moree recevait Cany-Barville. Les sottevillais s&rsquo;impose 16 \u00e0 2.<\/p>\n<p><img loading=\"lazy\" decoding=\"async\" class=\"aligncenter size-large wp-image-13812\" src=\"http:\/\/www.billard-club-sottevillais.com\/wp-content\/uploads\/2023\/01\/PL-D5-Sotteville-B-Cany-C-17-janvier-2023-724x1024.jpg\" alt=\"\" width=\"525\" height=\"743\" srcset=\"http:\/\/www.billard-club-sottevillais.com\/wp-content\/uploads\/2023\/01\/PL-D5-Sotteville-B-Cany-C-17-janvier-2023-724x1024.jpg 724w, http:\/\/www.billard-club-sottevillais.com\/wp-content\/uploads\/2023\/01\/PL-D5-Sotteville-B-Cany-C-17-janvier-2023-212x300.jpg 212w, http:\/\/www.billard-club-sottevillais.com\/wp-content\/uploads\/2023\/01\/PL-D5-Sotteville-B-Cany-C-17-janvier-2023-768x1086.jpg 768w, http:\/\/www.billard-club-sottevillais.com\/wp-content\/uploads\/2023\/01\/PL-D5-Sotteville-B-Cany-C-17-janvier-2023-1086x1536.jpg 1086w, http:\/\/www.billard-club-sottevillais.com\/wp-content\/uploads\/2023\/01\/PL-D5-Sotteville-B-Cany-C-17-janvier-2023.jpg 1240w\" sizes=\"auto, (max-width: 525px) 100vw, 525px\" \/><\/p>\n<p style=\"text-align: left;\"><strong>Le pdf ici :<\/strong> <a href=\"http:\/\/www.billard-club-sottevillais.com\/wp-content\/uploads\/2023\/01\/PL-D5-Sotteville-B-Cany-C-17-janvier-2023.pdf\" target=\"_blank\" rel=\"noopener\">PL D5 Sotteville B &#8211; Cany C 17 janvier 2023<\/a><\/p>\n\n\n<p><\/p>\n","protected":false},"excerpt":{"rendered":"<p>R\u00e9sultats des Tournois, vous trouverez ici toutes les informations concernant les rencontres sportives auxquelles participe le Billard Club Sottevillais.<\/p>\n","protected":false},"author":7,"featured_media":0,"parent":0,"menu_order":0,"comment_status":"closed","ping_status":"closed","template":"","meta":{"footnotes":""},"class_list":["post-13809","page","type-page","status-publish","hentry"],"_links":{"self":[{"href":"http:\/\/www.billard-club-sottevillais.com\/index.php?rest_route=\/wp\/v2\/pages\/13809","targetHints":{"allow":["GET"]}}],"collection":[{"href":"http:\/\/www.billard-club-sottevillais.com\/index.php?rest_route=\/wp\/v2\/pages"}],"about":[{"href":"http:\/\/www.billard-club-sottevillais.com\/index.php?rest_route=\/wp\/v2\/types\/page"}],"author":[{"embeddable":true,"href":"http:\/\/www.billard-club-sottevillais.com\/index.php?rest_route=\/wp\/v2\/users\/7"}],"replies":[{"embeddable":true,"href":"http:\/\/www.billard-club-sottevillais.com\/index.php?rest_route=%2Fwp%2Fv2%2Fcomments&post=13809"}],"version-history":[{"count":3,"href":"http:\/\/www.billard-club-sottevillais.com\/index.php?rest_route=\/wp\/v2\/pages\/13809\/revisions"}],"predecessor-version":[{"id":13814,"href":"http:\/\/www.billard-club-sottevillais.com\/index.php?rest_route=\/wp\/v2\/pages\/13809\/revisions\/13814"}],"wp:attachment":[{"href":"http:\/\/www.billard-club-sottevillais.com\/index.php?rest_route=%2Fwp%2Fv2%2Fmedia&parent=13809"}],"curies":[{"name":"wp","href":"https:\/\/api.w.org\/{rel}","templated":true}]}}