{"id":13723,"date":"2023-01-08T18:54:21","date_gmt":"2023-01-08T18:54:21","guid":{"rendered":"http:\/\/www.billard-club-sottevillais.com\/?page_id=13723"},"modified":"2023-01-09T19:36:54","modified_gmt":"2023-01-09T19:36:54","slug":"libre-r4-t2-08-janvier-2023","status":"publish","type":"page","link":"http:\/\/www.billard-club-sottevillais.com\/?page_id=13723","title":{"rendered":"Libre R4 T2 &#8211; 08 Janvier 2023"},"content":{"rendered":"<p style=\"text-align: justify;\">R\u00e9sultats des Tournois, vous trouverez ici toutes les informations concernant les rencontres sportives auxquelles participe le Billard Club Sottevillais.<\/p>\n<p style=\"text-align: center;\"><!--more--><img loading=\"lazy\" decoding=\"async\" class=\"aligncenter size-full wp-image-59\" title=\"sport\" src=\"http:\/\/billardcf.cluster010.ovh.net\/wp-content\/uploads\/2011\/07\/sport.jpg\" alt=\"\" width=\"231\" height=\"116\" \/><\/p>\n<p style=\"text-align: justify;\">Le 2\u00e8me tour de libre R4 s&rsquo;est d\u00e9roul\u00e9 le 08 Janvier 2023 \u00e0 St Nicolas d&rsquo;Aliermont et \u00e0 Cany-Barville. S\u00e9bastien Hid\u00e9e et Xavier Sauvage\u00a0 \u00e9taient \u00e0 St Nicolas d&rsquo;Aliermont pour un tour \u00e0 9 joueurs. Dans le m\u00eame temps, Michel Guillaume et Serge Petit repr\u00e9sentait le BCS \u00e0 Cany-Barville dans un tour \u00e0 6 joueurs.<\/p>\n<p>A Cany-Barville, Serge finit 3\u00e8me et Michel 2\u00e8me. Gilbert Bauder de Cany remporte ce tour.<\/p>\n<p style=\"text-align: justify;\">A St Nicolas d&rsquo;Aliermont, S\u00e9bastien finit 9\u00e8me et Xavier 5\u00e8me. Cedric Chevalier de Rouen termine 1er.<\/p>\n<p><em>A Cany-Barville,<\/em><\/p>\n<p><img loading=\"lazy\" decoding=\"async\" class=\"aligncenter wp-image-13736\" src=\"http:\/\/www.billard-club-sottevillais.com\/wp-content\/uploads\/2023\/01\/Libre-R4-T2-Cany-08-01-2023-1024x724.jpg\" alt=\"\" width=\"850\" height=\"601\" srcset=\"http:\/\/www.billard-club-sottevillais.com\/wp-content\/uploads\/2023\/01\/Libre-R4-T2-Cany-08-01-2023-1024x724.jpg 1024w, http:\/\/www.billard-club-sottevillais.com\/wp-content\/uploads\/2023\/01\/Libre-R4-T2-Cany-08-01-2023-300x212.jpg 300w, http:\/\/www.billard-club-sottevillais.com\/wp-content\/uploads\/2023\/01\/Libre-R4-T2-Cany-08-01-2023-768x543.jpg 768w, http:\/\/www.billard-club-sottevillais.com\/wp-content\/uploads\/2023\/01\/Libre-R4-T2-Cany-08-01-2023-1536x1086.jpg 1536w, http:\/\/www.billard-club-sottevillais.com\/wp-content\/uploads\/2023\/01\/Libre-R4-T2-Cany-08-01-2023-rotated.jpg 1754w\" sizes=\"auto, (max-width: 706px) 89vw, (max-width: 767px) 82vw, 740px\" \/><\/p>\n<p>A St Nicolas d&rsquo;Aliermont,<\/p>\n<p><img loading=\"lazy\" decoding=\"async\" class=\"aligncenter size-large wp-image-13745\" src=\"http:\/\/www.billard-club-sottevillais.com\/wp-content\/uploads\/2023\/01\/Libre-R4-T2-St-Nicolas-8-01-20231-724x1024.jpg\" alt=\"\" width=\"525\" height=\"743\" srcset=\"http:\/\/www.billard-club-sottevillais.com\/wp-content\/uploads\/2023\/01\/Libre-R4-T2-St-Nicolas-8-01-20231-724x1024.jpg 724w, http:\/\/www.billard-club-sottevillais.com\/wp-content\/uploads\/2023\/01\/Libre-R4-T2-St-Nicolas-8-01-20231-212x300.jpg 212w, http:\/\/www.billard-club-sottevillais.com\/wp-content\/uploads\/2023\/01\/Libre-R4-T2-St-Nicolas-8-01-20231-768x1086.jpg 768w, http:\/\/www.billard-club-sottevillais.com\/wp-content\/uploads\/2023\/01\/Libre-R4-T2-St-Nicolas-8-01-20231-1086x1536.jpg 1086w, http:\/\/www.billard-club-sottevillais.com\/wp-content\/uploads\/2023\/01\/Libre-R4-T2-St-Nicolas-8-01-20231.jpg 1240w\" sizes=\"auto, (max-width: 525px) 100vw, 525px\" \/> <img loading=\"lazy\" decoding=\"async\" class=\"aligncenter size-large wp-image-13746\" src=\"http:\/\/www.billard-club-sottevillais.com\/wp-content\/uploads\/2023\/01\/Libre-R4-T2-St-Nicolas-8-01-20232-724x1024.jpg\" alt=\"\" width=\"525\" height=\"743\" srcset=\"http:\/\/www.billard-club-sottevillais.com\/wp-content\/uploads\/2023\/01\/Libre-R4-T2-St-Nicolas-8-01-20232-724x1024.jpg 724w, http:\/\/www.billard-club-sottevillais.com\/wp-content\/uploads\/2023\/01\/Libre-R4-T2-St-Nicolas-8-01-20232-212x300.jpg 212w, http:\/\/www.billard-club-sottevillais.com\/wp-content\/uploads\/2023\/01\/Libre-R4-T2-St-Nicolas-8-01-20232-768x1086.jpg 768w, http:\/\/www.billard-club-sottevillais.com\/wp-content\/uploads\/2023\/01\/Libre-R4-T2-St-Nicolas-8-01-20232-1086x1536.jpg 1086w, http:\/\/www.billard-club-sottevillais.com\/wp-content\/uploads\/2023\/01\/Libre-R4-T2-St-Nicolas-8-01-20232.jpg 1240w\" sizes=\"auto, (max-width: 525px) 100vw, 525px\" \/><\/p>\n<h4 style=\"padding-left: 30px;\">Le pdf ici : <a href=\"http:\/\/www.billard-club-sottevillais.com\/wp-content\/uploads\/2023\/01\/Libre-R4-T2-Cany-08-01-2023.pdf\" target=\"_blank\" rel=\"noopener\">Libre R4 T2 Cany 08-01-2023<\/a><\/h4>\n<h4 style=\"padding-left: 30px;\">Le pdf ici :<a href=\"http:\/\/www.billard-club-sottevillais.com\/wp-content\/uploads\/2023\/01\/Libre-R4-T2-St-Nicolas-8-01-2023.pdf\" target=\"_blank\" rel=\"noopener\">Libre R4 T2 St Nicolas 8-01-2023<\/a><\/h4>\n","protected":false},"excerpt":{"rendered":"<p>R\u00e9sultats des Tournois, vous trouverez ici toutes les informations concernant les rencontres sportives auxquelles participe le Billard Club Sottevillais.<\/p>\n","protected":false},"author":7,"featured_media":0,"parent":0,"menu_order":0,"comment_status":"closed","ping_status":"closed","template":"","meta":{"footnotes":""},"class_list":["post-13723","page","type-page","status-publish","hentry"],"_links":{"self":[{"href":"http:\/\/www.billard-club-sottevillais.com\/index.php?rest_route=\/wp\/v2\/pages\/13723","targetHints":{"allow":["GET"]}}],"collection":[{"href":"http:\/\/www.billard-club-sottevillais.com\/index.php?rest_route=\/wp\/v2\/pages"}],"about":[{"href":"http:\/\/www.billard-club-sottevillais.com\/index.php?rest_route=\/wp\/v2\/types\/page"}],"author":[{"embeddable":true,"href":"http:\/\/www.billard-club-sottevillais.com\/index.php?rest_route=\/wp\/v2\/users\/7"}],"replies":[{"embeddable":true,"href":"http:\/\/www.billard-club-sottevillais.com\/index.php?rest_route=%2Fwp%2Fv2%2Fcomments&post=13723"}],"version-history":[{"count":3,"href":"http:\/\/www.billard-club-sottevillais.com\/index.php?rest_route=\/wp\/v2\/pages\/13723\/revisions"}],"predecessor-version":[{"id":13749,"href":"http:\/\/www.billard-club-sottevillais.com\/index.php?rest_route=\/wp\/v2\/pages\/13723\/revisions\/13749"}],"wp:attachment":[{"href":"http:\/\/www.billard-club-sottevillais.com\/index.php?rest_route=%2Fwp%2Fv2%2Fmedia&parent=13723"}],"curies":[{"name":"wp","href":"https:\/\/api.w.org\/{rel}","templated":true}]}}