{"id":13672,"date":"2022-12-07T20:00:31","date_gmt":"2022-12-07T20:00:31","guid":{"rendered":"http:\/\/www.billard-club-sottevillais.com\/?page_id=13672"},"modified":"2022-12-07T20:00:31","modified_gmt":"2022-12-07T20:00:31","slug":"equipe-d5-06-decembre-2022","status":"publish","type":"page","link":"http:\/\/www.billard-club-sottevillais.com\/?page_id=13672","title":{"rendered":"Equipe D5 &#8211; 06 D\u00e9cembre 2022"},"content":{"rendered":"<p style=\"text-align: justify;\">R\u00e9sultats des Tournois, vous trouverez ici toutes les informations concernant les rencontres sportives auxquelles participe le Billard Club Sottevillais.<\/p>\n<p style=\"text-align: center;\"><!--more--><img loading=\"lazy\" decoding=\"async\" class=\"aligncenter size-full wp-image-59\" title=\"sport\" src=\"http:\/\/billardcf.cluster010.ovh.net\/wp-content\/uploads\/2011\/07\/sport.jpg\" alt=\"\" width=\"231\" height=\"116\" \/><\/p>\n<p style=\"text-align: justify;\">Le 6 D\u00e9cembre 2022, l&rsquo;\u00e9quipe D5 du BCS compos\u00e9e de Christian Sandt, Dominique Gueroult et Jan Moree se rendait \u00e0 Cormelles-le-Royal. Les sottevillais s&rsquo;impose 12 \u00e0 6.<\/p>\n<p><img loading=\"lazy\" decoding=\"async\" class=\"aligncenter size-large wp-image-13673\" src=\"http:\/\/www.billard-club-sottevillais.com\/wp-content\/uploads\/2022\/12\/PL-D5-Cormelles-D-Sottevilles-B-724x1024.jpg\" alt=\"\" width=\"525\" height=\"743\" srcset=\"http:\/\/www.billard-club-sottevillais.com\/wp-content\/uploads\/2022\/12\/PL-D5-Cormelles-D-Sottevilles-B-724x1024.jpg 724w, http:\/\/www.billard-club-sottevillais.com\/wp-content\/uploads\/2022\/12\/PL-D5-Cormelles-D-Sottevilles-B-212x300.jpg 212w, http:\/\/www.billard-club-sottevillais.com\/wp-content\/uploads\/2022\/12\/PL-D5-Cormelles-D-Sottevilles-B-768x1086.jpg 768w, http:\/\/www.billard-club-sottevillais.com\/wp-content\/uploads\/2022\/12\/PL-D5-Cormelles-D-Sottevilles-B-1086x1536.jpg 1086w, http:\/\/www.billard-club-sottevillais.com\/wp-content\/uploads\/2022\/12\/PL-D5-Cormelles-D-Sottevilles-B.jpg 1240w\" sizes=\"auto, (max-width: 525px) 100vw, 525px\" \/><\/p>\n<p style=\"text-align: left;\"><strong>Le pdf ici :<\/strong> <a href=\"http:\/\/www.billard-club-sottevillais.com\/wp-content\/uploads\/2022\/12\/PL-D5-Cormelles-D-Sottevilles-B.pdf\" target=\"_blank\" rel=\"noopener\">PL D5 Cormelles D &#8211; Sottevilles B<\/a><\/p>\n\n\n<p><\/p>\n","protected":false},"excerpt":{"rendered":"<p>R\u00e9sultats des Tournois, vous trouverez ici toutes les informations concernant les rencontres sportives auxquelles participe le Billard Club Sottevillais.<\/p>\n","protected":false},"author":7,"featured_media":0,"parent":0,"menu_order":0,"comment_status":"closed","ping_status":"closed","template":"","meta":{"footnotes":""},"class_list":["post-13672","page","type-page","status-publish","hentry"],"_links":{"self":[{"href":"http:\/\/www.billard-club-sottevillais.com\/index.php?rest_route=\/wp\/v2\/pages\/13672","targetHints":{"allow":["GET"]}}],"collection":[{"href":"http:\/\/www.billard-club-sottevillais.com\/index.php?rest_route=\/wp\/v2\/pages"}],"about":[{"href":"http:\/\/www.billard-club-sottevillais.com\/index.php?rest_route=\/wp\/v2\/types\/page"}],"author":[{"embeddable":true,"href":"http:\/\/www.billard-club-sottevillais.com\/index.php?rest_route=\/wp\/v2\/users\/7"}],"replies":[{"embeddable":true,"href":"http:\/\/www.billard-club-sottevillais.com\/index.php?rest_route=%2Fwp%2Fv2%2Fcomments&post=13672"}],"version-history":[{"count":1,"href":"http:\/\/www.billard-club-sottevillais.com\/index.php?rest_route=\/wp\/v2\/pages\/13672\/revisions"}],"predecessor-version":[{"id":13675,"href":"http:\/\/www.billard-club-sottevillais.com\/index.php?rest_route=\/wp\/v2\/pages\/13672\/revisions\/13675"}],"wp:attachment":[{"href":"http:\/\/www.billard-club-sottevillais.com\/index.php?rest_route=%2Fwp%2Fv2%2Fmedia&parent=13672"}],"curies":[{"name":"wp","href":"https:\/\/api.w.org\/{rel}","templated":true}]}}