{"id":13660,"date":"2022-12-04T17:35:42","date_gmt":"2022-12-04T17:35:42","guid":{"rendered":"http:\/\/www.billard-club-sottevillais.com\/?page_id=13660"},"modified":"2022-12-04T17:35:42","modified_gmt":"2022-12-04T17:35:42","slug":"3-bandes-par-equipe-d4-3-decembre-2022","status":"publish","type":"page","link":"http:\/\/www.billard-club-sottevillais.com\/?page_id=13660","title":{"rendered":"3 Bandes par \u00e9quipe D4 &#8211; 3 D\u00e9cembre 2022"},"content":{"rendered":"<p style=\"text-align: justify;\">R\u00e9sultats des Tournois, vous trouverez ici toutes les informations concernant les rencontres sportives auxquelles participe le Billard Club Sottevillais.<\/p>\n<p style=\"text-align: center;\"><!--more--><img loading=\"lazy\" decoding=\"async\" class=\"aligncenter size-full wp-image-59\" title=\"sport\" src=\"http:\/\/billardcf.cluster010.ovh.net\/wp-content\/uploads\/2011\/07\/sport.jpg\" alt=\"\" width=\"231\" height=\"116\" \/><\/p>\n<p>\u00a0<\/p>\n<p style=\"text-align: justify;\">Le 03 D\u00e9cembre 2022, notre \u00e9quipe de 3 Bandes par \u00e9quipe D4 compos\u00e9e de Chistian Ponthieux, Raymond Faisant et Philippe Lebourgeois recevait Bernay pour une rencontre aller\/retour.<\/p>\n<p style=\"text-align: justify;\">L&rsquo;\u00e9quipe de Sotteville perd son match aller 6-0 et le match retour 4-2.<\/p>\n<p style=\"text-align: center;\"><img loading=\"lazy\" decoding=\"async\" class=\"aligncenter wp-image-13663\" src=\"http:\/\/www.billard-club-sottevillais.com\/wp-content\/uploads\/2022\/12\/3B-D4-Equipe-3.12.2022-aller-1024x724.jpg\" alt=\"\" width=\"750\" height=\"530\" srcset=\"http:\/\/www.billard-club-sottevillais.com\/wp-content\/uploads\/2022\/12\/3B-D4-Equipe-3.12.2022-aller-1024x724.jpg 1024w, http:\/\/www.billard-club-sottevillais.com\/wp-content\/uploads\/2022\/12\/3B-D4-Equipe-3.12.2022-aller-300x212.jpg 300w, http:\/\/www.billard-club-sottevillais.com\/wp-content\/uploads\/2022\/12\/3B-D4-Equipe-3.12.2022-aller-768x543.jpg 768w, http:\/\/www.billard-club-sottevillais.com\/wp-content\/uploads\/2022\/12\/3B-D4-Equipe-3.12.2022-aller-1536x1086.jpg 1536w, http:\/\/www.billard-club-sottevillais.com\/wp-content\/uploads\/2022\/12\/3B-D4-Equipe-3.12.2022-aller-rotated.jpg 1754w\" sizes=\"auto, (max-width: 706px) 89vw, (max-width: 767px) 82vw, 740px\" \/><\/p>\n<h4 style=\"padding-left: 30px;\">Le pdf ici : <a href=\"http:\/\/www.billard-club-sottevillais.com\/wp-content\/uploads\/2022\/12\/3B-D4-Equipe-3.12.2022-aller.pdf\" target=\"_blank\" rel=\"noopener\">3B D4 Equipe 3.12.2022 aller<\/a><\/h4>\n<p style=\"text-align: center;\">\u00a0<\/p>\n<h4 style=\"padding-left: 30px;\"><img loading=\"lazy\" decoding=\"async\" class=\"aligncenter wp-image-13661\" src=\"http:\/\/www.billard-club-sottevillais.com\/wp-content\/uploads\/2022\/12\/3B-D4-Equipe-3.12.2022-retour-1024x724.jpg\" alt=\"\" width=\"750\" height=\"530\" srcset=\"http:\/\/www.billard-club-sottevillais.com\/wp-content\/uploads\/2022\/12\/3B-D4-Equipe-3.12.2022-retour-1024x724.jpg 1024w, http:\/\/www.billard-club-sottevillais.com\/wp-content\/uploads\/2022\/12\/3B-D4-Equipe-3.12.2022-retour-300x212.jpg 300w, http:\/\/www.billard-club-sottevillais.com\/wp-content\/uploads\/2022\/12\/3B-D4-Equipe-3.12.2022-retour-768x543.jpg 768w, http:\/\/www.billard-club-sottevillais.com\/wp-content\/uploads\/2022\/12\/3B-D4-Equipe-3.12.2022-retour-1536x1086.jpg 1536w, http:\/\/www.billard-club-sottevillais.com\/wp-content\/uploads\/2022\/12\/3B-D4-Equipe-3.12.2022-retour-rotated.jpg 1754w\" sizes=\"auto, (max-width: 706px) 89vw, (max-width: 767px) 82vw, 740px\" \/><\/h4>\n<h4 style=\"padding-left: 30px;\">Le pdf ici : <a href=\"http:\/\/www.billard-club-sottevillais.com\/wp-content\/uploads\/2022\/12\/3B-D4-Equipe-3.12.2022-retour.pdf\" target=\"_blank\" rel=\"noopener\">3B D4 Equipe 3.12.2022 retour<\/a><\/h4>\n\n\n<p><\/p>\n","protected":false},"excerpt":{"rendered":"<p>R\u00e9sultats des Tournois, vous trouverez ici toutes les informations concernant les rencontres sportives auxquelles participe le Billard Club Sottevillais.<\/p>\n","protected":false},"author":7,"featured_media":0,"parent":0,"menu_order":0,"comment_status":"closed","ping_status":"closed","template":"","meta":{"footnotes":""},"class_list":["post-13660","page","type-page","status-publish","hentry"],"_links":{"self":[{"href":"http:\/\/www.billard-club-sottevillais.com\/index.php?rest_route=\/wp\/v2\/pages\/13660","targetHints":{"allow":["GET"]}}],"collection":[{"href":"http:\/\/www.billard-club-sottevillais.com\/index.php?rest_route=\/wp\/v2\/pages"}],"about":[{"href":"http:\/\/www.billard-club-sottevillais.com\/index.php?rest_route=\/wp\/v2\/types\/page"}],"author":[{"embeddable":true,"href":"http:\/\/www.billard-club-sottevillais.com\/index.php?rest_route=\/wp\/v2\/users\/7"}],"replies":[{"embeddable":true,"href":"http:\/\/www.billard-club-sottevillais.com\/index.php?rest_route=%2Fwp%2Fv2%2Fcomments&post=13660"}],"version-history":[{"count":1,"href":"http:\/\/www.billard-club-sottevillais.com\/index.php?rest_route=\/wp\/v2\/pages\/13660\/revisions"}],"predecessor-version":[{"id":13665,"href":"http:\/\/www.billard-club-sottevillais.com\/index.php?rest_route=\/wp\/v2\/pages\/13660\/revisions\/13665"}],"wp:attachment":[{"href":"http:\/\/www.billard-club-sottevillais.com\/index.php?rest_route=%2Fwp%2Fv2%2Fmedia&parent=13660"}],"curies":[{"name":"wp","href":"https:\/\/api.w.org\/{rel}","templated":true}]}}