{"id":13624,"date":"2022-11-21T19:23:23","date_gmt":"2022-11-21T19:23:23","guid":{"rendered":"http:\/\/www.billard-club-sottevillais.com\/?page_id=13624"},"modified":"2022-11-21T19:23:23","modified_gmt":"2022-11-21T19:23:23","slug":"beaujolais-2022","status":"publish","type":"page","link":"http:\/\/www.billard-club-sottevillais.com\/?page_id=13624","title":{"rendered":"Beaujolais 2022"},"content":{"rendered":"<p style=\"text-align: justify;\">Le Billard Club Sottevillais a organis\u00e9 sa soir\u00e9e Beaujolais le 18 novembre 2022.<\/p>\n<p style=\"text-align: justify;\">Dans ce club, nous sommes constants. La soir\u00e9e Beaujolais fait partie des \u00e9v\u00e8nements incontournables que nous organisons. \u00c7a n\u2019est pas tellement la d\u00e9gustation du vin nouveau qui nous motive mais c&rsquo;est l&rsquo;occasion de faire se rencontrer nos adh\u00e9rents. En temps normal, il y a des forts joueurs voir des tr\u00e8s forts et surtout il y a beaucoup de joueurs sans pr\u00e9tention. De fait il y a une hi\u00e9rarchie qui conduit \u00e0 une sorte de cloisonnement.<\/p>\n<p style=\"text-align: justify;\">Par contre, quand chacun tient un verre \u00e0 la main, fini les plus forts et les plus faibles, nous sommes tous sur un pied d&rsquo;\u00e9galit\u00e9. La soir\u00e9e Beaujolais cr\u00e9e du lien, c&rsquo;est cela l&rsquo;essentiel.<\/p>\n<p style=\"text-align: justify;\">Le cru 2022 a \u00e9t\u00e9 bon. Nous avons bien s\u00fbr des inconditionnels de la soir\u00e9e Beaujolais mais cette ann\u00e9e nous avons vu des t\u00eates nouvelles. Nous \u00e9tions pr\u00e8s d&rsquo;une quarantaine. Nous avons cru un instant devoir pousser les murs ! Nous avons aussi constat\u00e9 que les compagnes des joueurs \u00e9taient de plus en plus pr\u00e9sentes, nous en sommes heureux.<\/p>\n<h3>L&rsquo;accueil<\/h3>\n<p><center>[flgallery id=262 \/]<\/center><\/p>\n<p style=\"text-align: center;\"><strong><em><img loading=\"lazy\" decoding=\"async\" class=\"size-full wp-image-13627 aligncenter\" src=\"http:\/\/www.billard-club-sottevillais.com\/wp-content\/uploads\/2022\/11\/Bandeau.jpg\" alt=\"\" width=\"1024\" height=\"347\" srcset=\"http:\/\/www.billard-club-sottevillais.com\/wp-content\/uploads\/2022\/11\/Bandeau.jpg 1024w, http:\/\/www.billard-club-sottevillais.com\/wp-content\/uploads\/2022\/11\/Bandeau-300x102.jpg 300w, http:\/\/www.billard-club-sottevillais.com\/wp-content\/uploads\/2022\/11\/Bandeau-768x260.jpg 768w\" sizes=\"auto, (max-width: 706px) 89vw, (max-width: 767px) 82vw, 740px\" \/><\/em><\/strong><strong><em>Un public attentif qui \u00e9coute Bruno, notre Pr\u00e9sident.<\/em><\/strong><\/p>\n<p style=\"text-align: justify;\">Que dire du Beaujolais ? A l&rsquo;heure de l&rsquo;ap\u00e9ritif, nous avons fait sauter les premiers bouchons et force est de constater que le vin nouveau \u00e9tait \u00e0 la hauteur de notre attente.<\/p>\n<p>Quant au buffet, il \u00e9tait de bonne qualit\u00e9 et il a \u00e9t\u00e9 appr\u00e9ci\u00e9 de nos convives. Pour la deuxi\u00e8me ann\u00e9e consecutive, notre buffet a \u00e9t\u00e9 pr\u00e9par\u00e9 dans un ESAT (Etablissement et Service d\u2019Aide par le Travail) qui permet \u00e0 des personnes en situation de handicap de travailler dans un cadre o\u00f9 ils sont prot\u00e9g\u00e9s.<\/p>\n<h3>Le repas<\/h3>\n<p><center>[flgallery id=263 \/]<\/center><\/p>\n<p style=\"text-align: justify;\">Cette soir\u00e9e n&rsquo;aurait pas pu avoir lieu sans l&rsquo;implication de Didier Pollet qui a tout organis\u00e9.<br \/>\nIl faut aussi remercier toutes les \u00ab\u00a0petites mains\u00a0\u00bb qui ont fait la plonge, le rangement puis le nettoyage de la salle. Merci \u00e0 vous.<\/p>\n","protected":false},"excerpt":{"rendered":"<p>Le Billard Club Sottevillais a organis\u00e9 sa soir\u00e9e Beaujolais le 18 novembre 2022. Dans ce club, nous sommes constants. La soir\u00e9e Beaujolais fait partie des \u00e9v\u00e8nements incontournables que nous organisons. \u00c7a n\u2019est pas tellement la d\u00e9gustation du vin nouveau qui nous motive mais c&rsquo;est l&rsquo;occasion de faire se rencontrer nos adh\u00e9rents. En temps normal, il &hellip; <\/p>\n<p class=\"link-more\"><a href=\"http:\/\/www.billard-club-sottevillais.com\/?page_id=13624\" class=\"more-link\">Continuer la lecture<span class=\"screen-reader-text\"> de &laquo;&nbsp;Beaujolais 2022&nbsp;&raquo;<\/span><\/a><\/p>\n","protected":false},"author":3,"featured_media":0,"parent":0,"menu_order":0,"comment_status":"closed","ping_status":"closed","template":"","meta":{"footnotes":""},"class_list":["post-13624","page","type-page","status-publish","hentry"],"_links":{"self":[{"href":"http:\/\/www.billard-club-sottevillais.com\/index.php?rest_route=\/wp\/v2\/pages\/13624","targetHints":{"allow":["GET"]}}],"collection":[{"href":"http:\/\/www.billard-club-sottevillais.com\/index.php?rest_route=\/wp\/v2\/pages"}],"about":[{"href":"http:\/\/www.billard-club-sottevillais.com\/index.php?rest_route=\/wp\/v2\/types\/page"}],"author":[{"embeddable":true,"href":"http:\/\/www.billard-club-sottevillais.com\/index.php?rest_route=\/wp\/v2\/users\/3"}],"replies":[{"embeddable":true,"href":"http:\/\/www.billard-club-sottevillais.com\/index.php?rest_route=%2Fwp%2Fv2%2Fcomments&post=13624"}],"version-history":[{"count":17,"href":"http:\/\/www.billard-club-sottevillais.com\/index.php?rest_route=\/wp\/v2\/pages\/13624\/revisions"}],"predecessor-version":[{"id":14398,"href":"http:\/\/www.billard-club-sottevillais.com\/index.php?rest_route=\/wp\/v2\/pages\/13624\/revisions\/14398"}],"wp:attachment":[{"href":"http:\/\/www.billard-club-sottevillais.com\/index.php?rest_route=%2Fwp%2Fv2%2Fmedia&parent=13624"}],"curies":[{"name":"wp","href":"https:\/\/api.w.org\/{rel}","templated":true}]}}