{"id":13609,"date":"2022-11-20T21:07:50","date_gmt":"2022-11-20T21:07:50","guid":{"rendered":"http:\/\/www.billard-club-sottevillais.com\/?page_id=13609"},"modified":"2022-11-20T21:19:37","modified_gmt":"2022-11-20T21:19:37","slug":"3-bandes-r1-t2-20-novembre-2022","status":"publish","type":"page","link":"http:\/\/www.billard-club-sottevillais.com\/?page_id=13609","title":{"rendered":"3 Bandes R1 T2 &#8211; 20 Novembre 2022"},"content":{"rendered":"<p style=\"text-align: justify;\">R\u00e9sultats des Tournois, vous trouverez ici toutes les informations concernant les rencontres sportives auxquelles participe le Billard Club Sottevillais.<\/p>\n<p style=\"text-align: center;\"><!--more--><img loading=\"lazy\" decoding=\"async\" class=\"aligncenter size-full wp-image-59\" title=\"sport\" src=\"http:\/\/billardcf.cluster010.ovh.net\/wp-content\/uploads\/2011\/07\/sport.jpg\" alt=\"\" width=\"231\" height=\"116\" \/><\/p>\n<p style=\"text-align: left;\">Le 2\u00e8me tour de 3 bandes R1 s&rsquo;est d\u00e9roul\u00e9 le 20 Novembre 2022 au Havre. Pascal Ippolito repr\u00e9sentait le BCS.<\/p>\n<p style=\"text-align: left;\">Pascal termine 7\u00e8me.<\/p>\n<p style=\"text-align: left;\">Ahamd Abzuzalil de Oissel prend la 1\u00e8re place.<\/p>\n<p style=\"text-align: center;\"><img loading=\"lazy\" decoding=\"async\" class=\"aligncenter size-large wp-image-13610\" src=\"http:\/\/www.billard-club-sottevillais.com\/wp-content\/uploads\/2022\/11\/3-bandes-T2-R1-20-11-2022-Le-Havre1-724x1024.jpg\" alt=\"\" width=\"525\" height=\"743\" srcset=\"http:\/\/www.billard-club-sottevillais.com\/wp-content\/uploads\/2022\/11\/3-bandes-T2-R1-20-11-2022-Le-Havre1-724x1024.jpg 724w, http:\/\/www.billard-club-sottevillais.com\/wp-content\/uploads\/2022\/11\/3-bandes-T2-R1-20-11-2022-Le-Havre1-212x300.jpg 212w, http:\/\/www.billard-club-sottevillais.com\/wp-content\/uploads\/2022\/11\/3-bandes-T2-R1-20-11-2022-Le-Havre1-768x1086.jpg 768w, http:\/\/www.billard-club-sottevillais.com\/wp-content\/uploads\/2022\/11\/3-bandes-T2-R1-20-11-2022-Le-Havre1-1086x1536.jpg 1086w, http:\/\/www.billard-club-sottevillais.com\/wp-content\/uploads\/2022\/11\/3-bandes-T2-R1-20-11-2022-Le-Havre1.jpg 1240w\" sizes=\"auto, (max-width: 525px) 100vw, 525px\" \/> <img loading=\"lazy\" decoding=\"async\" class=\"aligncenter size-large wp-image-13611\" src=\"http:\/\/www.billard-club-sottevillais.com\/wp-content\/uploads\/2022\/11\/3-bandes-T2-R1-20-11-2022-Le-Havre2-724x1024.jpg\" alt=\"\" width=\"525\" height=\"743\" srcset=\"http:\/\/www.billard-club-sottevillais.com\/wp-content\/uploads\/2022\/11\/3-bandes-T2-R1-20-11-2022-Le-Havre2-724x1024.jpg 724w, http:\/\/www.billard-club-sottevillais.com\/wp-content\/uploads\/2022\/11\/3-bandes-T2-R1-20-11-2022-Le-Havre2-212x300.jpg 212w, http:\/\/www.billard-club-sottevillais.com\/wp-content\/uploads\/2022\/11\/3-bandes-T2-R1-20-11-2022-Le-Havre2-768x1086.jpg 768w, http:\/\/www.billard-club-sottevillais.com\/wp-content\/uploads\/2022\/11\/3-bandes-T2-R1-20-11-2022-Le-Havre2-1086x1536.jpg 1086w, http:\/\/www.billard-club-sottevillais.com\/wp-content\/uploads\/2022\/11\/3-bandes-T2-R1-20-11-2022-Le-Havre2.jpg 1240w\" sizes=\"auto, (max-width: 525px) 100vw, 525px\" \/><\/p>\n<p style=\"text-align: center;\">Le pdf ici : <a href=\"http:\/\/www.billard-club-sottevillais.com\/wp-content\/uploads\/2022\/11\/3-bandes-T2-R1-20-11-2022-Le-Havre.pdf\" target=\"_blank\" rel=\"noopener\">3 bandes T2 R1 20-11-2022 Le Havre<\/a><\/p>\n","protected":false},"excerpt":{"rendered":"<p>R\u00e9sultats des Tournois, vous trouverez ici toutes les informations concernant les rencontres sportives auxquelles participe le Billard Club Sottevillais.<\/p>\n","protected":false},"author":7,"featured_media":0,"parent":0,"menu_order":0,"comment_status":"closed","ping_status":"closed","template":"","meta":{"footnotes":""},"class_list":["post-13609","page","type-page","status-publish","hentry"],"_links":{"self":[{"href":"http:\/\/www.billard-club-sottevillais.com\/index.php?rest_route=\/wp\/v2\/pages\/13609","targetHints":{"allow":["GET"]}}],"collection":[{"href":"http:\/\/www.billard-club-sottevillais.com\/index.php?rest_route=\/wp\/v2\/pages"}],"about":[{"href":"http:\/\/www.billard-club-sottevillais.com\/index.php?rest_route=\/wp\/v2\/types\/page"}],"author":[{"embeddable":true,"href":"http:\/\/www.billard-club-sottevillais.com\/index.php?rest_route=\/wp\/v2\/users\/7"}],"replies":[{"embeddable":true,"href":"http:\/\/www.billard-club-sottevillais.com\/index.php?rest_route=%2Fwp%2Fv2%2Fcomments&post=13609"}],"version-history":[{"count":2,"href":"http:\/\/www.billard-club-sottevillais.com\/index.php?rest_route=\/wp\/v2\/pages\/13609\/revisions"}],"predecessor-version":[{"id":13619,"href":"http:\/\/www.billard-club-sottevillais.com\/index.php?rest_route=\/wp\/v2\/pages\/13609\/revisions\/13619"}],"wp:attachment":[{"href":"http:\/\/www.billard-club-sottevillais.com\/index.php?rest_route=%2Fwp%2Fv2%2Fmedia&parent=13609"}],"curies":[{"name":"wp","href":"https:\/\/api.w.org\/{rel}","templated":true}]}}