{"id":13603,"date":"2022-11-20T21:03:02","date_gmt":"2022-11-20T21:03:02","guid":{"rendered":"http:\/\/www.billard-club-sottevillais.com\/?page_id=13603"},"modified":"2022-11-20T21:04:15","modified_gmt":"2022-11-20T21:04:15","slug":"3-bandes-n3-t2-20-novembre-2022","status":"publish","type":"page","link":"http:\/\/www.billard-club-sottevillais.com\/?page_id=13603","title":{"rendered":"3 Bandes N3 T2 &#8211; 20 Novembre 2022"},"content":{"rendered":"<p style=\"text-align: justify;\">R\u00e9sultats des Tournois, vous trouverez ici toutes les informations concernant les rencontres sportives auxquelles participe le Billard Club Sottevillais.<\/p>\n<p style=\"text-align: center;\"><!--more--><img loading=\"lazy\" decoding=\"async\" class=\"aligncenter size-full wp-image-59\" title=\"sport\" src=\"http:\/\/billardcf.cluster010.ovh.net\/wp-content\/uploads\/2011\/07\/sport.jpg\" alt=\"\" width=\"231\" height=\"116\" \/><\/p>\n<p style=\"text-align: left;\">Le 2\u00e8me tour de 3 bandes N3 s&rsquo;est d\u00e9roul\u00e9 le 20 Novembre 2022 \u00e0 Sotteville-l\u00e8s-Rouen. Christian Ponthieux et Raymond Faisant repr\u00e9sentaient le BCS.<\/p>\n<p style=\"text-align: left;\">Raymond prend la 11\u00e8me place et Christian termine 3\u00e8me.<\/p>\n<p style=\"text-align: left;\">Alain Loursel de Rouen termine 1er.<\/p>\n<p style=\"text-align: center;\" data-wp-editing=\"1\"><img loading=\"lazy\" decoding=\"async\" class=\"aligncenter size-large wp-image-13604\" src=\"http:\/\/www.billard-club-sottevillais.com\/wp-content\/uploads\/2022\/11\/3-Bandes-T2-N3-20-11-2022-Sotteville1-724x1024.jpg\" alt=\"\" width=\"525\" height=\"743\" srcset=\"http:\/\/www.billard-club-sottevillais.com\/wp-content\/uploads\/2022\/11\/3-Bandes-T2-N3-20-11-2022-Sotteville1-724x1024.jpg 724w, http:\/\/www.billard-club-sottevillais.com\/wp-content\/uploads\/2022\/11\/3-Bandes-T2-N3-20-11-2022-Sotteville1-212x300.jpg 212w, http:\/\/www.billard-club-sottevillais.com\/wp-content\/uploads\/2022\/11\/3-Bandes-T2-N3-20-11-2022-Sotteville1-768x1086.jpg 768w, http:\/\/www.billard-club-sottevillais.com\/wp-content\/uploads\/2022\/11\/3-Bandes-T2-N3-20-11-2022-Sotteville1-1086x1536.jpg 1086w, http:\/\/www.billard-club-sottevillais.com\/wp-content\/uploads\/2022\/11\/3-Bandes-T2-N3-20-11-2022-Sotteville1.jpg 1240w\" sizes=\"auto, (max-width: 525px) 100vw, 525px\" \/> <img loading=\"lazy\" decoding=\"async\" class=\"aligncenter size-large wp-image-13605\" src=\"http:\/\/www.billard-club-sottevillais.com\/wp-content\/uploads\/2022\/11\/3-Bandes-T2-N3-20-11-2022-Sotteville2-724x1024.jpg\" alt=\"\" width=\"525\" height=\"743\" srcset=\"http:\/\/www.billard-club-sottevillais.com\/wp-content\/uploads\/2022\/11\/3-Bandes-T2-N3-20-11-2022-Sotteville2-724x1024.jpg 724w, http:\/\/www.billard-club-sottevillais.com\/wp-content\/uploads\/2022\/11\/3-Bandes-T2-N3-20-11-2022-Sotteville2-212x300.jpg 212w, http:\/\/www.billard-club-sottevillais.com\/wp-content\/uploads\/2022\/11\/3-Bandes-T2-N3-20-11-2022-Sotteville2-768x1086.jpg 768w, http:\/\/www.billard-club-sottevillais.com\/wp-content\/uploads\/2022\/11\/3-Bandes-T2-N3-20-11-2022-Sotteville2-1086x1536.jpg 1086w, http:\/\/www.billard-club-sottevillais.com\/wp-content\/uploads\/2022\/11\/3-Bandes-T2-N3-20-11-2022-Sotteville2.jpg 1240w\" sizes=\"auto, (max-width: 525px) 100vw, 525px\" \/> \u00a0Le pdf ici : <a href=\"http:\/\/www.billard-club-sottevillais.com\/wp-content\/uploads\/2022\/11\/3-Bandes-T2-N3-20-11-2022-Sotteville.pdf\" target=\"_blank\" rel=\"noopener\">3 Bandes T2 N3 20-11-2022 Sotteville<\/a><\/p>\n","protected":false},"excerpt":{"rendered":"<p>R\u00e9sultats des Tournois, vous trouverez ici toutes les informations concernant les rencontres sportives auxquelles participe le Billard Club Sottevillais.<\/p>\n","protected":false},"author":7,"featured_media":0,"parent":0,"menu_order":0,"comment_status":"closed","ping_status":"closed","template":"","meta":{"footnotes":""},"class_list":["post-13603","page","type-page","status-publish","hentry"],"_links":{"self":[{"href":"http:\/\/www.billard-club-sottevillais.com\/index.php?rest_route=\/wp\/v2\/pages\/13603","targetHints":{"allow":["GET"]}}],"collection":[{"href":"http:\/\/www.billard-club-sottevillais.com\/index.php?rest_route=\/wp\/v2\/pages"}],"about":[{"href":"http:\/\/www.billard-club-sottevillais.com\/index.php?rest_route=\/wp\/v2\/types\/page"}],"author":[{"embeddable":true,"href":"http:\/\/www.billard-club-sottevillais.com\/index.php?rest_route=\/wp\/v2\/users\/7"}],"replies":[{"embeddable":true,"href":"http:\/\/www.billard-club-sottevillais.com\/index.php?rest_route=%2Fwp%2Fv2%2Fcomments&post=13603"}],"version-history":[{"count":2,"href":"http:\/\/www.billard-club-sottevillais.com\/index.php?rest_route=\/wp\/v2\/pages\/13603\/revisions"}],"predecessor-version":[{"id":13608,"href":"http:\/\/www.billard-club-sottevillais.com\/index.php?rest_route=\/wp\/v2\/pages\/13603\/revisions\/13608"}],"wp:attachment":[{"href":"http:\/\/www.billard-club-sottevillais.com\/index.php?rest_route=%2Fwp%2Fv2%2Fmedia&parent=13603"}],"curies":[{"name":"wp","href":"https:\/\/api.w.org\/{rel}","templated":true}]}}