{"id":13552,"date":"2022-11-14T17:50:26","date_gmt":"2022-11-14T17:50:26","guid":{"rendered":"http:\/\/www.billard-club-sottevillais.com\/?page_id=13552"},"modified":"2022-11-14T17:50:26","modified_gmt":"2022-11-14T17:50:26","slug":"libre-r3-t1-13-novembre-2022","status":"publish","type":"page","link":"http:\/\/www.billard-club-sottevillais.com\/?page_id=13552","title":{"rendered":"Libre R3 T1 &#8211; 13 Novembre 2022"},"content":{"rendered":"<p style=\"text-align: justify;\">R\u00e9sultats des Tournois, vous trouverez ici toutes les informations concernant les rencontres sportives auxquelles participe le Billard Club Sottevillais.<\/p>\n<p style=\"text-align: center;\"><!--more--><img loading=\"lazy\" decoding=\"async\" class=\"aligncenter size-full wp-image-59\" title=\"sport\" src=\"http:\/\/billardcf.cluster010.ovh.net\/wp-content\/uploads\/2011\/07\/sport.jpg\" alt=\"\" width=\"231\" height=\"116\" \/><\/p>\n<p style=\"text-align: justify;\">Le 1er tour de libre R3 s&rsquo;est d\u00e9roul\u00e9 le 13 Novembre 2022. Alain Rachet, Thierry Rohart jouaient \u00e0 St Nicolas d&rsquo;Aliermont dans un tour \u00e0 9 joueurs.<\/p>\n<p style=\"text-align: justify;\">Alain termine 3\u00e8me, Pascal 6\u00e8me et Thierry 9\u00e8me. Christian Beaugrand de Cany-Barville remporte ce tour.<\/p>\n<p style=\"text-align: center;\"><img loading=\"lazy\" decoding=\"async\" class=\"aligncenter size-large wp-image-13582\" src=\"http:\/\/www.billard-club-sottevillais.com\/wp-content\/uploads\/2022\/11\/Libre-R3-T1-St-Nicolas-13-11-20221-724x1024.jpg\" alt=\"\" width=\"525\" height=\"743\" srcset=\"http:\/\/www.billard-club-sottevillais.com\/wp-content\/uploads\/2022\/11\/Libre-R3-T1-St-Nicolas-13-11-20221-724x1024.jpg 724w, http:\/\/www.billard-club-sottevillais.com\/wp-content\/uploads\/2022\/11\/Libre-R3-T1-St-Nicolas-13-11-20221-212x300.jpg 212w, http:\/\/www.billard-club-sottevillais.com\/wp-content\/uploads\/2022\/11\/Libre-R3-T1-St-Nicolas-13-11-20221-768x1086.jpg 768w, http:\/\/www.billard-club-sottevillais.com\/wp-content\/uploads\/2022\/11\/Libre-R3-T1-St-Nicolas-13-11-20221-1086x1536.jpg 1086w, http:\/\/www.billard-club-sottevillais.com\/wp-content\/uploads\/2022\/11\/Libre-R3-T1-St-Nicolas-13-11-20221.jpg 1240w\" sizes=\"auto, (max-width: 525px) 100vw, 525px\" \/> <img loading=\"lazy\" decoding=\"async\" class=\"aligncenter size-large wp-image-13583\" src=\"http:\/\/www.billard-club-sottevillais.com\/wp-content\/uploads\/2022\/11\/Libre-R3-T1-St-Nicolas-13-11-20222-724x1024.jpg\" alt=\"\" width=\"525\" height=\"743\" srcset=\"http:\/\/www.billard-club-sottevillais.com\/wp-content\/uploads\/2022\/11\/Libre-R3-T1-St-Nicolas-13-11-20222-724x1024.jpg 724w, http:\/\/www.billard-club-sottevillais.com\/wp-content\/uploads\/2022\/11\/Libre-R3-T1-St-Nicolas-13-11-20222-212x300.jpg 212w, http:\/\/www.billard-club-sottevillais.com\/wp-content\/uploads\/2022\/11\/Libre-R3-T1-St-Nicolas-13-11-20222-768x1086.jpg 768w, http:\/\/www.billard-club-sottevillais.com\/wp-content\/uploads\/2022\/11\/Libre-R3-T1-St-Nicolas-13-11-20222-1086x1536.jpg 1086w, http:\/\/www.billard-club-sottevillais.com\/wp-content\/uploads\/2022\/11\/Libre-R3-T1-St-Nicolas-13-11-20222.jpg 1240w\" sizes=\"auto, (max-width: 525px) 100vw, 525px\" \/><\/p>\n<p style=\"text-align: left;\">\n<h4 style=\"padding-left: 30px;\">Le pdf ici : <a href=\"http:\/\/www.billard-club-sottevillais.com\/wp-content\/uploads\/2022\/11\/Libre-R3-T1-St-Nicolas-13-11-2022.pdf\" target=\"_blank\" rel=\"noopener\">Libre R3 T1 St Nicolas 13-11-202<\/a><a href=\"http:\/\/www.billard-club-sottevillais.com\/wp-content\/uploads\/2022\/11\/Libre-R3-T1-St-Nicolas-13-11-2022.pdf\">2<\/a><\/h4>\n","protected":false},"excerpt":{"rendered":"<p>R\u00e9sultats des Tournois, vous trouverez ici toutes les informations concernant les rencontres sportives auxquelles participe le Billard Club Sottevillais.<\/p>\n","protected":false},"author":7,"featured_media":0,"parent":0,"menu_order":0,"comment_status":"closed","ping_status":"closed","template":"","meta":{"footnotes":""},"class_list":["post-13552","page","type-page","status-publish","hentry"],"_links":{"self":[{"href":"http:\/\/www.billard-club-sottevillais.com\/index.php?rest_route=\/wp\/v2\/pages\/13552","targetHints":{"allow":["GET"]}}],"collection":[{"href":"http:\/\/www.billard-club-sottevillais.com\/index.php?rest_route=\/wp\/v2\/pages"}],"about":[{"href":"http:\/\/www.billard-club-sottevillais.com\/index.php?rest_route=\/wp\/v2\/types\/page"}],"author":[{"embeddable":true,"href":"http:\/\/www.billard-club-sottevillais.com\/index.php?rest_route=\/wp\/v2\/users\/7"}],"replies":[{"embeddable":true,"href":"http:\/\/www.billard-club-sottevillais.com\/index.php?rest_route=%2Fwp%2Fv2%2Fcomments&post=13552"}],"version-history":[{"count":2,"href":"http:\/\/www.billard-club-sottevillais.com\/index.php?rest_route=\/wp\/v2\/pages\/13552\/revisions"}],"predecessor-version":[{"id":13585,"href":"http:\/\/www.billard-club-sottevillais.com\/index.php?rest_route=\/wp\/v2\/pages\/13552\/revisions\/13585"}],"wp:attachment":[{"href":"http:\/\/www.billard-club-sottevillais.com\/index.php?rest_route=%2Fwp%2Fv2%2Fmedia&parent=13552"}],"curies":[{"name":"wp","href":"https:\/\/api.w.org\/{rel}","templated":true}]}}