{"id":13548,"date":"2022-11-13T19:01:13","date_gmt":"2022-11-13T19:01:13","guid":{"rendered":"http:\/\/www.billard-club-sottevillais.com\/?page_id=13548"},"modified":"2022-11-14T08:54:55","modified_gmt":"2022-11-14T08:54:55","slug":"libre-n3-t1-13-novembre-2022","status":"publish","type":"page","link":"http:\/\/www.billard-club-sottevillais.com\/?page_id=13548","title":{"rendered":"Libre N3 T1 &#8211; 13 Novembre 2022"},"content":{"rendered":"<p style=\"text-align: justify;\">R\u00e9sultats des Tournois, vous trouverez ici toutes les informations concernant les rencontres sportives auxquelles participe le Billard Club Sottevillais.<\/p>\n<p style=\"text-align: center;\"><!--more--><img loading=\"lazy\" decoding=\"async\" class=\"aligncenter size-full wp-image-59\" title=\"sport\" src=\"http:\/\/billardcf.cluster010.ovh.net\/wp-content\/uploads\/2011\/07\/sport.jpg\" alt=\"\" width=\"231\" height=\"116\" \/><\/p>\n<p style=\"text-align: justify;\">Le 1er tour de libre N3 a eu lieu le 13 Novembre 202 \u00e0 Sotteville-l\u00e8s-Rouen. Jacques Alexandre representait le BCS dans un tour \u00e0 3.<\/p>\n<p style=\"text-align: justify;\">Jacques gagne ses deux matches et prend la 1ere place.<\/p>\n<p style=\"text-align: justify;\"><em>\u00a0<\/em><\/p>\n<p style=\"text-align: center;\"><em><img loading=\"lazy\" decoding=\"async\" class=\"aligncenter wp-image-13578\" src=\"http:\/\/www.billard-club-sottevillais.com\/wp-content\/uploads\/2022\/11\/Libre-N3-T1-sotteville-13-11-2022-2-1024x724.jpg\" alt=\"\" width=\"750\" height=\"530\" srcset=\"http:\/\/www.billard-club-sottevillais.com\/wp-content\/uploads\/2022\/11\/Libre-N3-T1-sotteville-13-11-2022-2-1024x724.jpg 1024w, http:\/\/www.billard-club-sottevillais.com\/wp-content\/uploads\/2022\/11\/Libre-N3-T1-sotteville-13-11-2022-2-300x212.jpg 300w, http:\/\/www.billard-club-sottevillais.com\/wp-content\/uploads\/2022\/11\/Libre-N3-T1-sotteville-13-11-2022-2-768x543.jpg 768w, http:\/\/www.billard-club-sottevillais.com\/wp-content\/uploads\/2022\/11\/Libre-N3-T1-sotteville-13-11-2022-2-1536x1086.jpg 1536w, http:\/\/www.billard-club-sottevillais.com\/wp-content\/uploads\/2022\/11\/Libre-N3-T1-sotteville-13-11-2022-2-rotated.jpg 1754w\" sizes=\"auto, (max-width: 706px) 89vw, (max-width: 767px) 82vw, 740px\" \/> <\/em><\/p>\n<h4 style=\"padding-left: 30px;\">Le pdf ici : <em><a href=\"http:\/\/www.billard-club-sottevillais.com\/wp-content\/uploads\/2022\/11\/Libre-N3-T1-sotteville-13-11-2022-2.pdf\">Libre N3 T1 sotteville 13-11-2022<\/a><\/em><\/h4>\n","protected":false},"excerpt":{"rendered":"<p>R\u00e9sultats des Tournois, vous trouverez ici toutes les informations concernant les rencontres sportives auxquelles participe le Billard Club Sottevillais.<\/p>\n","protected":false},"author":7,"featured_media":0,"parent":0,"menu_order":0,"comment_status":"closed","ping_status":"closed","template":"","meta":{"footnotes":""},"class_list":["post-13548","page","type-page","status-publish","hentry"],"_links":{"self":[{"href":"http:\/\/www.billard-club-sottevillais.com\/index.php?rest_route=\/wp\/v2\/pages\/13548","targetHints":{"allow":["GET"]}}],"collection":[{"href":"http:\/\/www.billard-club-sottevillais.com\/index.php?rest_route=\/wp\/v2\/pages"}],"about":[{"href":"http:\/\/www.billard-club-sottevillais.com\/index.php?rest_route=\/wp\/v2\/types\/page"}],"author":[{"embeddable":true,"href":"http:\/\/www.billard-club-sottevillais.com\/index.php?rest_route=\/wp\/v2\/users\/7"}],"replies":[{"embeddable":true,"href":"http:\/\/www.billard-club-sottevillais.com\/index.php?rest_route=%2Fwp%2Fv2%2Fcomments&post=13548"}],"version-history":[{"count":4,"href":"http:\/\/www.billard-club-sottevillais.com\/index.php?rest_route=\/wp\/v2\/pages\/13548\/revisions"}],"predecessor-version":[{"id":13581,"href":"http:\/\/www.billard-club-sottevillais.com\/index.php?rest_route=\/wp\/v2\/pages\/13548\/revisions\/13581"}],"wp:attachment":[{"href":"http:\/\/www.billard-club-sottevillais.com\/index.php?rest_route=%2Fwp%2Fv2%2Fmedia&parent=13548"}],"curies":[{"name":"wp","href":"https:\/\/api.w.org\/{rel}","templated":true}]}}