{"id":13497,"date":"2022-10-31T10:33:49","date_gmt":"2022-10-31T10:33:49","guid":{"rendered":"http:\/\/www.billard-club-sottevillais.com\/?page_id=13497"},"modified":"2022-11-04T10:01:56","modified_gmt":"2022-11-04T10:01:56","slug":"__trashed","status":"publish","type":"page","link":"http:\/\/www.billard-club-sottevillais.com\/?page_id=13497","title":{"rendered":"Soir\u00e9e Tac-Tac"},"content":{"rendered":"<p style=\"text-align: justify;\">Vendredi 28 octobre, le Billard Club Sottevillais a organis\u00e9 une soir\u00e9e Tac-Tac. Premi\u00e8re manifestation depuis la rentr\u00e9e, cette soir\u00e9e a eu un beau succ\u00e8s. Pr\u00e8s d&rsquo;une vingtaine d&rsquo;adh\u00e9rents se sont retrouv\u00e9s autour des billards pour passer un agr\u00e9able moment.<br \/>\nLes tours de jeu se sont d\u00e9roul\u00e9s selon le protocole habituel soit six sets en double, \u00e0 chaque set un nouveau bin\u00f4me est cr\u00e9\u00e9. Pour chaque set gagn\u00e9, les vainqueurs se voient attribuer un point.<br \/>\nLes joueurs ont \u00e9t\u00e9 r\u00e9partis sur cinq billards, ils ont ont effectu\u00e9 six sets de vingt minutes.<\/p>\n<h4>les sets en images<\/h4>\n<p><center>[flgallery id=261\/]<\/center><\/p>\n<p style=\"text-align: justify;\">Ces rencontres amicales se d\u00e9roulent toujours dans une ambiance tr\u00e8s bon enfant. Il faut dire qu&rsquo;il n&rsquo;y a pas d&rsquo;enjeu sauf peut-\u00eatre le plaisir de passer un moment agr\u00e9able.<br \/>\nCe tournoi amical s&rsquo;est termin\u00e9 vers 20h30. Le BCS a ensuite offert un pot de l&rsquo;amiti\u00e9 suivi d&rsquo;une d\u00e9gustation de pizzas.<\/p>\n<h4>Le repas<\/h4>\n<p><center>[flgallery id=260\/]<\/center><\/p>\n<p style=\"text-align: justify;\">Merci \u00e0 Didier qui a assur\u00e9 la gestion des tours de jeu mais aussi  la gestion de la partie festive.<\/p>\n","protected":false},"excerpt":{"rendered":"<p>Vendredi 28 octobre, le Billard Club Sottevillais a organis\u00e9 une soir\u00e9e Tac-Tac. Premi\u00e8re manifestation depuis la rentr\u00e9e, cette soir\u00e9e a eu un beau succ\u00e8s. Pr\u00e8s d&rsquo;une vingtaine d&rsquo;adh\u00e9rents se sont retrouv\u00e9s autour des billards pour passer un agr\u00e9able moment. Les tours de jeu se sont d\u00e9roul\u00e9s selon le protocole habituel soit six sets en double, &hellip; <\/p>\n<p class=\"link-more\"><a href=\"http:\/\/www.billard-club-sottevillais.com\/?page_id=13497\" class=\"more-link\">Continuer la lecture<span class=\"screen-reader-text\"> de &laquo;&nbsp;Soir\u00e9e Tac-Tac&nbsp;&raquo;<\/span><\/a><\/p>\n","protected":false},"author":3,"featured_media":0,"parent":0,"menu_order":0,"comment_status":"closed","ping_status":"closed","template":"","meta":{"footnotes":""},"class_list":["post-13497","page","type-page","status-publish","hentry"],"_links":{"self":[{"href":"http:\/\/www.billard-club-sottevillais.com\/index.php?rest_route=\/wp\/v2\/pages\/13497","targetHints":{"allow":["GET"]}}],"collection":[{"href":"http:\/\/www.billard-club-sottevillais.com\/index.php?rest_route=\/wp\/v2\/pages"}],"about":[{"href":"http:\/\/www.billard-club-sottevillais.com\/index.php?rest_route=\/wp\/v2\/types\/page"}],"author":[{"embeddable":true,"href":"http:\/\/www.billard-club-sottevillais.com\/index.php?rest_route=\/wp\/v2\/users\/3"}],"replies":[{"embeddable":true,"href":"http:\/\/www.billard-club-sottevillais.com\/index.php?rest_route=%2Fwp%2Fv2%2Fcomments&post=13497"}],"version-history":[{"count":6,"href":"http:\/\/www.billard-club-sottevillais.com\/index.php?rest_route=\/wp\/v2\/pages\/13497\/revisions"}],"predecessor-version":[{"id":13536,"href":"http:\/\/www.billard-club-sottevillais.com\/index.php?rest_route=\/wp\/v2\/pages\/13497\/revisions\/13536"}],"wp:attachment":[{"href":"http:\/\/www.billard-club-sottevillais.com\/index.php?rest_route=%2Fwp%2Fv2%2Fmedia&parent=13497"}],"curies":[{"name":"wp","href":"https:\/\/api.w.org\/{rel}","templated":true}]}}