{"id":13488,"date":"2022-10-24T16:58:52","date_gmt":"2022-10-24T16:58:52","guid":{"rendered":"http:\/\/www.billard-club-sottevillais.com\/?page_id=13488"},"modified":"2022-10-24T16:58:52","modified_gmt":"2022-10-24T16:58:52","slug":"3-bandes-n3-t1-23-octobre-2023","status":"publish","type":"page","link":"http:\/\/www.billard-club-sottevillais.com\/?page_id=13488","title":{"rendered":"3 Bandes N3 T1 &#8211; 23 Octobre 2023"},"content":{"rendered":"<p style=\"text-align: justify;\">R\u00e9sultats des Tournois, vous trouverez ici toutes les informations concernant les rencontres sportives auxquelles participe le Billard Club Sottevillais.<\/p>\n<p style=\"text-align: center;\"><!--more--><img loading=\"lazy\" decoding=\"async\" class=\"aligncenter size-full wp-image-59\" title=\"sport\" src=\"http:\/\/billardcf.cluster010.ovh.net\/wp-content\/uploads\/2011\/07\/sport.jpg\" alt=\"\" width=\"231\" height=\"116\" \/><\/p>\n<p style=\"text-align: left;\">Le 1er tour de 3 bandes N3 s&rsquo;est d\u00e9roul\u00e9 le 23 Octobre 2022 \u00e0 St Marcel. Christian Ponthieux repr\u00e9sentait le BCS.<\/p>\n<p style=\"text-align: left;\">Christian termine 4\u00e8me.<\/p>\n<p style=\"text-align: left;\">Marcel Dezetant de La Saussaye prend la 1\u00e8re place.<\/p>\n<p style=\"text-align: center;\" data-wp-editing=\"1\"><img loading=\"lazy\" decoding=\"async\" class=\"aligncenter size-large wp-image-13490\" src=\"http:\/\/www.billard-club-sottevillais.com\/wp-content\/uploads\/2022\/10\/3-Bandes-N3-T1-ST-Marcel-23-10-20231-724x1024.jpg\" alt=\"\" width=\"525\" height=\"743\" srcset=\"http:\/\/www.billard-club-sottevillais.com\/wp-content\/uploads\/2022\/10\/3-Bandes-N3-T1-ST-Marcel-23-10-20231-724x1024.jpg 724w, http:\/\/www.billard-club-sottevillais.com\/wp-content\/uploads\/2022\/10\/3-Bandes-N3-T1-ST-Marcel-23-10-20231-212x300.jpg 212w, http:\/\/www.billard-club-sottevillais.com\/wp-content\/uploads\/2022\/10\/3-Bandes-N3-T1-ST-Marcel-23-10-20231-768x1086.jpg 768w, http:\/\/www.billard-club-sottevillais.com\/wp-content\/uploads\/2022\/10\/3-Bandes-N3-T1-ST-Marcel-23-10-20231-1086x1536.jpg 1086w, http:\/\/www.billard-club-sottevillais.com\/wp-content\/uploads\/2022\/10\/3-Bandes-N3-T1-ST-Marcel-23-10-20231.jpg 1240w\" sizes=\"auto, (max-width: 525px) 100vw, 525px\" \/> <img loading=\"lazy\" decoding=\"async\" class=\"aligncenter size-large wp-image-13491\" src=\"http:\/\/www.billard-club-sottevillais.com\/wp-content\/uploads\/2022\/10\/3-Bandes-N3-T1-ST-Marcel-23-10-20232-724x1024.jpg\" alt=\"\" width=\"525\" height=\"743\" srcset=\"http:\/\/www.billard-club-sottevillais.com\/wp-content\/uploads\/2022\/10\/3-Bandes-N3-T1-ST-Marcel-23-10-20232-724x1024.jpg 724w, http:\/\/www.billard-club-sottevillais.com\/wp-content\/uploads\/2022\/10\/3-Bandes-N3-T1-ST-Marcel-23-10-20232-212x300.jpg 212w, http:\/\/www.billard-club-sottevillais.com\/wp-content\/uploads\/2022\/10\/3-Bandes-N3-T1-ST-Marcel-23-10-20232-768x1086.jpg 768w, http:\/\/www.billard-club-sottevillais.com\/wp-content\/uploads\/2022\/10\/3-Bandes-N3-T1-ST-Marcel-23-10-20232-1086x1536.jpg 1086w, http:\/\/www.billard-club-sottevillais.com\/wp-content\/uploads\/2022\/10\/3-Bandes-N3-T1-ST-Marcel-23-10-20232.jpg 1240w\" sizes=\"auto, (max-width: 525px) 100vw, 525px\" \/> Le pdf ici :\u00a0<a href=\"http:\/\/www.billard-club-sottevillais.com\/wp-content\/uploads\/2022\/10\/3-Bandes-N3-T1-ST-Marcel-23-10-2023.pdf\" target=\"_blank\" rel=\"noopener\">3 Bandes N3 T1 ST Marcel 23-10-2023<\/a><\/p>\n","protected":false},"excerpt":{"rendered":"<p>R\u00e9sultats des Tournois, vous trouverez ici toutes les informations concernant les rencontres sportives auxquelles participe le Billard Club Sottevillais.<\/p>\n","protected":false},"author":7,"featured_media":0,"parent":0,"menu_order":0,"comment_status":"closed","ping_status":"closed","template":"","meta":{"footnotes":""},"class_list":["post-13488","page","type-page","status-publish","hentry"],"_links":{"self":[{"href":"http:\/\/www.billard-club-sottevillais.com\/index.php?rest_route=\/wp\/v2\/pages\/13488","targetHints":{"allow":["GET"]}}],"collection":[{"href":"http:\/\/www.billard-club-sottevillais.com\/index.php?rest_route=\/wp\/v2\/pages"}],"about":[{"href":"http:\/\/www.billard-club-sottevillais.com\/index.php?rest_route=\/wp\/v2\/types\/page"}],"author":[{"embeddable":true,"href":"http:\/\/www.billard-club-sottevillais.com\/index.php?rest_route=\/wp\/v2\/users\/7"}],"replies":[{"embeddable":true,"href":"http:\/\/www.billard-club-sottevillais.com\/index.php?rest_route=%2Fwp%2Fv2%2Fcomments&post=13488"}],"version-history":[{"count":2,"href":"http:\/\/www.billard-club-sottevillais.com\/index.php?rest_route=\/wp\/v2\/pages\/13488\/revisions"}],"predecessor-version":[{"id":13493,"href":"http:\/\/www.billard-club-sottevillais.com\/index.php?rest_route=\/wp\/v2\/pages\/13488\/revisions\/13493"}],"wp:attachment":[{"href":"http:\/\/www.billard-club-sottevillais.com\/index.php?rest_route=%2Fwp%2Fv2%2Fmedia&parent=13488"}],"curies":[{"name":"wp","href":"https:\/\/api.w.org\/{rel}","templated":true}]}}