{"id":13469,"date":"2022-10-15T20:56:32","date_gmt":"2022-10-15T20:56:32","guid":{"rendered":"http:\/\/www.billard-club-sottevillais.com\/?page_id=13469"},"modified":"2022-10-15T20:56:32","modified_gmt":"2022-10-15T20:56:32","slug":"equipe-d2-11-octobre-2022","status":"publish","type":"page","link":"http:\/\/www.billard-club-sottevillais.com\/?page_id=13469","title":{"rendered":"Equipe D2 &#8211; 11 octobre 2022"},"content":{"rendered":"<p style=\"text-align: justify;\">R\u00e9sultats des Tournois, vous trouverez ici toutes les informations concernant les rencontres sportives auxquelles participe le Billard Club Sottevillais.<\/p>\n<p style=\"text-align: center;\"><!--more--><img loading=\"lazy\" decoding=\"async\" class=\"aligncenter size-full wp-image-59\" title=\"sport\" src=\"http:\/\/billardcf.cluster010.ovh.net\/wp-content\/uploads\/2011\/07\/sport.jpg\" alt=\"\" width=\"231\" height=\"116\" \/><\/p>\n<p>\u00a0<\/p>\n<p style=\"text-align: justify;\">Le 11 Octobre 2022, notre \u00e9quipe D2 compos\u00e9e d&rsquo;Alain Rachet, Christian Ponthieux et Pascal Ippolito se rendait \u00e0 St Nicolas d&rsquo;Aliermont.<\/p>\n<p style=\"text-align: justify;\">L&rsquo;\u00e9quipe de Sotteville s&rsquo;incline 10 \u00e0 8.<\/p>\n<p style=\"text-align: center;\"><img loading=\"lazy\" decoding=\"async\" class=\"aligncenter size-large wp-image-13470\" src=\"http:\/\/www.billard-club-sottevillais.com\/wp-content\/uploads\/2022\/10\/lescaut-11-10-22-st-nicolas-B-sotteville-A-724x1024.jpg\" alt=\"\" width=\"525\" height=\"743\" srcset=\"http:\/\/www.billard-club-sottevillais.com\/wp-content\/uploads\/2022\/10\/lescaut-11-10-22-st-nicolas-B-sotteville-A-724x1024.jpg 724w, http:\/\/www.billard-club-sottevillais.com\/wp-content\/uploads\/2022\/10\/lescaut-11-10-22-st-nicolas-B-sotteville-A-212x300.jpg 212w, http:\/\/www.billard-club-sottevillais.com\/wp-content\/uploads\/2022\/10\/lescaut-11-10-22-st-nicolas-B-sotteville-A-768x1086.jpg 768w, http:\/\/www.billard-club-sottevillais.com\/wp-content\/uploads\/2022\/10\/lescaut-11-10-22-st-nicolas-B-sotteville-A-1086x1536.jpg 1086w, http:\/\/www.billard-club-sottevillais.com\/wp-content\/uploads\/2022\/10\/lescaut-11-10-22-st-nicolas-B-sotteville-A.jpg 1240w\" sizes=\"auto, (max-width: 525px) 100vw, 525px\" \/><\/p>\n<h4 style=\"padding-left: 30px;\">Le pdf ici : <a href=\"http:\/\/www.billard-club-sottevillais.com\/wp-content\/uploads\/2022\/10\/PL-D2-St-Nicolas-B-Sotteville-A-11-10-22.pdf\" target=\"_blank\" rel=\"noopener\">PL D2 St Nicolas B &#8211; Sotteville A 11-10-22<\/a><\/h4>\n\n\n<p><\/p>\n","protected":false},"excerpt":{"rendered":"<p>R\u00e9sultats des Tournois, vous trouverez ici toutes les informations concernant les rencontres sportives auxquelles participe le Billard Club Sottevillais.<\/p>\n","protected":false},"author":7,"featured_media":0,"parent":0,"menu_order":0,"comment_status":"closed","ping_status":"closed","template":"","meta":{"footnotes":""},"class_list":["post-13469","page","type-page","status-publish","hentry"],"_links":{"self":[{"href":"http:\/\/www.billard-club-sottevillais.com\/index.php?rest_route=\/wp\/v2\/pages\/13469","targetHints":{"allow":["GET"]}}],"collection":[{"href":"http:\/\/www.billard-club-sottevillais.com\/index.php?rest_route=\/wp\/v2\/pages"}],"about":[{"href":"http:\/\/www.billard-club-sottevillais.com\/index.php?rest_route=\/wp\/v2\/types\/page"}],"author":[{"embeddable":true,"href":"http:\/\/www.billard-club-sottevillais.com\/index.php?rest_route=\/wp\/v2\/users\/7"}],"replies":[{"embeddable":true,"href":"http:\/\/www.billard-club-sottevillais.com\/index.php?rest_route=%2Fwp%2Fv2%2Fcomments&post=13469"}],"version-history":[{"count":1,"href":"http:\/\/www.billard-club-sottevillais.com\/index.php?rest_route=\/wp\/v2\/pages\/13469\/revisions"}],"predecessor-version":[{"id":13472,"href":"http:\/\/www.billard-club-sottevillais.com\/index.php?rest_route=\/wp\/v2\/pages\/13469\/revisions\/13472"}],"wp:attachment":[{"href":"http:\/\/www.billard-club-sottevillais.com\/index.php?rest_route=%2Fwp%2Fv2%2Fmedia&parent=13469"}],"curies":[{"name":"wp","href":"https:\/\/api.w.org\/{rel}","templated":true}]}}