{"id":13375,"date":"2022-08-20T09:26:13","date_gmt":"2022-08-20T09:26:13","guid":{"rendered":"http:\/\/www.billard-club-sottevillais.com\/?page_id=13375"},"modified":"2022-08-20T09:26:13","modified_gmt":"2022-08-20T09:26:13","slug":"resultats-sportifs-2021-2022","status":"publish","type":"page","link":"http:\/\/www.billard-club-sottevillais.com\/?page_id=13375","title":{"rendered":"R\u00e9sultats sportifs &#8211; 2021-2022"},"content":{"rendered":"<p style=\"text-align: justify;\">R\u00e9sultats des Comp\u00e9titions, vous trouverez ici toutes les informations concernant&nbsp;les rencontres sportives auxquelles participe le Billard Club Sottevillais.<\/p>\n<p style=\"text-align: center;\"><!--more--><img loading=\"lazy\" decoding=\"async\" class=\"aligncenter size-full wp-image-8398\" title=\"Res-Sport\" src=\"http:\/\/www.billard-club-sottevillais.com\/wp-content\/uploads\/2011\/07\/Res-Sport1.jpg\" alt=\"\" width=\"231\" height=\"116\"><\/p>\n<p><\/p>\n<h4><a href=\"http:\/\/www.billard-club-sottevillais.com\/?page_id=13280\">Equipe D5 \u2013 26 Avril 2022<\/a><\/h4>\n<p>l\u2019\u00e9quipe D5 Cormelles C &#8211; Sotteville B<\/p>\n<h4><a href=\"http:\/\/www.billard-club-sottevillais.com\/?page_id=13271\">Libre N3 FN \u2013 17 Avril 2022<\/a><\/h4>\n<p>La Finale de ligue de Normandie au Libre N3 \u00e0 Louviers<\/p>\n<h4><a href=\"http:\/\/www.billard-club-sottevillais.com\/?page_id=13262\">Libre R1 FN \u2013 16 Avril 2022<\/a><\/h4>\n<p>La Finale de ligue de Normandie au Libre R1 \u00e0 Evreux<\/p>\n<h4><a href=\"http:\/\/www.billard-club-sottevillais.com\/?page_id=13208\">Equipe D2 \u2013 12 Avril 2022<\/a><\/h4>\n<p>l\u2019\u00e9quipe D2 Sotteville A &#8211; St Nicolas A<\/p>\n<h4><a href=\"http:\/\/www.billard-club-sottevillais.com\/?page_id=13193\">Equipe D2 \u2013 05 Avril 2022<\/a><\/h4>\n<p>l\u2019\u00e9quipe D2 Lisieux A &#8211; Sotteville A<\/p>\n<h4><a href=\"http:\/\/www.billard-club-sottevillais.com\/?page_id=13198\">Equipe D5 \u2013 05 Avril 2022<\/a><\/h4>\n<p>l\u2019\u00e9quipe D5 Sotteville B &#8211; Cormelles D<\/p>\n<h4><a href=\"http:\/\/www.billard-club-sottevillais.com\/?page_id=13131\">Equipe D2 \u2013 22 Mars 2022<\/a><\/h4>\n<p>l\u2019\u00e9quipe D2 Le Havre &#8211; Sotteville A<\/p>\n<h4><a href=\"http:\/\/www.billard-club-sottevillais.com\/?page_id=13133\">Equipe D5 \u2013 22 Mars 2022<\/a><\/h4>\n<p>l\u2019\u00e9quipe D5 Sotteville B &#8211; St Marcel<\/p>\n<h4><a href=\"http:\/\/www.billard-club-sottevillais.com\/?page_id=13121\">Cadre N3 FL \u2013 20 Mars 2022<\/a><\/h4>\n<p>La Finale de ligue de Normandie au Cadre N3 \u00e0 Rouen<\/p>\n<h4><a href=\"http:\/\/www.billard-club-sottevillais.com\/?page_id=13082\">Libre R1 T3 \u2013 27 F\u00e9vrier 2022<\/a><\/h4>\n<p>Le 3\u00e8me tour de Libre R1 \u00e0 Sotteville-l\u00e8s-Rouen<\/p>\n<h4>Libre N3 T3 \u2013 27 F\u00e9vrier 2022<\/h4>\n<p>Le 3\u00e8me tour de Libre N3 \u00e0 Gaillon<\/p>\n<h4><a href=\"http:\/\/www.billard-club-sottevillais.com\/?page_id=13073\">Equipe D5 \u2013 22 F\u00e9vrier 2022<\/a><\/h4>\n<p>l\u2019\u00e9quipe D5 Sotteville B &#8211; F\u00e9camp B<\/p>\n<h4><a href=\"http:\/\/www.billard-club-sottevillais.com\/?page_id=13084\">Libre R3 T3 \u2013 20 F\u00e9vrier 2022<\/a><\/h4>\n<p>Le 3\u00e8me tour de Libre R3 \u00e0 Sotteville-l\u00e8s-Rouen<\/p>\n<h4><a href=\"http:\/\/www.billard-club-sottevillais.com\/?page_id=13065\">Cadre N3 T3 \u2013 13 Fevrier 2022<\/a><\/h4>\n<p>Le 3\u00e8me tour de Cadre N3 \u00e0 La Saussaye<\/p>\n<h4><a href=\"http:\/\/www.billard-club-sottevillais.com\/?page_id=13030\">Equipe D2 \u2013 18 Janvier 2022<\/a><\/h4>\n<p>l\u2019\u00e9quipe D2 Cany-Barville A &#8211; Sotteville A<\/p>\n<h4><a href=\"http:\/\/www.billard-club-sottevillais.com\/?page_id=13035\">Equipe D5 \u2013 18 Janvier 2022<\/a><\/h4>\n<p>l\u2019\u00e9quipe D5 Le Havre C &#8211; Sotteville B<\/p>\n<h4><a href=\"http:\/\/www.billard-club-sottevillais.com\/?page_id=13024\">Libre N3 T2 \u2013 16 Janvier 2022<\/a><\/h4>\n<p>Le 2\u00e8me tour de Libre N3 \u00e0 Louviers<\/p>\n<h4><a href=\"http:\/\/www.billard-club-sottevillais.com\/?page_id=13019\">Libre R1 T2 \u2013 16 Janvier 2022<\/a><\/h4>\n<p>Le 2\u00e8me tour de Libre R1 \u00e0 Sotteville-l\u00e8s-Rouen<\/p>\n<h4><a href=\"http:\/\/www.billard-club-sottevillais.com\/?page_id=13002\">Equipe D5 \u2013 4 Janvier 2022<\/a><\/h4>\n<p>l\u2019\u00e9quipe D5 Sotteville B &#8211; Cormelles C<\/p>\n<h4><a href=\"http:\/\/www.billard-club-sottevillais.com\/?page_id=12971\">Cadre N3 T2 \u2013 12 D\u00e9cembre 2021<\/a><\/h4>\n<p>Le 2\u00e8me tour de Cadre N3 \u00e0 Sotteville-l\u00e8s-Rouen<\/p>\n<h4><a href=\"http:\/\/www.billard-club-sottevillais.com\/?page_id=12967\">Equipe D2 \u2013 7 D\u00e9cembre 2021<\/a><\/h4>\n<p>l\u2019\u00e9quipe D2&nbsp; St Nicolas A &#8211; Sotteville A<\/p>\n<h4><a href=\"http:\/\/www.billard-club-sottevillais.com\/?page_id=12953\">Equipe D5 \u2013 30 Novembre 2021<\/a><\/h4>\n<p>l\u2019\u00e9quipe D5&nbsp; Cormelles D &#8211; Sotteville B<\/p>\n<h4><a href=\"http:\/\/www.billard-club-sottevillais.com\/?page_id=12932\">Equipe D2 \u2013 23 Novembre 2021<\/a><\/h4>\n<p>l\u2019\u00e9quipe D2&nbsp; Sotteville A &#8211; Le Havre A<\/p>\n<h4><a href=\"http:\/\/www.billard-club-sottevillais.com\/?page_id=12908\">Bande R1 T1 \u2013 21 Novembre 2021<\/a><\/h4>\n<p>Le 1er tour de Bande R1 \u00e0 Oissel<\/p>\n<h4><a href=\"http:\/\/www.billard-club-sottevillais.com\/?page_id=12886\">Equipe D5 \u2013 16 Novembre 2021<\/a><\/h4>\n<p>l\u2019\u00e9quipe D5&nbsp; St Marcel A &#8211; Sotteville B<\/p>\n<h4><a href=\"http:\/\/www.billard-club-sottevillais.com\/?page_id=12869\">Equipe D2 \u2013 09 Novembre 2021<\/a><\/h4>\n<p>l\u2019\u00e9quipe D2&nbsp; Sotteville A &#8211; Lisieux A<\/p>\n<h4><a href=\"http:\/\/www.billard-club-sottevillais.com\/?page_id=12836\">Libre N3 T1 \u2013 31 Octobre 2021<\/a><\/h4>\n<p>Le 1er tour de Libre N3 \u00e0 St Nicolas d\u2019aliermont<\/p>\n<h4><a href=\"http:\/\/www.billard-club-sottevillais.com\/?page_id=12834\">Libre R1 T1 \u2013 31 Octobre 2021<\/a><\/h4>\n<p>Le 1er tour de Libre R1 \u00e0 La Saussaye<\/p>\n<h4><a href=\"http:\/\/www.billard-club-sottevillais.com\/?page_id=12819\">Equipe D5 \u2013 26 Octobre 2021<\/a><\/h4>\n<p>l\u2019\u00e9quipe D5&nbsp; Sotteville B \u2013 Le Havre C<\/p>\n<h4><a href=\"http:\/\/www.billard-club-sottevillais.com\/?page_id=12817\">Equipe D2 \u2013 26 Octobre 2021<\/a><\/h4>\n<p>l\u2019\u00e9quipe D2&nbsp; Gaillon A &#8211; Sotteville A<\/p>\n<h4><a href=\"http:\/\/www.billard-club-sottevillais.com\/?page_id=12775\">Libre R3 T1 \u2013 17 Octobre 2021<\/a><\/h4>\n<p>Le 1er tour de Libre R3 \u00e0 St Nicolas d\u2019aliermont<\/p>\n<h4><a href=\"http:\/\/www.billard-club-sottevillais.com\/?page_id=12787\">Cadre N3 T1 \u2013 17 Octobre 2021<\/a><\/h4>\n<p>Le 1er tour de Cadre N3 \u00e0 St Marcel<\/p>\n<h4><a href=\"http:\/\/www.billard-club-sottevillais.com\/?page_id=12761\">Equipe D2 \u2013 12 Octobre 2021<\/a><\/h4>\n<p>l\u2019\u00e9quipe D2&nbsp; Sotteville A \u2013 Cany A<\/p>\n<h4><a href=\"http:\/\/billardcf.cluster010.ovh.net\/?page_id=7193\">Archives comp\u00e9tition<\/a><\/h4>\n<h4>&nbsp;<\/h4>\n\n\n<p><\/p>\n","protected":false},"excerpt":{"rendered":"<p>R\u00e9sultats des Comp\u00e9titions, vous trouverez ici toutes les informations concernant&nbsp;les rencontres sportives auxquelles participe le Billard Club Sottevillais.<\/p>\n","protected":false},"author":7,"featured_media":0,"parent":43,"menu_order":0,"comment_status":"closed","ping_status":"closed","template":"","meta":{"footnotes":""},"class_list":["post-13375","page","type-page","status-publish","hentry"],"_links":{"self":[{"href":"http:\/\/www.billard-club-sottevillais.com\/index.php?rest_route=\/wp\/v2\/pages\/13375","targetHints":{"allow":["GET"]}}],"collection":[{"href":"http:\/\/www.billard-club-sottevillais.com\/index.php?rest_route=\/wp\/v2\/pages"}],"about":[{"href":"http:\/\/www.billard-club-sottevillais.com\/index.php?rest_route=\/wp\/v2\/types\/page"}],"author":[{"embeddable":true,"href":"http:\/\/www.billard-club-sottevillais.com\/index.php?rest_route=\/wp\/v2\/users\/7"}],"replies":[{"embeddable":true,"href":"http:\/\/www.billard-club-sottevillais.com\/index.php?rest_route=%2Fwp%2Fv2%2Fcomments&post=13375"}],"version-history":[{"count":2,"href":"http:\/\/www.billard-club-sottevillais.com\/index.php?rest_route=\/wp\/v2\/pages\/13375\/revisions"}],"predecessor-version":[{"id":13377,"href":"http:\/\/www.billard-club-sottevillais.com\/index.php?rest_route=\/wp\/v2\/pages\/13375\/revisions\/13377"}],"up":[{"embeddable":true,"href":"http:\/\/www.billard-club-sottevillais.com\/index.php?rest_route=\/wp\/v2\/pages\/43"}],"wp:attachment":[{"href":"http:\/\/www.billard-club-sottevillais.com\/index.php?rest_route=%2Fwp%2Fv2%2Fmedia&parent=13375"}],"curies":[{"name":"wp","href":"https:\/\/api.w.org\/{rel}","templated":true}]}}