{"id":13322,"date":"2022-07-04T09:07:32","date_gmt":"2022-07-04T09:07:32","guid":{"rendered":"http:\/\/www.billard-club-sottevillais.com\/?page_id=13322"},"modified":"2022-07-04T09:07:32","modified_gmt":"2022-07-04T09:07:32","slug":"assemblee-generale-2022","status":"publish","type":"page","link":"http:\/\/www.billard-club-sottevillais.com\/?page_id=13322","title":{"rendered":"Assembl\u00e9e G\u00e9n\u00e9rale 2022"},"content":{"rendered":"<p style=\"text-align: justify;\">Le Billard Club Sottevillais a convoqu\u00e9 son Assembl\u00e9e G\u00e9n\u00e9rale le 15 juin 2022. Convoqu\u00e9s pour 9h30, nos adh\u00e9rents sont arriv\u00e9s vers 9h afin de savourer le caf\u00e9 d&rsquo;accueil et les croissants. A son arriv\u00e9e, chaque adh\u00e9rent a re\u00e7u un dossier contenant les divers rapports pr\u00e9sent\u00e9s \u00e0 la r\u00e9union. Avec 26 pr\u00e9sents et 11 pouvoirs, le quorum \u00e9tait atteint. Le Pr\u00e9sident a donc d\u00e9clar\u00e9 l&rsquo;assembl\u00e9e ouverte.<br \/>\nLa Mairie \u00e9tait repr\u00e9sent\u00e9e par M Ferrand, conseiller municipal. A noter la pr\u00e9sence d&rsquo;Olivier Rohmer, directeur du service Jeunesse et Sports.<\/p>\n<p><img loading=\"lazy\" decoding=\"async\" class=\"aligncenter size-full wp-image-13327\" src=\"http:\/\/www.billard-club-sottevillais.com\/wp-content\/uploads\/2022\/07\/Salle.jpg\" alt=\"\" width=\"1024\" height=\"480\" srcset=\"http:\/\/www.billard-club-sottevillais.com\/wp-content\/uploads\/2022\/07\/Salle.jpg 1024w, http:\/\/www.billard-club-sottevillais.com\/wp-content\/uploads\/2022\/07\/Salle-300x141.jpg 300w, http:\/\/www.billard-club-sottevillais.com\/wp-content\/uploads\/2022\/07\/Salle-768x360.jpg 768w\" sizes=\"auto, (max-width: 706px) 89vw, (max-width: 767px) 82vw, 740px\" \/><\/p>\n<p><img loading=\"lazy\" decoding=\"async\" class=\"aligncenter size-full wp-image-13326\" src=\"http:\/\/www.billard-club-sottevillais.com\/wp-content\/uploads\/2022\/07\/Buro2.jpg\" alt=\"\" width=\"1024\" height=\"371\" srcset=\"http:\/\/www.billard-club-sottevillais.com\/wp-content\/uploads\/2022\/07\/Buro2.jpg 1024w, http:\/\/www.billard-club-sottevillais.com\/wp-content\/uploads\/2022\/07\/Buro2-300x109.jpg 300w, http:\/\/www.billard-club-sottevillais.com\/wp-content\/uploads\/2022\/07\/Buro2-768x278.jpg 768w\" sizes=\"auto, (max-width: 706px) 89vw, (max-width: 767px) 82vw, 740px\" \/><\/p>\n<p style=\"text-align: justify;\">Le budget pr\u00e9visionnel \u00e0 \u00e9t\u00e9 vot\u00e9 l&rsquo;unanimit\u00e9. Ainsi, nos adh\u00e9rents ont reconduit la politique g\u00e9n\u00e9rale du club :<\/p>\n<p style=\"padding-left: 40px;\">\u2022 prioriser les d\u00e9penses relatives \u00e0 l\u2019emploi d\u2019un salari\u00e9,<br \/>\n\u2022 entretenir les billards,<br \/>\n\u2022 renforcer notre action en faveur de la formation des joueurs tant pour le billard loisir que la comp\u00e9tition, dans un cadre red\u00e9fini,<br \/>\n\u2022 ma\u00eetriser voire r\u00e9duire les d\u00e9penses courantes,<br \/>\n\u2022 poursuivre notre action en ce qui concerne l&rsquo;indemnisation de l&rsquo;arbitrage, ainsi que celle des joueurs en comp\u00e9tition (selon l&rsquo;\u00e9tat de la tr\u00e9sorerie),<br \/>\n\u2022 poursuivre la participation du club dans les animations,<br \/>\n\u2022 investir raisonnablement dans nos locaux (salle, bureau).<\/p>\n<p>Nous avons ensuite proc\u00e9d\u00e9 \u00e0 l&rsquo;\u00e9lection du tiers sortant : Didier Pollet, Michel Guillaume et Jean-Claude Cardon. Tous trois ont \u00e9t\u00e9 r\u00e9\u00e9lus \u00e0 l&rsquo;unanimit\u00e9.<\/p>\n<p>Vers midi, Bruno Pierrel a prononc\u00e9 la cl\u00f4ture de l&rsquo;AG, il a invit\u00e9 les pr\u00e9sents \u00e0 se retrouver autour d&rsquo;un pot de l&rsquo;amiti\u00e9.<\/p>\n<p><center>[flgallery id=258\/]<\/center><\/p>\n","protected":false},"excerpt":{"rendered":"<p>Le Billard Club Sottevillais a convoqu\u00e9 son Assembl\u00e9e G\u00e9n\u00e9rale le 15 juin 2022. Convoqu\u00e9s pour 9h30, nos adh\u00e9rents sont arriv\u00e9s vers 9h afin de savourer le caf\u00e9 d&rsquo;accueil et les croissants. A son arriv\u00e9e, chaque adh\u00e9rent a re\u00e7u un dossier contenant les divers rapports pr\u00e9sent\u00e9s \u00e0 la r\u00e9union. Avec 26 pr\u00e9sents et 11 pouvoirs, le &hellip; <\/p>\n<p class=\"link-more\"><a href=\"http:\/\/www.billard-club-sottevillais.com\/?page_id=13322\" class=\"more-link\">Continuer la lecture<span class=\"screen-reader-text\"> de &laquo;&nbsp;Assembl\u00e9e G\u00e9n\u00e9rale 2022&nbsp;&raquo;<\/span><\/a><\/p>\n","protected":false},"author":3,"featured_media":0,"parent":0,"menu_order":0,"comment_status":"closed","ping_status":"closed","template":"","meta":{"footnotes":""},"class_list":["post-13322","page","type-page","status-publish","hentry"],"_links":{"self":[{"href":"http:\/\/www.billard-club-sottevillais.com\/index.php?rest_route=\/wp\/v2\/pages\/13322","targetHints":{"allow":["GET"]}}],"collection":[{"href":"http:\/\/www.billard-club-sottevillais.com\/index.php?rest_route=\/wp\/v2\/pages"}],"about":[{"href":"http:\/\/www.billard-club-sottevillais.com\/index.php?rest_route=\/wp\/v2\/types\/page"}],"author":[{"embeddable":true,"href":"http:\/\/www.billard-club-sottevillais.com\/index.php?rest_route=\/wp\/v2\/users\/3"}],"replies":[{"embeddable":true,"href":"http:\/\/www.billard-club-sottevillais.com\/index.php?rest_route=%2Fwp%2Fv2%2Fcomments&post=13322"}],"version-history":[{"count":23,"href":"http:\/\/www.billard-club-sottevillais.com\/index.php?rest_route=\/wp\/v2\/pages\/13322\/revisions"}],"predecessor-version":[{"id":13349,"href":"http:\/\/www.billard-club-sottevillais.com\/index.php?rest_route=\/wp\/v2\/pages\/13322\/revisions\/13349"}],"wp:attachment":[{"href":"http:\/\/www.billard-club-sottevillais.com\/index.php?rest_route=%2Fwp%2Fv2%2Fmedia&parent=13322"}],"curies":[{"name":"wp","href":"https:\/\/api.w.org\/{rel}","templated":true}]}}