{"id":13280,"date":"2022-04-26T18:58:55","date_gmt":"2022-04-26T18:58:55","guid":{"rendered":"http:\/\/www.billard-club-sottevillais.com\/?page_id=13280"},"modified":"2022-04-26T18:58:55","modified_gmt":"2022-04-26T18:58:55","slug":"equipe-d5-26-avril-2022","status":"publish","type":"page","link":"http:\/\/www.billard-club-sottevillais.com\/?page_id=13280","title":{"rendered":"Equipe D5 &#8211; 26 Avril 2022"},"content":{"rendered":"<p style=\"text-align: justify;\">R\u00e9sultats des Tournois, vous trouverez ici toutes les informations concernant les rencontres sportives auxquelles participe le Billard Club Sottevillais.<\/p>\n<p style=\"text-align: center;\"><!--more--><img loading=\"lazy\" decoding=\"async\" class=\"aligncenter size-full wp-image-59\" title=\"sport\" src=\"http:\/\/billardcf.cluster010.ovh.net\/wp-content\/uploads\/2011\/07\/sport.jpg\" alt=\"\" width=\"231\" height=\"116\" \/><\/p>\n<p style=\"text-align: justify;\">Le 26 Avril 2022, l&rsquo;\u00e9quipe D5 du BCS compos\u00e9e de Jackie Legros, Dominique Gueroult et Jan Moree se rendait \u00e0 Cormelles-le-Royal pour la derni\u00e8re rencontre de la saison. Les sottevillais s&rsquo;incline 10 \u00e0 8.<\/p>\n<p><img loading=\"lazy\" decoding=\"async\" class=\"aligncenter size-large wp-image-13282\" src=\"http:\/\/www.billard-club-sottevillais.com\/wp-content\/uploads\/2022\/04\/PL-D5-Cormelles-C-Sotteville-B-26.04.2022-744x1024.jpg\" alt=\"\" width=\"525\" height=\"723\" srcset=\"http:\/\/www.billard-club-sottevillais.com\/wp-content\/uploads\/2022\/04\/PL-D5-Cormelles-C-Sotteville-B-26.04.2022-744x1024.jpg 744w, http:\/\/www.billard-club-sottevillais.com\/wp-content\/uploads\/2022\/04\/PL-D5-Cormelles-C-Sotteville-B-26.04.2022-218x300.jpg 218w, http:\/\/www.billard-club-sottevillais.com\/wp-content\/uploads\/2022\/04\/PL-D5-Cormelles-C-Sotteville-B-26.04.2022-768x1057.jpg 768w, http:\/\/www.billard-club-sottevillais.com\/wp-content\/uploads\/2022\/04\/PL-D5-Cormelles-C-Sotteville-B-26.04.2022.jpg 850w\" sizes=\"auto, (max-width: 525px) 100vw, 525px\" \/><\/p>\n<p style=\"text-align: left;\"><strong>Le pdf ici :<\/strong> <a href=\"http:\/\/www.billard-club-sottevillais.com\/wp-content\/uploads\/2022\/04\/PL-D5-Cormelles-C-Sotteville-B-26.04.2022.pdf\">PL D5 Cormelles C &#8211; Sotteville B 26.04.2022<\/a><\/p>\n\n\n<p><\/p>\n","protected":false},"excerpt":{"rendered":"<p>R\u00e9sultats des Tournois, vous trouverez ici toutes les informations concernant les rencontres sportives auxquelles participe le Billard Club Sottevillais.<\/p>\n","protected":false},"author":7,"featured_media":0,"parent":0,"menu_order":0,"comment_status":"closed","ping_status":"closed","template":"","meta":{"footnotes":""},"class_list":["post-13280","page","type-page","status-publish","hentry"],"_links":{"self":[{"href":"http:\/\/www.billard-club-sottevillais.com\/index.php?rest_route=\/wp\/v2\/pages\/13280","targetHints":{"allow":["GET"]}}],"collection":[{"href":"http:\/\/www.billard-club-sottevillais.com\/index.php?rest_route=\/wp\/v2\/pages"}],"about":[{"href":"http:\/\/www.billard-club-sottevillais.com\/index.php?rest_route=\/wp\/v2\/types\/page"}],"author":[{"embeddable":true,"href":"http:\/\/www.billard-club-sottevillais.com\/index.php?rest_route=\/wp\/v2\/users\/7"}],"replies":[{"embeddable":true,"href":"http:\/\/www.billard-club-sottevillais.com\/index.php?rest_route=%2Fwp%2Fv2%2Fcomments&post=13280"}],"version-history":[{"count":1,"href":"http:\/\/www.billard-club-sottevillais.com\/index.php?rest_route=\/wp\/v2\/pages\/13280\/revisions"}],"predecessor-version":[{"id":13283,"href":"http:\/\/www.billard-club-sottevillais.com\/index.php?rest_route=\/wp\/v2\/pages\/13280\/revisions\/13283"}],"wp:attachment":[{"href":"http:\/\/www.billard-club-sottevillais.com\/index.php?rest_route=%2Fwp%2Fv2%2Fmedia&parent=13280"}],"curies":[{"name":"wp","href":"https:\/\/api.w.org\/{rel}","templated":true}]}}