{"id":13271,"date":"2022-04-18T07:11:37","date_gmt":"2022-04-18T07:11:37","guid":{"rendered":"http:\/\/www.billard-club-sottevillais.com\/?page_id=13271"},"modified":"2022-04-18T07:17:05","modified_gmt":"2022-04-18T07:17:05","slug":"libre-n3-finale-de-normandie-17-avril-2022","status":"publish","type":"page","link":"http:\/\/www.billard-club-sottevillais.com\/?page_id=13271","title":{"rendered":"Libre N3 &#8211; Finale de Normandie &#8211; 17 Avril 2022"},"content":{"rendered":"<p style=\"text-align: justify;\">R\u00e9sultats des Tournois, vous trouverez ici toutes les informations concernant les rencontres sportives auxquelles participe le Billard Club Sottevillais.<\/p>\n<p style=\"text-align: center;\"><!--more--><img loading=\"lazy\" decoding=\"async\" class=\"aligncenter size-full wp-image-59\" title=\"sport\" src=\"http:\/\/billardcf.cluster010.ovh.net\/wp-content\/uploads\/2011\/07\/sport.jpg\" alt=\"\" width=\"231\" height=\"116\" \/><\/p>\n<p>La Finale de ligue de Normandie Libre Nationale 3 s&rsquo;est d\u00e9roul\u00e9e le 17 Avril 2022 \u00e0 Louviers.<\/p>\n<p>Jacques repr\u00e9sentait le BCS pour cette finale \u00e0 4.<\/p>\n<p>Jacques avec 3 victoires, termine 1er. Il est donc champion de Normandie.<\/p>\n<p>Il repr\u00e9sentera la r\u00e9gion en Finale de France \u00e0 St Etienne dans la Loire le 7 et 8 mai prochain.<\/p>\n<p style=\"text-align: center;\"><img loading=\"lazy\" decoding=\"async\" class=\"aligncenter wp-image-13272\" src=\"http:\/\/www.billard-club-sottevillais.com\/wp-content\/uploads\/2022\/04\/Libre-N3-FL-17.04.2022-Louviers-1024x724.jpg\" alt=\"\" width=\"820\" height=\"580\" srcset=\"http:\/\/www.billard-club-sottevillais.com\/wp-content\/uploads\/2022\/04\/Libre-N3-FL-17.04.2022-Louviers-1024x724.jpg 1024w, http:\/\/www.billard-club-sottevillais.com\/wp-content\/uploads\/2022\/04\/Libre-N3-FL-17.04.2022-Louviers-300x212.jpg 300w, http:\/\/www.billard-club-sottevillais.com\/wp-content\/uploads\/2022\/04\/Libre-N3-FL-17.04.2022-Louviers-768x543.jpg 768w, http:\/\/www.billard-club-sottevillais.com\/wp-content\/uploads\/2022\/04\/Libre-N3-FL-17.04.2022-Louviers-1536x1086.jpg 1536w, http:\/\/www.billard-club-sottevillais.com\/wp-content\/uploads\/2022\/04\/Libre-N3-FL-17.04.2022-Louviers-rotated.jpg 1754w\" sizes=\"auto, (max-width: 706px) 89vw, (max-width: 767px) 82vw, 740px\" \/><\/p>\n<h4>Le pdf ici :\u00a0<a href=\"http:\/\/www.billard-club-sottevillais.com\/wp-content\/uploads\/2022\/04\/Libre-N3-FL-17.04.2022-Louviers.pdf\" target=\"_blank\" rel=\"noopener\">Libre N3 FL 17.04.2022 Louviers<\/a><\/h4>\n<h4><\/h4>\n<h4><\/h4>\n","protected":false},"excerpt":{"rendered":"<p>R\u00e9sultats des Tournois, vous trouverez ici toutes les informations concernant les rencontres sportives auxquelles participe le Billard Club Sottevillais.<\/p>\n","protected":false},"author":7,"featured_media":0,"parent":0,"menu_order":0,"comment_status":"closed","ping_status":"closed","template":"","meta":{"footnotes":""},"class_list":["post-13271","page","type-page","status-publish","hentry"],"_links":{"self":[{"href":"http:\/\/www.billard-club-sottevillais.com\/index.php?rest_route=\/wp\/v2\/pages\/13271","targetHints":{"allow":["GET"]}}],"collection":[{"href":"http:\/\/www.billard-club-sottevillais.com\/index.php?rest_route=\/wp\/v2\/pages"}],"about":[{"href":"http:\/\/www.billard-club-sottevillais.com\/index.php?rest_route=\/wp\/v2\/types\/page"}],"author":[{"embeddable":true,"href":"http:\/\/www.billard-club-sottevillais.com\/index.php?rest_route=\/wp\/v2\/users\/7"}],"replies":[{"embeddable":true,"href":"http:\/\/www.billard-club-sottevillais.com\/index.php?rest_route=%2Fwp%2Fv2%2Fcomments&post=13271"}],"version-history":[{"count":3,"href":"http:\/\/www.billard-club-sottevillais.com\/index.php?rest_route=\/wp\/v2\/pages\/13271\/revisions"}],"predecessor-version":[{"id":13277,"href":"http:\/\/www.billard-club-sottevillais.com\/index.php?rest_route=\/wp\/v2\/pages\/13271\/revisions\/13277"}],"wp:attachment":[{"href":"http:\/\/www.billard-club-sottevillais.com\/index.php?rest_route=%2Fwp%2Fv2%2Fmedia&parent=13271"}],"curies":[{"name":"wp","href":"https:\/\/api.w.org\/{rel}","templated":true}]}}