{"id":13262,"date":"2022-04-16T17:00:46","date_gmt":"2022-04-16T17:00:46","guid":{"rendered":"http:\/\/www.billard-club-sottevillais.com\/?page_id=13262"},"modified":"2022-04-16T17:01:24","modified_gmt":"2022-04-16T17:01:24","slug":"libre-r1-finale-de-normandie-16-avril-2022","status":"publish","type":"page","link":"http:\/\/www.billard-club-sottevillais.com\/?page_id=13262","title":{"rendered":"Libre R1 Finale de Normandie &#8211; 16 Avril 2022"},"content":{"rendered":"<p style=\"text-align: justify;\">R\u00e9sultats des Tournois, vous trouverez ici toutes les informations concernant les rencontres sportives auxquelles participe le Billard Club Sottevillais.<\/p>\n<p style=\"text-align: center;\"><!--more--><img loading=\"lazy\" decoding=\"async\" class=\"aligncenter size-full wp-image-59\" title=\"sport\" src=\"http:\/\/billardcf.cluster010.ovh.net\/wp-content\/uploads\/2011\/07\/sport.jpg\" alt=\"\" width=\"231\" height=\"116\" \/><\/p>\n<p>La Finale de ligue de Normandie Libre r\u00e9gionale 1 s&rsquo;est d\u00e9roul\u00e9e le 16 Avril 2022 \u00e0 Evreux.<\/p>\n<p>Bruno repr\u00e9sentait le BCS pour cette finale \u00e0 4.<\/p>\n<p>Bruno avec 1 victoires et 2 d\u00e9faites finit 3\u00e8me.<\/p>\n<p>J\u00e9r\u00f4me Staigre de La Saussaye avec 2 victoires et 1 d\u00e9faite, termine 1er. Il est donc champion de Normandie.<\/p>\n<p style=\"text-align: center;\"><img loading=\"lazy\" decoding=\"async\" class=\"aligncenter wp-image-13264\" src=\"http:\/\/www.billard-club-sottevillais.com\/wp-content\/uploads\/2022\/04\/Libre-R1-Finale-LNB-16.04.2022-Evreux-1024x724.jpg\" alt=\"\" width=\"820\" height=\"580\" srcset=\"http:\/\/www.billard-club-sottevillais.com\/wp-content\/uploads\/2022\/04\/Libre-R1-Finale-LNB-16.04.2022-Evreux-1024x724.jpg 1024w, http:\/\/www.billard-club-sottevillais.com\/wp-content\/uploads\/2022\/04\/Libre-R1-Finale-LNB-16.04.2022-Evreux-300x212.jpg 300w, http:\/\/www.billard-club-sottevillais.com\/wp-content\/uploads\/2022\/04\/Libre-R1-Finale-LNB-16.04.2022-Evreux-768x543.jpg 768w, http:\/\/www.billard-club-sottevillais.com\/wp-content\/uploads\/2022\/04\/Libre-R1-Finale-LNB-16.04.2022-Evreux-1536x1086.jpg 1536w, http:\/\/www.billard-club-sottevillais.com\/wp-content\/uploads\/2022\/04\/Libre-R1-Finale-LNB-16.04.2022-Evreux-rotated.jpg 1754w\" sizes=\"auto, (max-width: 706px) 89vw, (max-width: 767px) 82vw, 740px\" \/><\/p>\n<h4><\/h4>\n<h4>Le pdf ici : <a href=\"http:\/\/www.billard-club-sottevillais.com\/wp-content\/uploads\/2022\/04\/Libre-R1-Finale-LNB-16.04.2022-Evreux.pdf\" target=\"_blank\" rel=\"noopener\">Libre R1 Finale LNB 16.04.2022 Evreux<\/a><\/h4>\n","protected":false},"excerpt":{"rendered":"<p>R\u00e9sultats des Tournois, vous trouverez ici toutes les informations concernant les rencontres sportives auxquelles participe le Billard Club Sottevillais.<\/p>\n","protected":false},"author":7,"featured_media":0,"parent":0,"menu_order":0,"comment_status":"closed","ping_status":"closed","template":"","meta":{"footnotes":""},"class_list":["post-13262","page","type-page","status-publish","hentry"],"_links":{"self":[{"href":"http:\/\/www.billard-club-sottevillais.com\/index.php?rest_route=\/wp\/v2\/pages\/13262","targetHints":{"allow":["GET"]}}],"collection":[{"href":"http:\/\/www.billard-club-sottevillais.com\/index.php?rest_route=\/wp\/v2\/pages"}],"about":[{"href":"http:\/\/www.billard-club-sottevillais.com\/index.php?rest_route=\/wp\/v2\/types\/page"}],"author":[{"embeddable":true,"href":"http:\/\/www.billard-club-sottevillais.com\/index.php?rest_route=\/wp\/v2\/users\/7"}],"replies":[{"embeddable":true,"href":"http:\/\/www.billard-club-sottevillais.com\/index.php?rest_route=%2Fwp%2Fv2%2Fcomments&post=13262"}],"version-history":[{"count":3,"href":"http:\/\/www.billard-club-sottevillais.com\/index.php?rest_route=\/wp\/v2\/pages\/13262\/revisions"}],"predecessor-version":[{"id":13267,"href":"http:\/\/www.billard-club-sottevillais.com\/index.php?rest_route=\/wp\/v2\/pages\/13262\/revisions\/13267"}],"wp:attachment":[{"href":"http:\/\/www.billard-club-sottevillais.com\/index.php?rest_route=%2Fwp%2Fv2%2Fmedia&parent=13262"}],"curies":[{"name":"wp","href":"https:\/\/api.w.org\/{rel}","templated":true}]}}