{"id":13198,"date":"2022-04-05T18:26:58","date_gmt":"2022-04-05T18:26:58","guid":{"rendered":"http:\/\/www.billard-club-sottevillais.com\/?page_id=13198"},"modified":"2022-04-05T18:26:58","modified_gmt":"2022-04-05T18:26:58","slug":"equipe-d5-05-avril-2022","status":"publish","type":"page","link":"http:\/\/www.billard-club-sottevillais.com\/?page_id=13198","title":{"rendered":"Equipe D5 &#8211; 05 avril 2022"},"content":{"rendered":"<p style=\"text-align: justify;\">R\u00e9sultats des Tournois, vous trouverez ici toutes les informations concernant les rencontres sportives auxquelles participe le Billard Club Sottevillais.<\/p>\n<p style=\"text-align: center;\"><!--more--><img loading=\"lazy\" decoding=\"async\" class=\"aligncenter size-full wp-image-59\" title=\"sport\" src=\"http:\/\/billardcf.cluster010.ovh.net\/wp-content\/uploads\/2011\/07\/sport.jpg\" alt=\"\" width=\"231\" height=\"116\" \/><\/p>\n<p style=\"text-align: justify;\">Le 18 Janvier 2022, l&rsquo;\u00e9quipe D5 du BCS compos\u00e9e de Jackie Legros, Dominique Gueroult et Jan Moree recevait Cormelles le Royal. Les sottevillais s&rsquo;incline 16 \u00e0 2.<\/p>\n<p><img loading=\"lazy\" decoding=\"async\" class=\"aligncenter wp-image-13199\" src=\"http:\/\/www.billard-club-sottevillais.com\/wp-content\/uploads\/2022\/04\/PL-D5-Sotteville-B-Cormelles-D-05.04.2022-724x1024.jpg\" alt=\"\" width=\"830\" height=\"1174\" srcset=\"http:\/\/www.billard-club-sottevillais.com\/wp-content\/uploads\/2022\/04\/PL-D5-Sotteville-B-Cormelles-D-05.04.2022-724x1024.jpg 724w, http:\/\/www.billard-club-sottevillais.com\/wp-content\/uploads\/2022\/04\/PL-D5-Sotteville-B-Cormelles-D-05.04.2022-212x300.jpg 212w, http:\/\/www.billard-club-sottevillais.com\/wp-content\/uploads\/2022\/04\/PL-D5-Sotteville-B-Cormelles-D-05.04.2022-768x1086.jpg 768w, http:\/\/www.billard-club-sottevillais.com\/wp-content\/uploads\/2022\/04\/PL-D5-Sotteville-B-Cormelles-D-05.04.2022-1086x1536.jpg 1086w, http:\/\/www.billard-club-sottevillais.com\/wp-content\/uploads\/2022\/04\/PL-D5-Sotteville-B-Cormelles-D-05.04.2022.jpg 1240w\" sizes=\"auto, (max-width: 706px) 89vw, (max-width: 767px) 82vw, 740px\" \/><\/p>\n<p style=\"text-align: left;\"><strong>Le pdf ici : <a href=\"http:\/\/www.billard-club-sottevillais.com\/wp-content\/uploads\/2022\/04\/PL-D5-Sotteville-B-Cormelles-D-05.04.2022.pdf\" target=\"_blank\" rel=\"noopener\">PL D5 Sotteville B &#8211; Cormelles D 05.04.2022<\/a><\/strong><\/p>\n\n\n<p><\/p>\n","protected":false},"excerpt":{"rendered":"<p>R\u00e9sultats des Tournois, vous trouverez ici toutes les informations concernant les rencontres sportives auxquelles participe le Billard Club Sottevillais.<\/p>\n","protected":false},"author":7,"featured_media":0,"parent":0,"menu_order":0,"comment_status":"closed","ping_status":"closed","template":"","meta":{"footnotes":""},"class_list":["post-13198","page","type-page","status-publish","hentry"],"_links":{"self":[{"href":"http:\/\/www.billard-club-sottevillais.com\/index.php?rest_route=\/wp\/v2\/pages\/13198","targetHints":{"allow":["GET"]}}],"collection":[{"href":"http:\/\/www.billard-club-sottevillais.com\/index.php?rest_route=\/wp\/v2\/pages"}],"about":[{"href":"http:\/\/www.billard-club-sottevillais.com\/index.php?rest_route=\/wp\/v2\/types\/page"}],"author":[{"embeddable":true,"href":"http:\/\/www.billard-club-sottevillais.com\/index.php?rest_route=\/wp\/v2\/users\/7"}],"replies":[{"embeddable":true,"href":"http:\/\/www.billard-club-sottevillais.com\/index.php?rest_route=%2Fwp%2Fv2%2Fcomments&post=13198"}],"version-history":[{"count":1,"href":"http:\/\/www.billard-club-sottevillais.com\/index.php?rest_route=\/wp\/v2\/pages\/13198\/revisions"}],"predecessor-version":[{"id":13201,"href":"http:\/\/www.billard-club-sottevillais.com\/index.php?rest_route=\/wp\/v2\/pages\/13198\/revisions\/13201"}],"wp:attachment":[{"href":"http:\/\/www.billard-club-sottevillais.com\/index.php?rest_route=%2Fwp%2Fv2%2Fmedia&parent=13198"}],"curies":[{"name":"wp","href":"https:\/\/api.w.org\/{rel}","templated":true}]}}