{"id":13121,"date":"2022-03-20T17:08:33","date_gmt":"2022-03-20T17:08:33","guid":{"rendered":"http:\/\/www.billard-club-sottevillais.com\/?page_id=13121"},"modified":"2022-03-20T17:12:38","modified_gmt":"2022-03-20T17:12:38","slug":"cadre-n3-42-2-finale-de-normandie","status":"publish","type":"page","link":"http:\/\/www.billard-club-sottevillais.com\/?page_id=13121","title":{"rendered":"Cadre N3 42\/2 Finale de Normandie"},"content":{"rendered":"<p style=\"text-align: justify;\">R\u00e9sultats des Tournois, vous trouverez ici toutes les informations concernant les rencontres sportives auxquelles participe le Billard Club Sottevillais.<\/p>\n<p style=\"text-align: center;\"><!--more--><img loading=\"lazy\" decoding=\"async\" class=\"aligncenter size-full wp-image-59\" title=\"sport\" src=\"http:\/\/billardcf.cluster010.ovh.net\/wp-content\/uploads\/2011\/07\/sport.jpg\" alt=\"\" width=\"231\" height=\"116\" \/><\/p>\n<p>La Finale de Normandie au cadre 42\/2 N3 s&rsquo;est d\u00e9roul\u00e9e le 20 Mars 2022 \u00e0 Rouen. Jacques Alexandre repr\u00e9sentait le BCS dans une finale \u00e0 3 avec pour distance 120 points ou 20 reprises.<\/p>\n<p>En remportant ces deux matchs, Jacques s&rsquo;adjuge la 1\u00e8re place. Il est champion de Normandie.<\/p>\n<p>Il repr\u00e9sentera la R\u00e9gion en finale de France le 9 et 10 avril prochain \u00e0 Romans-sur-Is\u00e8re.<\/p>\n<p style=\"text-align: center;\"><img loading=\"lazy\" decoding=\"async\" class=\"aligncenter wp-image-13123\" src=\"http:\/\/www.billard-club-sottevillais.com\/wp-content\/uploads\/2022\/03\/CADRE-N3-FL-20.03.2022-Rouen-1024x724.jpg\" alt=\"\" width=\"750\" height=\"530\" srcset=\"http:\/\/www.billard-club-sottevillais.com\/wp-content\/uploads\/2022\/03\/CADRE-N3-FL-20.03.2022-Rouen-1024x724.jpg 1024w, http:\/\/www.billard-club-sottevillais.com\/wp-content\/uploads\/2022\/03\/CADRE-N3-FL-20.03.2022-Rouen-300x212.jpg 300w, http:\/\/www.billard-club-sottevillais.com\/wp-content\/uploads\/2022\/03\/CADRE-N3-FL-20.03.2022-Rouen-768x543.jpg 768w, http:\/\/www.billard-club-sottevillais.com\/wp-content\/uploads\/2022\/03\/CADRE-N3-FL-20.03.2022-Rouen-1536x1086.jpg 1536w, http:\/\/www.billard-club-sottevillais.com\/wp-content\/uploads\/2022\/03\/CADRE-N3-FL-20.03.2022-Rouen-rotated.jpg 1754w\" sizes=\"auto, (max-width: 706px) 89vw, (max-width: 767px) 82vw, 740px\" \/><\/p>\n<h4>Le pdf ici : <a href=\"http:\/\/www.billard-club-sottevillais.com\/wp-content\/uploads\/2022\/03\/CADRE-N3-FL-20.03.2022-Rouen.pdf\" target=\"_blank\" rel=\"noopener\">CADRE N3 FL 20.03.2022 Rouen<\/a><\/h4>\n","protected":false},"excerpt":{"rendered":"<p>R\u00e9sultats des Tournois, vous trouverez ici toutes les informations concernant les rencontres sportives auxquelles participe le Billard Club Sottevillais.<\/p>\n","protected":false},"author":7,"featured_media":0,"parent":0,"menu_order":0,"comment_status":"closed","ping_status":"closed","template":"","meta":{"footnotes":""},"class_list":["post-13121","page","type-page","status-publish","hentry"],"_links":{"self":[{"href":"http:\/\/www.billard-club-sottevillais.com\/index.php?rest_route=\/wp\/v2\/pages\/13121","targetHints":{"allow":["GET"]}}],"collection":[{"href":"http:\/\/www.billard-club-sottevillais.com\/index.php?rest_route=\/wp\/v2\/pages"}],"about":[{"href":"http:\/\/www.billard-club-sottevillais.com\/index.php?rest_route=\/wp\/v2\/types\/page"}],"author":[{"embeddable":true,"href":"http:\/\/www.billard-club-sottevillais.com\/index.php?rest_route=\/wp\/v2\/users\/7"}],"replies":[{"embeddable":true,"href":"http:\/\/www.billard-club-sottevillais.com\/index.php?rest_route=%2Fwp%2Fv2%2Fcomments&post=13121"}],"version-history":[{"count":3,"href":"http:\/\/www.billard-club-sottevillais.com\/index.php?rest_route=\/wp\/v2\/pages\/13121\/revisions"}],"predecessor-version":[{"id":13127,"href":"http:\/\/www.billard-club-sottevillais.com\/index.php?rest_route=\/wp\/v2\/pages\/13121\/revisions\/13127"}],"wp:attachment":[{"href":"http:\/\/www.billard-club-sottevillais.com\/index.php?rest_route=%2Fwp%2Fv2%2Fmedia&parent=13121"}],"curies":[{"name":"wp","href":"https:\/\/api.w.org\/{rel}","templated":true}]}}