{"id":13082,"date":"2022-02-27T18:45:51","date_gmt":"2022-02-27T18:45:51","guid":{"rendered":"http:\/\/www.billard-club-sottevillais.com\/?page_id=13082"},"modified":"2022-02-27T18:47:19","modified_gmt":"2022-02-27T18:47:19","slug":"libre-r1-t3-27-fevrier-2022","status":"publish","type":"page","link":"http:\/\/www.billard-club-sottevillais.com\/?page_id=13082","title":{"rendered":"Libre R1 T3 &#8211; 27 F\u00e9vrier 2022"},"content":{"rendered":"<p style=\"text-align: justify;\">R\u00e9sultats des Tournois, vous trouverez ici toutes les informations concernant les rencontres sportives auxquelles participe le Billard Club Sottevillais.<\/p>\n<p style=\"text-align: center;\"><!--more--><img loading=\"lazy\" decoding=\"async\" class=\"aligncenter size-full wp-image-59\" title=\"sport\" src=\"http:\/\/billardcf.cluster010.ovh.net\/wp-content\/uploads\/2011\/07\/sport.jpg\" alt=\"\" width=\"231\" height=\"116\" \/><\/p>\n<p style=\"text-align: justify;\">Le 27 F\u00e9vrier 2022, a lieu le 3\u00e8me tour de libre R1 \u00e0 Sotteville-l\u00e8s-Rouen. Bruno Pierrel participait \u00e0 ce tour de jeu.<\/p>\n<p style=\"text-align: justify;\">Bruno finit 3\u00e8me. Georges Bezard de La Saussaye prend la 1\u00e8re place.<\/p>\n<p style=\"text-align: justify;\"><img loading=\"lazy\" decoding=\"async\" class=\"aligncenter size-large wp-image-13091\" src=\"http:\/\/www.billard-club-sottevillais.com\/wp-content\/uploads\/2022\/02\/Libre-R1-T3-27-02-2022-Sotteville1-724x1024.jpg\" alt=\"\" width=\"525\" height=\"743\" srcset=\"http:\/\/www.billard-club-sottevillais.com\/wp-content\/uploads\/2022\/02\/Libre-R1-T3-27-02-2022-Sotteville1-724x1024.jpg 724w, http:\/\/www.billard-club-sottevillais.com\/wp-content\/uploads\/2022\/02\/Libre-R1-T3-27-02-2022-Sotteville1-212x300.jpg 212w, http:\/\/www.billard-club-sottevillais.com\/wp-content\/uploads\/2022\/02\/Libre-R1-T3-27-02-2022-Sotteville1-768x1086.jpg 768w, http:\/\/www.billard-club-sottevillais.com\/wp-content\/uploads\/2022\/02\/Libre-R1-T3-27-02-2022-Sotteville1-1086x1536.jpg 1086w, http:\/\/www.billard-club-sottevillais.com\/wp-content\/uploads\/2022\/02\/Libre-R1-T3-27-02-2022-Sotteville1.jpg 1240w\" sizes=\"auto, (max-width: 525px) 100vw, 525px\" \/><img loading=\"lazy\" decoding=\"async\" class=\"aligncenter size-large wp-image-13092\" src=\"http:\/\/www.billard-club-sottevillais.com\/wp-content\/uploads\/2022\/02\/Libre-R1-T3-27-02-2022-Sotteville2-724x1024.jpg\" alt=\"\" width=\"525\" height=\"743\" srcset=\"http:\/\/www.billard-club-sottevillais.com\/wp-content\/uploads\/2022\/02\/Libre-R1-T3-27-02-2022-Sotteville2-724x1024.jpg 724w, http:\/\/www.billard-club-sottevillais.com\/wp-content\/uploads\/2022\/02\/Libre-R1-T3-27-02-2022-Sotteville2-212x300.jpg 212w, http:\/\/www.billard-club-sottevillais.com\/wp-content\/uploads\/2022\/02\/Libre-R1-T3-27-02-2022-Sotteville2-768x1086.jpg 768w, http:\/\/www.billard-club-sottevillais.com\/wp-content\/uploads\/2022\/02\/Libre-R1-T3-27-02-2022-Sotteville2-1086x1536.jpg 1086w, http:\/\/www.billard-club-sottevillais.com\/wp-content\/uploads\/2022\/02\/Libre-R1-T3-27-02-2022-Sotteville2.jpg 1240w\" sizes=\"auto, (max-width: 525px) 100vw, 525px\" \/> Le pdf ici : <a href=\"http:\/\/www.billard-club-sottevillais.com\/wp-content\/uploads\/2022\/02\/Libre-R1-T3-27-02-2022-Sotteville.pdf\">Libre R1 T3 &#8211; 27-02-2022 Sotteville<\/a><\/p>\n\n\n<p><\/p>\n","protected":false},"excerpt":{"rendered":"<p>R\u00e9sultats des Tournois, vous trouverez ici toutes les informations concernant les rencontres sportives auxquelles participe le Billard Club Sottevillais.<\/p>\n","protected":false},"author":7,"featured_media":0,"parent":0,"menu_order":0,"comment_status":"closed","ping_status":"closed","template":"","meta":{"footnotes":""},"class_list":["post-13082","page","type-page","status-publish","hentry"],"_links":{"self":[{"href":"http:\/\/www.billard-club-sottevillais.com\/index.php?rest_route=\/wp\/v2\/pages\/13082","targetHints":{"allow":["GET"]}}],"collection":[{"href":"http:\/\/www.billard-club-sottevillais.com\/index.php?rest_route=\/wp\/v2\/pages"}],"about":[{"href":"http:\/\/www.billard-club-sottevillais.com\/index.php?rest_route=\/wp\/v2\/types\/page"}],"author":[{"embeddable":true,"href":"http:\/\/www.billard-club-sottevillais.com\/index.php?rest_route=\/wp\/v2\/users\/7"}],"replies":[{"embeddable":true,"href":"http:\/\/www.billard-club-sottevillais.com\/index.php?rest_route=%2Fwp%2Fv2%2Fcomments&post=13082"}],"version-history":[{"count":4,"href":"http:\/\/www.billard-club-sottevillais.com\/index.php?rest_route=\/wp\/v2\/pages\/13082\/revisions"}],"predecessor-version":[{"id":13096,"href":"http:\/\/www.billard-club-sottevillais.com\/index.php?rest_route=\/wp\/v2\/pages\/13082\/revisions\/13096"}],"wp:attachment":[{"href":"http:\/\/www.billard-club-sottevillais.com\/index.php?rest_route=%2Fwp%2Fv2%2Fmedia&parent=13082"}],"curies":[{"name":"wp","href":"https:\/\/api.w.org\/{rel}","templated":true}]}}