{"id":13065,"date":"2022-02-13T17:16:56","date_gmt":"2022-02-13T17:16:56","guid":{"rendered":"http:\/\/www.billard-club-sottevillais.com\/?page_id=13065"},"modified":"2022-02-13T17:16:56","modified_gmt":"2022-02-13T17:16:56","slug":"cadre-n3-42-2-t3-13-fevrier-2022","status":"publish","type":"page","link":"http:\/\/www.billard-club-sottevillais.com\/?page_id=13065","title":{"rendered":"Cadre N3 42\/2 T3 &#8211; 13 F\u00e9vrier 2022"},"content":{"rendered":"<p style=\"text-align: justify;\">R\u00e9sultats des Tournois, vous trouverez ici toutes les informations concernant les rencontres sportives auxquelles participe le Billard Club Sottevillais.<\/p>\n<p style=\"text-align: center;\"><!--more--><img loading=\"lazy\" decoding=\"async\" class=\"aligncenter size-full wp-image-59\" title=\"sport\" src=\"http:\/\/billardcf.cluster010.ovh.net\/wp-content\/uploads\/2011\/07\/sport.jpg\" alt=\"\" width=\"231\" height=\"116\" \/><\/p>\n<p style=\"text-align: justify;\">Le 3\u00e8me tour de cadre 42\/2 N3 s&rsquo;est d\u00e9roul\u00e9 le 13 f\u00e9vrier 2022 \u00e0 La Saussaye. Jacques Alexandre repr\u00e9sentait le BCS.<\/p>\n<p style=\"text-align: justify;\">Jacques remporte ce tour.<\/p>\n<p style=\"text-align: center;\"><img loading=\"lazy\" decoding=\"async\" class=\"aligncenter wp-image-13066\" src=\"http:\/\/www.billard-club-sottevillais.com\/wp-content\/uploads\/2022\/02\/Cadre-T3-N3-La-Saussaye-13-2-22-1024x724.jpg\" alt=\"\" width=\"738\" height=\"522\" srcset=\"http:\/\/www.billard-club-sottevillais.com\/wp-content\/uploads\/2022\/02\/Cadre-T3-N3-La-Saussaye-13-2-22-1024x724.jpg 1024w, http:\/\/www.billard-club-sottevillais.com\/wp-content\/uploads\/2022\/02\/Cadre-T3-N3-La-Saussaye-13-2-22-300x212.jpg 300w, http:\/\/www.billard-club-sottevillais.com\/wp-content\/uploads\/2022\/02\/Cadre-T3-N3-La-Saussaye-13-2-22-768x543.jpg 768w, http:\/\/www.billard-club-sottevillais.com\/wp-content\/uploads\/2022\/02\/Cadre-T3-N3-La-Saussaye-13-2-22-1536x1086.jpg 1536w, http:\/\/www.billard-club-sottevillais.com\/wp-content\/uploads\/2022\/02\/Cadre-T3-N3-La-Saussaye-13-2-22-rotated.jpg 1754w\" sizes=\"auto, (max-width: 738px) 100vw, 738px\" \/><\/p>\n<h4 style=\"padding-left: 30px;\">Le pdf ici : <a href=\"http:\/\/www.billard-club-sottevillais.com\/wp-content\/uploads\/2022\/02\/Cadre-T3-N3-La-Saussaye-13-2-22.pdf\" target=\"_blank\" rel=\"noopener\">Cadre T3 N3 La Saussaye 13-2-22<\/a><\/h4>\n<h4 style=\"padding-left: 30px;\"><\/h4>\n","protected":false},"excerpt":{"rendered":"<p>R\u00e9sultats des Tournois, vous trouverez ici toutes les informations concernant les rencontres sportives auxquelles participe le Billard Club Sottevillais.<\/p>\n","protected":false},"author":7,"featured_media":0,"parent":0,"menu_order":0,"comment_status":"closed","ping_status":"closed","template":"","meta":{"footnotes":""},"class_list":["post-13065","page","type-page","status-publish","hentry"],"_links":{"self":[{"href":"http:\/\/www.billard-club-sottevillais.com\/index.php?rest_route=\/wp\/v2\/pages\/13065","targetHints":{"allow":["GET"]}}],"collection":[{"href":"http:\/\/www.billard-club-sottevillais.com\/index.php?rest_route=\/wp\/v2\/pages"}],"about":[{"href":"http:\/\/www.billard-club-sottevillais.com\/index.php?rest_route=\/wp\/v2\/types\/page"}],"author":[{"embeddable":true,"href":"http:\/\/www.billard-club-sottevillais.com\/index.php?rest_route=\/wp\/v2\/users\/7"}],"replies":[{"embeddable":true,"href":"http:\/\/www.billard-club-sottevillais.com\/index.php?rest_route=%2Fwp%2Fv2%2Fcomments&post=13065"}],"version-history":[{"count":2,"href":"http:\/\/www.billard-club-sottevillais.com\/index.php?rest_route=\/wp\/v2\/pages\/13065\/revisions"}],"predecessor-version":[{"id":13069,"href":"http:\/\/www.billard-club-sottevillais.com\/index.php?rest_route=\/wp\/v2\/pages\/13065\/revisions\/13069"}],"wp:attachment":[{"href":"http:\/\/www.billard-club-sottevillais.com\/index.php?rest_route=%2Fwp%2Fv2%2Fmedia&parent=13065"}],"curies":[{"name":"wp","href":"https:\/\/api.w.org\/{rel}","templated":true}]}}