{"id":13002,"date":"2022-01-04T20:05:56","date_gmt":"2022-01-04T20:05:56","guid":{"rendered":"http:\/\/www.billard-club-sottevillais.com\/?page_id=13002"},"modified":"2022-01-04T20:07:00","modified_gmt":"2022-01-04T20:07:00","slug":"equipe-d5-04-janvier-2022","status":"publish","type":"page","link":"http:\/\/www.billard-club-sottevillais.com\/?page_id=13002","title":{"rendered":"Equipe D5 &#8211; 04 Janvier 2022"},"content":{"rendered":"<p>R\u00e9sultats des Tournois, vous trouverez ici toutes les informations concernant les rencontres sportives auxquelles participe le Billard Club Sottevillais.<\/p>\n<p style=\"text-align: center;\"><!--more--><img loading=\"lazy\" decoding=\"async\" class=\"aligncenter size-full wp-image-59\" title=\"sport\" src=\"http:\/\/billardcf.cluster010.ovh.net\/wp-content\/uploads\/2011\/07\/sport.jpg\" alt=\"\" width=\"231\" height=\"116\" \/><\/p>\n<p style=\"text-align: justify;\">Le 04 Janvier 2022, l&rsquo;\u00e9quipe D5 du BCS compos\u00e9e de Guy Grenu, Dominique Gueroult et Jan Moree recevait Cormelles C. Les sottevillais s&rsquo;incline 10 \u00e0 8.<\/p>\n<p style=\"text-align: justify;\"><img loading=\"lazy\" decoding=\"async\" class=\"aligncenter size-large wp-image-13003\" src=\"http:\/\/www.billard-club-sottevillais.com\/wp-content\/uploads\/2022\/01\/Equipe-D5-Sotteville-B-Cormelles-C-04-01-2022-724x1024.jpg\" alt=\"\" width=\"525\" height=\"743\" srcset=\"http:\/\/www.billard-club-sottevillais.com\/wp-content\/uploads\/2022\/01\/Equipe-D5-Sotteville-B-Cormelles-C-04-01-2022-724x1024.jpg 724w, http:\/\/www.billard-club-sottevillais.com\/wp-content\/uploads\/2022\/01\/Equipe-D5-Sotteville-B-Cormelles-C-04-01-2022-212x300.jpg 212w, http:\/\/www.billard-club-sottevillais.com\/wp-content\/uploads\/2022\/01\/Equipe-D5-Sotteville-B-Cormelles-C-04-01-2022-768x1086.jpg 768w, http:\/\/www.billard-club-sottevillais.com\/wp-content\/uploads\/2022\/01\/Equipe-D5-Sotteville-B-Cormelles-C-04-01-2022-1086x1536.jpg 1086w, http:\/\/www.billard-club-sottevillais.com\/wp-content\/uploads\/2022\/01\/Equipe-D5-Sotteville-B-Cormelles-C-04-01-2022.jpg 1240w\" sizes=\"auto, (max-width: 525px) 100vw, 525px\" \/><\/p>\n<h4 style=\"padding-left: 30px;\">Le pdf ici : <a href=\"http:\/\/www.billard-club-sottevillais.com\/wp-content\/uploads\/2022\/01\/Equipe-D5-Sotteville-B-Cormelles-C-04-01-2022.pdf\" target=\"_blank\" rel=\"noopener\">Equipe D5 Sotteville B &#8211; Cormelles C 04-01-2022<\/a><\/h4>\n","protected":false},"excerpt":{"rendered":"<p>R\u00e9sultats des Tournois, vous trouverez ici toutes les informations concernant les rencontres sportives auxquelles participe le Billard Club Sottevillais.<\/p>\n","protected":false},"author":7,"featured_media":0,"parent":0,"menu_order":0,"comment_status":"closed","ping_status":"closed","template":"","meta":{"footnotes":""},"class_list":["post-13002","page","type-page","status-publish","hentry"],"_links":{"self":[{"href":"http:\/\/www.billard-club-sottevillais.com\/index.php?rest_route=\/wp\/v2\/pages\/13002","targetHints":{"allow":["GET"]}}],"collection":[{"href":"http:\/\/www.billard-club-sottevillais.com\/index.php?rest_route=\/wp\/v2\/pages"}],"about":[{"href":"http:\/\/www.billard-club-sottevillais.com\/index.php?rest_route=\/wp\/v2\/types\/page"}],"author":[{"embeddable":true,"href":"http:\/\/www.billard-club-sottevillais.com\/index.php?rest_route=\/wp\/v2\/users\/7"}],"replies":[{"embeddable":true,"href":"http:\/\/www.billard-club-sottevillais.com\/index.php?rest_route=%2Fwp%2Fv2%2Fcomments&post=13002"}],"version-history":[{"count":2,"href":"http:\/\/www.billard-club-sottevillais.com\/index.php?rest_route=\/wp\/v2\/pages\/13002\/revisions"}],"predecessor-version":[{"id":13007,"href":"http:\/\/www.billard-club-sottevillais.com\/index.php?rest_route=\/wp\/v2\/pages\/13002\/revisions\/13007"}],"wp:attachment":[{"href":"http:\/\/www.billard-club-sottevillais.com\/index.php?rest_route=%2Fwp%2Fv2%2Fmedia&parent=13002"}],"curies":[{"name":"wp","href":"https:\/\/api.w.org\/{rel}","templated":true}]}}