{"id":12953,"date":"2021-11-30T21:09:56","date_gmt":"2021-11-30T21:09:56","guid":{"rendered":"http:\/\/www.billard-club-sottevillais.com\/?page_id=12953"},"modified":"2021-11-30T21:13:46","modified_gmt":"2021-11-30T21:13:46","slug":"equipe-d5-30-novembre-2021","status":"publish","type":"page","link":"http:\/\/www.billard-club-sottevillais.com\/?page_id=12953","title":{"rendered":"Equipe D5 &#8211; 30 Novembre 2021"},"content":{"rendered":"<p style=\"text-align: justify;\">R\u00e9sultats des Tournois, vous trouverez ici toutes les informations concernant les rencontres sportives auxquelles participe le Billard Club Sottevillais.<\/p>\n<p style=\"text-align: center;\"><!--more--><img loading=\"lazy\" decoding=\"async\" class=\"aligncenter size-full wp-image-59\" title=\"sport\" src=\"http:\/\/billardcf.cluster010.ovh.net\/wp-content\/uploads\/2011\/07\/sport.jpg\" alt=\"\" width=\"231\" height=\"116\" \/><\/p>\n<p style=\"text-align: justify;\">Le 30 Novembre 2021, l&rsquo;\u00e9quipe D5 du BCS compos\u00e9e de Jan Moree, Dominique Gueroult et Jackie Legros se rendait \u00e0 Cormelles-le-royal. Les sottevillais s&rsquo;incline 12 \u00e0 6.<\/p>\n<p>\u00a0<\/p>\n<p style=\"text-align: center;\"><img loading=\"lazy\" decoding=\"async\" class=\"aligncenter size-large wp-image-12957\" src=\"http:\/\/www.billard-club-sottevillais.com\/wp-content\/uploads\/2021\/11\/PL-D5-Cormelles-D-Sotteville-B-30112021-724x1024.jpg\" alt=\"\" width=\"525\" height=\"743\" srcset=\"http:\/\/www.billard-club-sottevillais.com\/wp-content\/uploads\/2021\/11\/PL-D5-Cormelles-D-Sotteville-B-30112021-724x1024.jpg 724w, http:\/\/www.billard-club-sottevillais.com\/wp-content\/uploads\/2021\/11\/PL-D5-Cormelles-D-Sotteville-B-30112021-212x300.jpg 212w, http:\/\/www.billard-club-sottevillais.com\/wp-content\/uploads\/2021\/11\/PL-D5-Cormelles-D-Sotteville-B-30112021-768x1086.jpg 768w, http:\/\/www.billard-club-sottevillais.com\/wp-content\/uploads\/2021\/11\/PL-D5-Cormelles-D-Sotteville-B-30112021-1086x1536.jpg 1086w, http:\/\/www.billard-club-sottevillais.com\/wp-content\/uploads\/2021\/11\/PL-D5-Cormelles-D-Sotteville-B-30112021.jpg 1240w\" sizes=\"auto, (max-width: 525px) 100vw, 525px\" \/> Le pdf ici : <a href=\"http:\/\/www.billard-club-sottevillais.com\/wp-content\/uploads\/2021\/11\/PL-D5-Cormelles-D-Sotteville-B-30112021.pdf\" target=\"_blank\" rel=\"noopener\">PL D5 Cormelles D &#8211; Sotteville B 30112021<\/a><\/p>\n\n\n<p><\/p>\n","protected":false},"excerpt":{"rendered":"<p>R\u00e9sultats des Tournois, vous trouverez ici toutes les informations concernant les rencontres sportives auxquelles participe le Billard Club Sottevillais.<\/p>\n","protected":false},"author":7,"featured_media":0,"parent":0,"menu_order":0,"comment_status":"closed","ping_status":"closed","template":"","meta":{"footnotes":""},"class_list":["post-12953","page","type-page","status-publish","hentry"],"_links":{"self":[{"href":"http:\/\/www.billard-club-sottevillais.com\/index.php?rest_route=\/wp\/v2\/pages\/12953","targetHints":{"allow":["GET"]}}],"collection":[{"href":"http:\/\/www.billard-club-sottevillais.com\/index.php?rest_route=\/wp\/v2\/pages"}],"about":[{"href":"http:\/\/www.billard-club-sottevillais.com\/index.php?rest_route=\/wp\/v2\/types\/page"}],"author":[{"embeddable":true,"href":"http:\/\/www.billard-club-sottevillais.com\/index.php?rest_route=\/wp\/v2\/users\/7"}],"replies":[{"embeddable":true,"href":"http:\/\/www.billard-club-sottevillais.com\/index.php?rest_route=%2Fwp%2Fv2%2Fcomments&post=12953"}],"version-history":[{"count":3,"href":"http:\/\/www.billard-club-sottevillais.com\/index.php?rest_route=\/wp\/v2\/pages\/12953\/revisions"}],"predecessor-version":[{"id":12960,"href":"http:\/\/www.billard-club-sottevillais.com\/index.php?rest_route=\/wp\/v2\/pages\/12953\/revisions\/12960"}],"wp:attachment":[{"href":"http:\/\/www.billard-club-sottevillais.com\/index.php?rest_route=%2Fwp%2Fv2%2Fmedia&parent=12953"}],"curies":[{"name":"wp","href":"https:\/\/api.w.org\/{rel}","templated":true}]}}