{"id":12908,"date":"2021-11-21T18:30:30","date_gmt":"2021-11-21T18:30:30","guid":{"rendered":"http:\/\/www.billard-club-sottevillais.com\/?page_id=12908"},"modified":"2021-11-21T18:35:08","modified_gmt":"2021-11-21T18:35:08","slug":"bande-r1-t1-21-novembre-2021","status":"publish","type":"page","link":"http:\/\/www.billard-club-sottevillais.com\/?page_id=12908","title":{"rendered":"Bande R1 T1 &#8211; 21 Novembre 2021"},"content":{"rendered":"<p style=\"text-align: justify;\">R\u00e9sultats des Tournois, vous trouverez ici toutes les informations concernant les rencontres sportives auxquelles participe le Billard Club Sottevillais.<\/p>\n<p style=\"text-align: center;\"><!--more--><img loading=\"lazy\" decoding=\"async\" class=\"aligncenter size-full wp-image-59\" title=\"sport\" src=\"http:\/\/billardcf.cluster010.ovh.net\/wp-content\/uploads\/2011\/07\/sport.jpg\" alt=\"\" width=\"231\" height=\"116\" \/><\/p>\n<p style=\"text-align: justify;\">Le 1er tour de Bande R1 s&rsquo;est d\u00e9roul\u00e9 le 21 Novembre 2021 \u00e0 Oissel. Gerard Gueret\u00a0 repr\u00e9sentait le BCS.<\/p>\n<p style=\"text-align: justify;\">Gerard prend la 7\u00e8me place. Cedric Legendre de Rouen termine 1\u00e8me.<\/p>\n<p style=\"text-align: left;\"><img loading=\"lazy\" decoding=\"async\" class=\"aligncenter size-large wp-image-12909\" src=\"http:\/\/www.billard-club-sottevillais.com\/wp-content\/uploads\/2021\/11\/BANDE-R1-T1-21-11-20211-724x1024.jpg\" alt=\"\" width=\"525\" height=\"743\" srcset=\"http:\/\/www.billard-club-sottevillais.com\/wp-content\/uploads\/2021\/11\/BANDE-R1-T1-21-11-20211-724x1024.jpg 724w, http:\/\/www.billard-club-sottevillais.com\/wp-content\/uploads\/2021\/11\/BANDE-R1-T1-21-11-20211-212x300.jpg 212w, http:\/\/www.billard-club-sottevillais.com\/wp-content\/uploads\/2021\/11\/BANDE-R1-T1-21-11-20211-768x1086.jpg 768w, http:\/\/www.billard-club-sottevillais.com\/wp-content\/uploads\/2021\/11\/BANDE-R1-T1-21-11-20211-1086x1536.jpg 1086w, http:\/\/www.billard-club-sottevillais.com\/wp-content\/uploads\/2021\/11\/BANDE-R1-T1-21-11-20211.jpg 1240w\" sizes=\"auto, (max-width: 525px) 100vw, 525px\" \/> <img loading=\"lazy\" decoding=\"async\" class=\"aligncenter size-large wp-image-12910\" src=\"http:\/\/www.billard-club-sottevillais.com\/wp-content\/uploads\/2021\/11\/BANDE-R1-T1-21-11-20212-724x1024.jpg\" alt=\"\" width=\"525\" height=\"743\" srcset=\"http:\/\/www.billard-club-sottevillais.com\/wp-content\/uploads\/2021\/11\/BANDE-R1-T1-21-11-20212-724x1024.jpg 724w, http:\/\/www.billard-club-sottevillais.com\/wp-content\/uploads\/2021\/11\/BANDE-R1-T1-21-11-20212-212x300.jpg 212w, http:\/\/www.billard-club-sottevillais.com\/wp-content\/uploads\/2021\/11\/BANDE-R1-T1-21-11-20212-768x1086.jpg 768w, http:\/\/www.billard-club-sottevillais.com\/wp-content\/uploads\/2021\/11\/BANDE-R1-T1-21-11-20212-1086x1536.jpg 1086w, http:\/\/www.billard-club-sottevillais.com\/wp-content\/uploads\/2021\/11\/BANDE-R1-T1-21-11-20212.jpg 1240w\" sizes=\"auto, (max-width: 525px) 100vw, 525px\" \/> <strong>Le pdf ici :\u00a0<a href=\"http:\/\/www.billard-club-sottevillais.com\/wp-content\/uploads\/2021\/11\/BANDE-R1-T1-21-11-2021.pdf\" target=\"_blank\" rel=\"noopener\">BANDE R1 T1 21 11 2021<\/a><\/strong><\/p>\n","protected":false},"excerpt":{"rendered":"<p>R\u00e9sultats des Tournois, vous trouverez ici toutes les informations concernant les rencontres sportives auxquelles participe le Billard Club Sottevillais.<\/p>\n","protected":false},"author":7,"featured_media":0,"parent":0,"menu_order":0,"comment_status":"closed","ping_status":"closed","template":"","meta":{"footnotes":""},"class_list":["post-12908","page","type-page","status-publish","hentry"],"_links":{"self":[{"href":"http:\/\/www.billard-club-sottevillais.com\/index.php?rest_route=\/wp\/v2\/pages\/12908","targetHints":{"allow":["GET"]}}],"collection":[{"href":"http:\/\/www.billard-club-sottevillais.com\/index.php?rest_route=\/wp\/v2\/pages"}],"about":[{"href":"http:\/\/www.billard-club-sottevillais.com\/index.php?rest_route=\/wp\/v2\/types\/page"}],"author":[{"embeddable":true,"href":"http:\/\/www.billard-club-sottevillais.com\/index.php?rest_route=\/wp\/v2\/users\/7"}],"replies":[{"embeddable":true,"href":"http:\/\/www.billard-club-sottevillais.com\/index.php?rest_route=%2Fwp%2Fv2%2Fcomments&post=12908"}],"version-history":[{"count":3,"href":"http:\/\/www.billard-club-sottevillais.com\/index.php?rest_route=\/wp\/v2\/pages\/12908\/revisions"}],"predecessor-version":[{"id":12915,"href":"http:\/\/www.billard-club-sottevillais.com\/index.php?rest_route=\/wp\/v2\/pages\/12908\/revisions\/12915"}],"wp:attachment":[{"href":"http:\/\/www.billard-club-sottevillais.com\/index.php?rest_route=%2Fwp%2Fv2%2Fmedia&parent=12908"}],"curies":[{"name":"wp","href":"https:\/\/api.w.org\/{rel}","templated":true}]}}