{"id":12817,"date":"2021-10-27T17:26:23","date_gmt":"2021-10-27T17:26:23","guid":{"rendered":"http:\/\/www.billard-club-sottevillais.com\/?page_id=12817"},"modified":"2021-10-27T17:31:06","modified_gmt":"2021-10-27T17:31:06","slug":"equipe-d2-26-octobre-2021","status":"publish","type":"page","link":"http:\/\/www.billard-club-sottevillais.com\/?page_id=12817","title":{"rendered":"Equipe D2 &#8211; 26 octobre 2021"},"content":{"rendered":"<p style=\"text-align: justify;\">R\u00e9sultats des Tournois, vous trouverez ici toutes les informations concernant les rencontres sportives auxquelles participe le Billard Club Sottevillais.<\/p>\n<p style=\"text-align: center;\"><!--more--><img loading=\"lazy\" decoding=\"async\" class=\"aligncenter size-full wp-image-59\" title=\"sport\" src=\"http:\/\/billardcf.cluster010.ovh.net\/wp-content\/uploads\/2011\/07\/sport.jpg\" alt=\"\" width=\"231\" height=\"116\" \/><\/p>\n<p style=\"text-align: justify;\">Le 26 octobre 2021, notre \u00e9quipe D2 compos\u00e9e d&rsquo;Alain Rachet, G\u00e9rard Gueret et Jean-Pierre Guerout s&rsquo;est d\u00e9plac\u00e9e \u00e0 Gaillon.<\/p>\n<p style=\"text-align: justify;\">L&rsquo;\u00e9quipe de Sotteville s&rsquo;incline 10 \u00e0 8.<\/p>\n<p style=\"text-align: left;\"><img loading=\"lazy\" decoding=\"async\" class=\"aligncenter size-large wp-image-12824\" src=\"http:\/\/www.billard-club-sottevillais.com\/wp-content\/uploads\/2021\/10\/PL-D2-Gaillon-A-Sotteville-A-26-10-2021-724x1024.jpg\" alt=\"\" width=\"525\" height=\"743\" srcset=\"http:\/\/www.billard-club-sottevillais.com\/wp-content\/uploads\/2021\/10\/PL-D2-Gaillon-A-Sotteville-A-26-10-2021-724x1024.jpg 724w, http:\/\/www.billard-club-sottevillais.com\/wp-content\/uploads\/2021\/10\/PL-D2-Gaillon-A-Sotteville-A-26-10-2021-212x300.jpg 212w, http:\/\/www.billard-club-sottevillais.com\/wp-content\/uploads\/2021\/10\/PL-D2-Gaillon-A-Sotteville-A-26-10-2021-768x1086.jpg 768w, http:\/\/www.billard-club-sottevillais.com\/wp-content\/uploads\/2021\/10\/PL-D2-Gaillon-A-Sotteville-A-26-10-2021-1086x1536.jpg 1086w, http:\/\/www.billard-club-sottevillais.com\/wp-content\/uploads\/2021\/10\/PL-D2-Gaillon-A-Sotteville-A-26-10-2021.jpg 1240w\" sizes=\"auto, (max-width: 525px) 100vw, 525px\" \/><\/p>\n<p style=\"text-align: left;\">\u00a0<strong>Le pdf ici :\u00a0<a href=\"http:\/\/www.billard-club-sottevillais.com\/wp-content\/uploads\/2021\/10\/PL-D2-Gaillon-A-Sotteville-A-26-10-2021.pdf\" target=\"_blank\" rel=\"noopener\">PL D2 Gaillon A &#8211; Sotteville A 26-10-2021<\/a><\/strong><\/p>\n","protected":false},"excerpt":{"rendered":"<p>R\u00e9sultats des Tournois, vous trouverez ici toutes les informations concernant les rencontres sportives auxquelles participe le Billard Club Sottevillais.<\/p>\n","protected":false},"author":7,"featured_media":0,"parent":0,"menu_order":0,"comment_status":"closed","ping_status":"closed","template":"","meta":{"footnotes":""},"class_list":["post-12817","page","type-page","status-publish","hentry"],"_links":{"self":[{"href":"http:\/\/www.billard-club-sottevillais.com\/index.php?rest_route=\/wp\/v2\/pages\/12817","targetHints":{"allow":["GET"]}}],"collection":[{"href":"http:\/\/www.billard-club-sottevillais.com\/index.php?rest_route=\/wp\/v2\/pages"}],"about":[{"href":"http:\/\/www.billard-club-sottevillais.com\/index.php?rest_route=\/wp\/v2\/types\/page"}],"author":[{"embeddable":true,"href":"http:\/\/www.billard-club-sottevillais.com\/index.php?rest_route=\/wp\/v2\/users\/7"}],"replies":[{"embeddable":true,"href":"http:\/\/www.billard-club-sottevillais.com\/index.php?rest_route=%2Fwp%2Fv2%2Fcomments&post=12817"}],"version-history":[{"count":4,"href":"http:\/\/www.billard-club-sottevillais.com\/index.php?rest_route=\/wp\/v2\/pages\/12817\/revisions"}],"predecessor-version":[{"id":12832,"href":"http:\/\/www.billard-club-sottevillais.com\/index.php?rest_route=\/wp\/v2\/pages\/12817\/revisions\/12832"}],"wp:attachment":[{"href":"http:\/\/www.billard-club-sottevillais.com\/index.php?rest_route=%2Fwp%2Fv2%2Fmedia&parent=12817"}],"curies":[{"name":"wp","href":"https:\/\/api.w.org\/{rel}","templated":true}]}}