{"id":12787,"date":"2021-10-17T18:48:47","date_gmt":"2021-10-17T18:48:47","guid":{"rendered":"http:\/\/www.billard-club-sottevillais.com\/?page_id=12787"},"modified":"2021-10-17T18:48:47","modified_gmt":"2021-10-17T18:48:47","slug":"cadre-42-2-n3-t1-17-octobre-2021","status":"publish","type":"page","link":"http:\/\/www.billard-club-sottevillais.com\/?page_id=12787","title":{"rendered":"Cadre 42\/2 N3 T1 &#8211; 17 octobre 2021"},"content":{"rendered":"<p style=\"text-align: justify;\">R\u00e9sultats des Tournois, vous trouverez ici toutes les informations concernant les rencontres sportives auxquelles participe le Billard Club Sottevillais.<\/p>\n<p style=\"text-align: center;\"><!--more--><img loading=\"lazy\" decoding=\"async\" class=\"aligncenter size-full wp-image-59\" title=\"sport\" src=\"http:\/\/billardcf.cluster010.ovh.net\/wp-content\/uploads\/2011\/07\/sport.jpg\" alt=\"\" width=\"231\" height=\"116\" \/><\/p>\n<p style=\"text-align: justify;\">Le 1er tour de cadre 42\/2 N3 s&rsquo;est d\u00e9roul\u00e9 le 17 octobre 2021 \u00e0 St Marcel. Jacques Alexandre repr\u00e9sentait le BCS.<\/p>\n<p style=\"text-align: justify;\">Jacques termine 2\u00e8me derri\u00e8re Joel Valle de Maromme.<\/p>\n<p style=\"text-align: center;\"><img loading=\"lazy\" decoding=\"async\" class=\"aligncenter size-large wp-image-12776\" src=\"http:\/\/www.billard-club-sottevillais.com\/wp-content\/uploads\/2021\/10\/Cadre-N3-T1-ST-MARCEL-17-10-20211-724x1024.jpg\" alt=\"\" width=\"525\" height=\"743\" srcset=\"http:\/\/www.billard-club-sottevillais.com\/wp-content\/uploads\/2021\/10\/Cadre-N3-T1-ST-MARCEL-17-10-20211-724x1024.jpg 724w, http:\/\/www.billard-club-sottevillais.com\/wp-content\/uploads\/2021\/10\/Cadre-N3-T1-ST-MARCEL-17-10-20211-212x300.jpg 212w, http:\/\/www.billard-club-sottevillais.com\/wp-content\/uploads\/2021\/10\/Cadre-N3-T1-ST-MARCEL-17-10-20211-768x1086.jpg 768w, http:\/\/www.billard-club-sottevillais.com\/wp-content\/uploads\/2021\/10\/Cadre-N3-T1-ST-MARCEL-17-10-20211-1086x1536.jpg 1086w, http:\/\/www.billard-club-sottevillais.com\/wp-content\/uploads\/2021\/10\/Cadre-N3-T1-ST-MARCEL-17-10-20211.jpg 1240w\" sizes=\"auto, (max-width: 525px) 100vw, 525px\" \/> <img loading=\"lazy\" decoding=\"async\" class=\"aligncenter size-large wp-image-12777\" src=\"http:\/\/www.billard-club-sottevillais.com\/wp-content\/uploads\/2021\/10\/Cadre-N3-T1-ST-MARCEL-17-10-20212-724x1024.jpg\" alt=\"\" width=\"525\" height=\"743\" srcset=\"http:\/\/www.billard-club-sottevillais.com\/wp-content\/uploads\/2021\/10\/Cadre-N3-T1-ST-MARCEL-17-10-20212-724x1024.jpg 724w, http:\/\/www.billard-club-sottevillais.com\/wp-content\/uploads\/2021\/10\/Cadre-N3-T1-ST-MARCEL-17-10-20212-212x300.jpg 212w, http:\/\/www.billard-club-sottevillais.com\/wp-content\/uploads\/2021\/10\/Cadre-N3-T1-ST-MARCEL-17-10-20212-768x1086.jpg 768w, http:\/\/www.billard-club-sottevillais.com\/wp-content\/uploads\/2021\/10\/Cadre-N3-T1-ST-MARCEL-17-10-20212-1086x1536.jpg 1086w, http:\/\/www.billard-club-sottevillais.com\/wp-content\/uploads\/2021\/10\/Cadre-N3-T1-ST-MARCEL-17-10-20212.jpg 1240w\" sizes=\"auto, (max-width: 525px) 100vw, 525px\" \/><\/p>\n<h4 style=\"padding-left: 30px;\">Le pdf ici : <a href=\"http:\/\/www.billard-club-sottevillais.com\/wp-content\/uploads\/2021\/10\/Cadre-N3-T1-ST-MARCEL-17-10-2021.pdf\" target=\"_blank\" rel=\"noopener\">Cadre N3 T1 ST MARCEL 17-10-2021<\/a><\/h4>\n","protected":false},"excerpt":{"rendered":"<p>R\u00e9sultats des Tournois, vous trouverez ici toutes les informations concernant les rencontres sportives auxquelles participe le Billard Club Sottevillais.<\/p>\n","protected":false},"author":7,"featured_media":0,"parent":0,"menu_order":0,"comment_status":"closed","ping_status":"closed","template":"","meta":{"footnotes":""},"class_list":["post-12787","page","type-page","status-publish","hentry"],"_links":{"self":[{"href":"http:\/\/www.billard-club-sottevillais.com\/index.php?rest_route=\/wp\/v2\/pages\/12787","targetHints":{"allow":["GET"]}}],"collection":[{"href":"http:\/\/www.billard-club-sottevillais.com\/index.php?rest_route=\/wp\/v2\/pages"}],"about":[{"href":"http:\/\/www.billard-club-sottevillais.com\/index.php?rest_route=\/wp\/v2\/types\/page"}],"author":[{"embeddable":true,"href":"http:\/\/www.billard-club-sottevillais.com\/index.php?rest_route=\/wp\/v2\/users\/7"}],"replies":[{"embeddable":true,"href":"http:\/\/www.billard-club-sottevillais.com\/index.php?rest_route=%2Fwp%2Fv2%2Fcomments&post=12787"}],"version-history":[{"count":1,"href":"http:\/\/www.billard-club-sottevillais.com\/index.php?rest_route=\/wp\/v2\/pages\/12787\/revisions"}],"predecessor-version":[{"id":12788,"href":"http:\/\/www.billard-club-sottevillais.com\/index.php?rest_route=\/wp\/v2\/pages\/12787\/revisions\/12788"}],"wp:attachment":[{"href":"http:\/\/www.billard-club-sottevillais.com\/index.php?rest_route=%2Fwp%2Fv2%2Fmedia&parent=12787"}],"curies":[{"name":"wp","href":"https:\/\/api.w.org\/{rel}","templated":true}]}}