{"id":12726,"date":"2021-09-09T21:07:38","date_gmt":"2021-09-09T21:07:38","guid":{"rendered":"http:\/\/www.billard-club-sottevillais.com\/?page_id=12726"},"modified":"2021-09-09T21:12:18","modified_gmt":"2021-09-09T21:12:18","slug":"resultats-sportifs-saison-2020-2021","status":"publish","type":"page","link":"http:\/\/www.billard-club-sottevillais.com\/?page_id=12726","title":{"rendered":"R\u00e9sultats sportifs &#8211; Saison 2020\/2021"},"content":{"rendered":"<p style=\"text-align: justify;\">R\u00e9sultats des Comp\u00e9titions, vous trouverez ici toutes les informations concernant\u00a0les rencontres sportives auxquelles participe le Billard Club Sottevillais.<\/p>\n<p style=\"text-align: center;\"><!--more--><img loading=\"lazy\" decoding=\"async\" class=\"aligncenter size-full wp-image-8398\" title=\"Res-Sport\" src=\"http:\/\/www.billard-club-sottevillais.com\/wp-content\/uploads\/2011\/07\/Res-Sport1.jpg\" alt=\"\" width=\"231\" height=\"116\" \/><\/p>\n<h4><span style=\"color: #ff6600;\">Arr\u00eat des comp\u00e9titions aux 16 Octobre 2021 suite \u00e0 la pand\u00e9mie de COVID19<\/span><\/h4>\n<p>Les clubs ont \u00e9t\u00e9 ferm\u00e9s du 16 Octobre 2020 au 09 juin 2021. La saison sportive a \u00e9t\u00e9 annul\u00e9.<\/p>\n<p style=\"text-align: center;\"><img loading=\"lazy\" decoding=\"async\" class=\"aligncenter size-full wp-image-8398\" title=\"Res-Sport\" src=\"http:\/\/www.billard-club-sottevillais.com\/wp-content\/uploads\/2011\/07\/Res-Sport1.jpg\" alt=\"\" width=\"231\" height=\"116\" \/><\/p>\n<h4><a href=\"http:\/\/www.billard-club-sottevillais.com\/?page_id=12544\">Equipe D2 \u2013 13 Octobre 2020<\/a><\/h4>\n<p>l\u2019\u00e9quipe D2\u00a0 St Nicolas A &#8211; Sotteville A<\/p>\n<h4><a href=\"http:\/\/www.billard-club-sottevillais.com\/?page_id=12548\">Equipe D5 \u2013 13 Octobre 2020<\/a><\/h4>\n<p>l\u2019\u00e9quipe D2\u00a0 St Marcel B &#8211; Sotteville B<\/p>\n<h4><a href=\"http:\/\/www.billard-club-sottevillais.com\/?page_id=12522\">Libre R2 T1 \u2013 11 Octobre 2020<\/a><\/h4>\n<p>Le 1er tour de Libre R2 \u00e0 F\u00e9camp<\/p>\n<h4><a href=\"http:\/\/www.billard-club-sottevillais.com\/?page_id=12524\">Libre R1 T1 \u2013 11 Octobre 2020<\/a><\/h4>\n<p>Le 1er tour de Libre R1 \u00e0 St Marcel<\/p>\n<p>\u00a0<\/p>\n\n\n<p><\/p>\n","protected":false},"excerpt":{"rendered":"<p>R\u00e9sultats des Comp\u00e9titions, vous trouverez ici toutes les informations concernant\u00a0les rencontres sportives auxquelles participe le Billard Club Sottevillais.<\/p>\n","protected":false},"author":7,"featured_media":0,"parent":7193,"menu_order":0,"comment_status":"closed","ping_status":"closed","template":"","meta":{"footnotes":""},"class_list":["post-12726","page","type-page","status-publish","hentry"],"_links":{"self":[{"href":"http:\/\/www.billard-club-sottevillais.com\/index.php?rest_route=\/wp\/v2\/pages\/12726","targetHints":{"allow":["GET"]}}],"collection":[{"href":"http:\/\/www.billard-club-sottevillais.com\/index.php?rest_route=\/wp\/v2\/pages"}],"about":[{"href":"http:\/\/www.billard-club-sottevillais.com\/index.php?rest_route=\/wp\/v2\/types\/page"}],"author":[{"embeddable":true,"href":"http:\/\/www.billard-club-sottevillais.com\/index.php?rest_route=\/wp\/v2\/users\/7"}],"replies":[{"embeddable":true,"href":"http:\/\/www.billard-club-sottevillais.com\/index.php?rest_route=%2Fwp%2Fv2%2Fcomments&post=12726"}],"version-history":[{"count":2,"href":"http:\/\/www.billard-club-sottevillais.com\/index.php?rest_route=\/wp\/v2\/pages\/12726\/revisions"}],"predecessor-version":[{"id":12731,"href":"http:\/\/www.billard-club-sottevillais.com\/index.php?rest_route=\/wp\/v2\/pages\/12726\/revisions\/12731"}],"up":[{"embeddable":true,"href":"http:\/\/www.billard-club-sottevillais.com\/index.php?rest_route=\/wp\/v2\/pages\/7193"}],"wp:attachment":[{"href":"http:\/\/www.billard-club-sottevillais.com\/index.php?rest_route=%2Fwp%2Fv2%2Fmedia&parent=12726"}],"curies":[{"name":"wp","href":"https:\/\/api.w.org\/{rel}","templated":true}]}}