{"id":12672,"date":"2021-08-29T14:55:08","date_gmt":"2021-08-29T14:55:08","guid":{"rendered":"http:\/\/www.billard-club-sottevillais.com\/?page_id=12672"},"modified":"2021-08-29T14:55:08","modified_gmt":"2021-08-29T14:55:08","slug":"archive-saison-2020-2021","status":"publish","type":"page","link":"http:\/\/www.billard-club-sottevillais.com\/?page_id=12672","title":{"rendered":"Archive saison 2020 \/ 2021"},"content":{"rendered":"\n<p><h4><a href=\"http:\/\/billardcf.cluster010.ovh.net\/?page_id=12594\">Soir\u00e9e des sportifs Sottevillais<\/a><\/h4>\n<p>Jean Duthil et Bruno Pierrel sont mis \u00e0 l&rsquo;honneur dans le cadre de la Soir\u00e9e des Sportifs Sottevillais.<\/p><\/p>\n\n\n\n<h4 class=\"wp-block-heading\"><a href=\"http:\/\/billardcf.cluster010.ovh.net\/?page_id=12449\">Assembl\u00e9e G\u00e9n\u00e9rale du BCS<\/a><\/h4>\n\n\n\n<p>Le 4 septembre, le BCS a r\u00e9uni son Assembl\u00e9e G\u00e9n\u00e9rale. Malgr\u00e9 les conditions sanitaires, nos adh\u00e9rents sont venus nombreux.<\/p>\n","protected":false},"excerpt":{"rendered":"<p>Soir\u00e9e des sportifs Sottevillais Jean Duthil et Bruno Pierrel sont mis \u00e0 l&rsquo;honneur dans le cadre de la Soir\u00e9e des Sportifs Sottevillais. Assembl\u00e9e G\u00e9n\u00e9rale du BCS Le 4 septembre, le BCS a r\u00e9uni son Assembl\u00e9e G\u00e9n\u00e9rale. Malgr\u00e9 les conditions sanitaires, nos adh\u00e9rents sont venus nombreux.<\/p>\n","protected":false},"author":3,"featured_media":0,"parent":0,"menu_order":0,"comment_status":"closed","ping_status":"closed","template":"","meta":{"footnotes":""},"class_list":["post-12672","page","type-page","status-publish","hentry"],"_links":{"self":[{"href":"http:\/\/www.billard-club-sottevillais.com\/index.php?rest_route=\/wp\/v2\/pages\/12672","targetHints":{"allow":["GET"]}}],"collection":[{"href":"http:\/\/www.billard-club-sottevillais.com\/index.php?rest_route=\/wp\/v2\/pages"}],"about":[{"href":"http:\/\/www.billard-club-sottevillais.com\/index.php?rest_route=\/wp\/v2\/types\/page"}],"author":[{"embeddable":true,"href":"http:\/\/www.billard-club-sottevillais.com\/index.php?rest_route=\/wp\/v2\/users\/3"}],"replies":[{"embeddable":true,"href":"http:\/\/www.billard-club-sottevillais.com\/index.php?rest_route=%2Fwp%2Fv2%2Fcomments&post=12672"}],"version-history":[{"count":3,"href":"http:\/\/www.billard-club-sottevillais.com\/index.php?rest_route=\/wp\/v2\/pages\/12672\/revisions"}],"predecessor-version":[{"id":12675,"href":"http:\/\/www.billard-club-sottevillais.com\/index.php?rest_route=\/wp\/v2\/pages\/12672\/revisions\/12675"}],"wp:attachment":[{"href":"http:\/\/www.billard-club-sottevillais.com\/index.php?rest_route=%2Fwp%2Fv2%2Fmedia&parent=12672"}],"curies":[{"name":"wp","href":"https:\/\/api.w.org\/{rel}","templated":true}]}}