{"id":12548,"date":"2020-10-13T18:54:35","date_gmt":"2020-10-13T18:54:35","guid":{"rendered":"http:\/\/www.billard-club-sottevillais.com\/?page_id=12548"},"modified":"2020-10-14T20:22:33","modified_gmt":"2020-10-14T20:22:33","slug":"equipe-d5-13-octobre-2020","status":"publish","type":"page","link":"http:\/\/www.billard-club-sottevillais.com\/?page_id=12548","title":{"rendered":"Equipe D5 &#8211; 13 octobre 2020"},"content":{"rendered":"<p style=\"text-align: justify;\">R\u00e9sultats des Tournois, vous trouverez ici toutes les informations concernant les rencontres sportives auxquelles participe le Billard Club Sottevillais.<\/p>\n<p style=\"text-align: center;\"><!--more--><img loading=\"lazy\" decoding=\"async\" class=\"aligncenter size-full wp-image-59\" title=\"sport\" src=\"http:\/\/billardcf.cluster010.ovh.net\/wp-content\/uploads\/2011\/07\/sport.jpg\" alt=\"\" width=\"231\" height=\"116\" \/><\/p>\n<p>C&rsquo;est dans un contexte particulier avec la pand\u00e9mie de COVID19 que d\u00e9bute ce championnat Pierre Lescaut.<\/p>\n<p style=\"text-align: justify;\">Le 13 octobre 2020, notre \u00e9quipe D5 compos\u00e9e de Dominique Gueroult, Guy Grenu et Jacques Notheaux s&rsquo;est d\u00e9plac\u00e9e \u00e0 St Marcel.<\/p>\n<p style=\"text-align: justify;\">L&rsquo;\u00e9quipe de Sotteville s&rsquo;impose 11 \u00e0 7.<\/p>\n<p style=\"text-align: center;\"><img loading=\"lazy\" decoding=\"async\" class=\"aligncenter wp-image-12557 size-full\" src=\"http:\/\/www.billard-club-sottevillais.com\/wp-content\/uploads\/2020\/10\/D5-St-Marcel-A-Sotteville-B-13.10.2020.jpg\" alt=\"\" width=\"1240\" height=\"1754\" srcset=\"http:\/\/www.billard-club-sottevillais.com\/wp-content\/uploads\/2020\/10\/D5-St-Marcel-A-Sotteville-B-13.10.2020.jpg 1240w, http:\/\/www.billard-club-sottevillais.com\/wp-content\/uploads\/2020\/10\/D5-St-Marcel-A-Sotteville-B-13.10.2020-212x300.jpg 212w, http:\/\/www.billard-club-sottevillais.com\/wp-content\/uploads\/2020\/10\/D5-St-Marcel-A-Sotteville-B-13.10.2020-724x1024.jpg 724w, http:\/\/www.billard-club-sottevillais.com\/wp-content\/uploads\/2020\/10\/D5-St-Marcel-A-Sotteville-B-13.10.2020-768x1086.jpg 768w, http:\/\/www.billard-club-sottevillais.com\/wp-content\/uploads\/2020\/10\/D5-St-Marcel-A-Sotteville-B-13.10.2020-1086x1536.jpg 1086w\" sizes=\"auto, (max-width: 706px) 89vw, (max-width: 767px) 82vw, 740px\" \/><\/p>\n<h4 style=\"padding-left: 30px;\">Le pdf ici : <a href=\"http:\/\/www.billard-club-sottevillais.com\/wp-content\/uploads\/2020\/10\/D5-St-Marcel-A-Sotteville-B-13.10.2020.pdf\" target=\"_blank\" rel=\"noopener noreferrer\">D5 St Marcel A &#8211; Sotteville B 13.10.2020<\/a><\/h4>\n","protected":false},"excerpt":{"rendered":"<p>R\u00e9sultats des Tournois, vous trouverez ici toutes les informations concernant les rencontres sportives auxquelles participe le Billard Club Sottevillais.<\/p>\n","protected":false},"author":7,"featured_media":0,"parent":43,"menu_order":0,"comment_status":"closed","ping_status":"closed","template":"","meta":{"footnotes":""},"class_list":["post-12548","page","type-page","status-publish","hentry"],"_links":{"self":[{"href":"http:\/\/www.billard-club-sottevillais.com\/index.php?rest_route=\/wp\/v2\/pages\/12548","targetHints":{"allow":["GET"]}}],"collection":[{"href":"http:\/\/www.billard-club-sottevillais.com\/index.php?rest_route=\/wp\/v2\/pages"}],"about":[{"href":"http:\/\/www.billard-club-sottevillais.com\/index.php?rest_route=\/wp\/v2\/types\/page"}],"author":[{"embeddable":true,"href":"http:\/\/www.billard-club-sottevillais.com\/index.php?rest_route=\/wp\/v2\/users\/7"}],"replies":[{"embeddable":true,"href":"http:\/\/www.billard-club-sottevillais.com\/index.php?rest_route=%2Fwp%2Fv2%2Fcomments&post=12548"}],"version-history":[{"count":5,"href":"http:\/\/www.billard-club-sottevillais.com\/index.php?rest_route=\/wp\/v2\/pages\/12548\/revisions"}],"predecessor-version":[{"id":12561,"href":"http:\/\/www.billard-club-sottevillais.com\/index.php?rest_route=\/wp\/v2\/pages\/12548\/revisions\/12561"}],"up":[{"embeddable":true,"href":"http:\/\/www.billard-club-sottevillais.com\/index.php?rest_route=\/wp\/v2\/pages\/43"}],"wp:attachment":[{"href":"http:\/\/www.billard-club-sottevillais.com\/index.php?rest_route=%2Fwp%2Fv2%2Fmedia&parent=12548"}],"curies":[{"name":"wp","href":"https:\/\/api.w.org\/{rel}","templated":true}]}}