{"id":12524,"date":"2020-10-11T17:16:20","date_gmt":"2020-10-11T17:16:20","guid":{"rendered":"http:\/\/www.billard-club-sottevillais.com\/?page_id=12524"},"modified":"2020-10-11T17:18:29","modified_gmt":"2020-10-11T17:18:29","slug":"libre-r1-t1-10-octobre-2020","status":"publish","type":"page","link":"http:\/\/www.billard-club-sottevillais.com\/?page_id=12524","title":{"rendered":"Libre R1 T1 11 octobre 2020"},"content":{"rendered":"<p style=\"text-align: justify;\">R\u00e9sultats des Tournois, vous trouverez ici toutes les informations concernant les rencontres sportives auxquelles participe le Billard Club Sottevillais.<\/p>\n<p style=\"text-align: center;\"><!--more--><img loading=\"lazy\" decoding=\"async\" class=\"aligncenter size-full wp-image-59\" title=\"sport\" src=\"http:\/\/billardcf.cluster010.ovh.net\/wp-content\/uploads\/2011\/07\/sport.jpg\" alt=\"\" width=\"231\" height=\"116\"><\/p>\n<p>C&rsquo;est dans un contexte particulier avec la pand\u00e9mie de COVID19 que d\u00e9bute ce championnat.<\/p>\n<p style=\"text-align: justify;\">Le 11 octobre 2020, avait lieu le 1er tour de libre R1 \u00e0 St Marcel. Bruno Pierrel participait \u00e0 ce tour de jeu.<\/p>\n<p style=\"text-align: justify;\">Bruno, pour sa premi\u00e8re participation \u00e0 ce niveau, termine 9\u00e8me.<\/p>\n<p style=\"text-align: justify;\">Marcel Dezetant de La Saussaye surclasse tout le monde avec 12.9 de moyenne g\u00e9n\u00e9rale. Il remporte ce 1er tour de jeu.<\/p>\n<p style=\"text-align: center;\"><img loading=\"lazy\" decoding=\"async\" class=\"aligncenter wp-image-12529 size-full\" src=\"http:\/\/www.billard-club-sottevillais.com\/wp-content\/uploads\/2020\/10\/Libre-R1-T1-St-Marcel-2020.10.11-1.jpg\" alt=\"\" width=\"1240\" height=\"1754\" srcset=\"http:\/\/www.billard-club-sottevillais.com\/wp-content\/uploads\/2020\/10\/Libre-R1-T1-St-Marcel-2020.10.11-1.jpg 1240w, http:\/\/www.billard-club-sottevillais.com\/wp-content\/uploads\/2020\/10\/Libre-R1-T1-St-Marcel-2020.10.11-1-212x300.jpg 212w, http:\/\/www.billard-club-sottevillais.com\/wp-content\/uploads\/2020\/10\/Libre-R1-T1-St-Marcel-2020.10.11-1-724x1024.jpg 724w, http:\/\/www.billard-club-sottevillais.com\/wp-content\/uploads\/2020\/10\/Libre-R1-T1-St-Marcel-2020.10.11-1-768x1086.jpg 768w, http:\/\/www.billard-club-sottevillais.com\/wp-content\/uploads\/2020\/10\/Libre-R1-T1-St-Marcel-2020.10.11-1-1086x1536.jpg 1086w\" sizes=\"auto, (max-width: 706px) 89vw, (max-width: 767px) 82vw, 740px\" \/><img loading=\"lazy\" decoding=\"async\" class=\"aligncenter wp-image-12530 size-full\" src=\"http:\/\/www.billard-club-sottevillais.com\/wp-content\/uploads\/2020\/10\/Libre-R1-T1-St-Marcel-2020.10.11-2.jpg\" alt=\"\" width=\"1240\" height=\"1754\" srcset=\"http:\/\/www.billard-club-sottevillais.com\/wp-content\/uploads\/2020\/10\/Libre-R1-T1-St-Marcel-2020.10.11-2.jpg 1240w, http:\/\/www.billard-club-sottevillais.com\/wp-content\/uploads\/2020\/10\/Libre-R1-T1-St-Marcel-2020.10.11-2-212x300.jpg 212w, http:\/\/www.billard-club-sottevillais.com\/wp-content\/uploads\/2020\/10\/Libre-R1-T1-St-Marcel-2020.10.11-2-724x1024.jpg 724w, http:\/\/www.billard-club-sottevillais.com\/wp-content\/uploads\/2020\/10\/Libre-R1-T1-St-Marcel-2020.10.11-2-768x1086.jpg 768w, http:\/\/www.billard-club-sottevillais.com\/wp-content\/uploads\/2020\/10\/Libre-R1-T1-St-Marcel-2020.10.11-2-1086x1536.jpg 1086w\" sizes=\"auto, (max-width: 706px) 89vw, (max-width: 767px) 82vw, 740px\" \/><\/p>\n<h4 style=\"padding-left: 30px;\">Le pdf ici : <a href=\"http:\/\/www.billard-club-sottevillais.com\/wp-content\/uploads\/2020\/10\/Libre-R1-T1-St-Marcel-2020.10.11.pdf\" target=\"_blank\" rel=\"noopener noreferrer\">Libre R1 T1 St Marcel 2020.10.11<\/a><\/h4>\n\n\n<p><\/p>\n","protected":false},"excerpt":{"rendered":"<p>R\u00e9sultats des Tournois, vous trouverez ici toutes les informations concernant les rencontres sportives auxquelles participe le Billard Club Sottevillais.<\/p>\n","protected":false},"author":7,"featured_media":0,"parent":43,"menu_order":0,"comment_status":"closed","ping_status":"closed","template":"","meta":{"footnotes":""},"class_list":["post-12524","page","type-page","status-publish","hentry"],"_links":{"self":[{"href":"http:\/\/www.billard-club-sottevillais.com\/index.php?rest_route=\/wp\/v2\/pages\/12524","targetHints":{"allow":["GET"]}}],"collection":[{"href":"http:\/\/www.billard-club-sottevillais.com\/index.php?rest_route=\/wp\/v2\/pages"}],"about":[{"href":"http:\/\/www.billard-club-sottevillais.com\/index.php?rest_route=\/wp\/v2\/types\/page"}],"author":[{"embeddable":true,"href":"http:\/\/www.billard-club-sottevillais.com\/index.php?rest_route=\/wp\/v2\/users\/7"}],"replies":[{"embeddable":true,"href":"http:\/\/www.billard-club-sottevillais.com\/index.php?rest_route=%2Fwp%2Fv2%2Fcomments&post=12524"}],"version-history":[{"count":3,"href":"http:\/\/www.billard-club-sottevillais.com\/index.php?rest_route=\/wp\/v2\/pages\/12524\/revisions"}],"predecessor-version":[{"id":12534,"href":"http:\/\/www.billard-club-sottevillais.com\/index.php?rest_route=\/wp\/v2\/pages\/12524\/revisions\/12534"}],"up":[{"embeddable":true,"href":"http:\/\/www.billard-club-sottevillais.com\/index.php?rest_route=\/wp\/v2\/pages\/43"}],"wp:attachment":[{"href":"http:\/\/www.billard-club-sottevillais.com\/index.php?rest_route=%2Fwp%2Fv2%2Fmedia&parent=12524"}],"curies":[{"name":"wp","href":"https:\/\/api.w.org\/{rel}","templated":true}]}}