{"id":12449,"date":"2020-09-07T14:36:38","date_gmt":"2020-09-07T14:36:38","guid":{"rendered":"http:\/\/www.billard-club-sottevillais.com\/?page_id=12449"},"modified":"2020-09-08T09:30:36","modified_gmt":"2020-09-08T09:30:36","slug":"assemblee-generale-2020","status":"publish","type":"page","link":"http:\/\/www.billard-club-sottevillais.com\/?page_id=12449","title":{"rendered":"Assembl\u00e9e G\u00e9n\u00e9rale 2020"},"content":{"rendered":"<p style=\"text-align: justify;\">Le vendredi 4 septembre, le BCS a convoqu\u00e9 son Assembl\u00e9e G\u00e9n\u00e9rale. Faire une AG un vendredi \u00e0 17h30, c&rsquo;\u00e9tait une premi\u00e8re. Faire cette AG avec un masque riv\u00e9 sur le visage c&rsquo;\u00e9tait aussi exceptionnel. Ajouter \u00e0 cela que la circulation du virus inqui\u00e8te une partie de nos adh\u00e9rents, nous avons vraiment craint que la fr\u00e9quentation de notre AG soit en baisse.<br \/>Eh bien il n&rsquo;en est rien ! 37 adh\u00e9rents (masqu\u00e9s) \u00e9taient pr\u00e9sents et 16 autres avaient d\u00e9pos\u00e9 un pouvoir, c&rsquo;est 12 pr\u00e9sents de plus que l&rsquo;ann\u00e9e pass\u00e9e.<\/p>\n<p style=\"text-align: justify;\">La politique g\u00e9n\u00e9rale du club a \u00e9t\u00e9 reconduite :<\/p>\n<p style=\"padding-left: 40px;\">\u2022\u00a0 donner la priorit\u00e9 aux d\u00e9penses relatives \u00e0 l\u2019emploi d\u2019un salari\u00e9,<br \/>\u2022\u00a0 maintenir les billards dans les meilleures conditions,<br \/>\u2022\u00a0 ma\u00eetriser voire r\u00e9duire les d\u00e9penses courantes,<br \/>\u2022\u00a0 poursuivre notre action pour l\u2019indemnisation de l\u2019arbitrage et ma\u00eetriser l&rsquo;indemnisation des\u00a0\u00a0\u00a0 joueurs en comp\u00e9tition,<br \/>\u2022\u00a0 maintenir notre action en faveur de la formation des joueurs tant pour le billard loisir que la comp\u00e9tition,<br \/>\u2022\u00a0 poursuivre la participation du club dans les animations,<br \/>\u2022\u00a0 investir raisonnablement dans nos locaux.<\/p>\n<p>Nous avons ensuite proc\u00e9d\u00e9 \u00e0 l&rsquo;\u00e9lection du tiers sortant : Eric Violette et Christophe Maupin ont \u00e9t\u00e9 r\u00e9\u00e9lus avec Xavier Sauvage qui fait son entr\u00e9e dans le bureau directeur.<\/p>\n<p>Apr\u00e8s avoir prononc\u00e9 la cl\u00f4ture de l&rsquo;AG, Bruno Pierrel a invit\u00e9 les pr\u00e9sents \u00e0 un cocktail qui eu lieu su place.<br \/>Un grand merci \u00e0 nos adh\u00e9rents qui portent de l&rsquo;int\u00e9r\u00eat au d\u00e9veloppement et \u00e0 l&rsquo;organisation de notre club.<\/p>\n<p><img loading=\"lazy\" decoding=\"async\" class=\"aligncenter size-full wp-image-12453\" src=\"http:\/\/www.billard-club-sottevillais.com\/wp-content\/uploads\/2020\/09\/Bureau.jpg\" alt=\"\" width=\"1024\" height=\"409\" srcset=\"http:\/\/www.billard-club-sottevillais.com\/wp-content\/uploads\/2020\/09\/Bureau.jpg 1024w, http:\/\/www.billard-club-sottevillais.com\/wp-content\/uploads\/2020\/09\/Bureau-300x120.jpg 300w, http:\/\/www.billard-club-sottevillais.com\/wp-content\/uploads\/2020\/09\/Bureau-768x307.jpg 768w\" sizes=\"auto, (max-width: 706px) 89vw, (max-width: 767px) 82vw, 740px\" \/><\/p>\n<p><img loading=\"lazy\" decoding=\"async\" class=\"aligncenter size-full wp-image-12454\" src=\"http:\/\/www.billard-club-sottevillais.com\/wp-content\/uploads\/2020\/09\/Salle.jpg\" alt=\"\" width=\"1024\" height=\"356\" srcset=\"http:\/\/www.billard-club-sottevillais.com\/wp-content\/uploads\/2020\/09\/Salle.jpg 1024w, http:\/\/www.billard-club-sottevillais.com\/wp-content\/uploads\/2020\/09\/Salle-300x104.jpg 300w, http:\/\/www.billard-club-sottevillais.com\/wp-content\/uploads\/2020\/09\/Salle-768x267.jpg 768w\" sizes=\"auto, (max-width: 706px) 89vw, (max-width: 767px) 82vw, 740px\" \/><\/p>\n<p>\u00a0<\/p>\n<p>\u00a0<\/p>\n<center><div class=\"flgallery-245 flgallery-art flgallery-embed\" style=\"width: 550px; height: 400px; overflow: hidden;\"><object classid=\"clsid:D27CDB6E-AE6D-11cf-96B8-444553540000\" id=\"flgallery-245\" width=\"550\" height=\"400\" style=\"width:550px; height:400px; margin:0; padding:0;\"><param name=\"movie\" value=\"http:\/\/www.billard-club-sottevillais.com\/wp-content\/plugins\/global-flash-galleries\/swf\/Art.swf\" \/><param name=\"flashVars\" value=\"XMLFile=http%3A%2F%2Fwww.billard-club-sottevillais.com%2Fwp-content%2Fflgallery%2Fxml%2F1%2F245.xml\" \/><param name=\"allowFullScreen\" value=\"true\" \/><param name=\"allowScriptAccess\" value=\"always\" \/><param name=\"quality\" value=\"high\" \/><param name=\"wmode\" value=\"transparent\" \/><param name=\"swfversion\" value=\"9.0.45.0\" \/><param name=\"expressinstall\" value=\"http:\/\/www.billard-club-sottevillais.com\/wp-content\/plugins\/global-flash-galleries\/js\/swfobject\/expressInstall.swf\" \/><object type=\"application\/x-shockwave-flash\" data=\"http:\/\/www.billard-club-sottevillais.com\/wp-content\/plugins\/global-flash-galleries\/swf\/Art.swf\" width=\"550\" height=\"400\" style=\"width:550px; height:400px; margin:0; padding:0; outline:none;\"><param name=\"flashVars\" value=\"XMLFile=http%3A%2F%2Fwww.billard-club-sottevillais.com%2Fwp-content%2Fflgallery%2Fxml%2F1%2F245.xml\" \/><param name=\"allowFullScreen\" value=\"true\" \/><param name=\"allowScriptAccess\" value=\"always\" \/><param name=\"quality\" value=\"high\" \/><param name=\"wmode\" value=\"transparent\" \/><param name=\"swfversion\" value=\"9.0.45.0\" \/><param name=\"expressinstall\" value=\"http:\/\/www.billard-club-sottevillais.com\/wp-content\/plugins\/global-flash-galleries\/js\/swfobject\/expressInstall.swf\" \/><div class=\"flgallery-altcontent\"><ol style=\"list-style:none;\"><li style=\"display:inline;\"><a href=\"http:\/\/www.billard-club-sottevillais.com\/wp-content\/flgallery\/images\/7vcaqcjssz84.jpg\"><img decoding=\"async\" src=\"http:\/\/www.billard-club-sottevillais.com\/wp-content\/flgallery\/tmp\/img-7vcaqcjssz84.180x120.jpg\" alt=\"DSC04443\" \/><\/a><\/li><li style=\"display:inline;\"><a href=\"http:\/\/www.billard-club-sottevillais.com\/wp-content\/flgallery\/images\/nuwwvbzanjbo.jpg\"><img decoding=\"async\" src=\"http:\/\/www.billard-club-sottevillais.com\/wp-content\/flgallery\/tmp\/img-nuwwvbzanjbo.180x120.jpg\" alt=\"DSC04434\" \/><\/a><\/li><li style=\"display:inline;\"><a href=\"http:\/\/www.billard-club-sottevillais.com\/wp-content\/flgallery\/images\/z395xt6wjtiv.jpg\"><img decoding=\"async\" src=\"http:\/\/www.billard-club-sottevillais.com\/wp-content\/flgallery\/tmp\/img-z395xt6wjtiv.180x120.jpg\" alt=\"DSC04426\" \/><\/a><\/li><li style=\"display:inline;\"><a href=\"http:\/\/www.billard-club-sottevillais.com\/wp-content\/flgallery\/images\/b8kaga1b4j6q.jpg\"><img decoding=\"async\" src=\"http:\/\/www.billard-club-sottevillais.com\/wp-content\/flgallery\/tmp\/img-b8kaga1b4j6q.180x120.jpg\" alt=\"DSC04427\" \/><\/a><\/li><li style=\"display:inline;\"><a href=\"http:\/\/www.billard-club-sottevillais.com\/wp-content\/flgallery\/images\/ca00nhtinltg.jpg\"><img decoding=\"async\" src=\"http:\/\/www.billard-club-sottevillais.com\/wp-content\/flgallery\/tmp\/img-ca00nhtinltg.180x120.jpg\" alt=\"DSC04429\" \/><\/a><\/li><li style=\"display:inline;\"><a href=\"http:\/\/www.billard-club-sottevillais.com\/wp-content\/flgallery\/images\/5lbf9bjykyjj.jpg\"><img decoding=\"async\" src=\"http:\/\/www.billard-club-sottevillais.com\/wp-content\/flgallery\/tmp\/img-5lbf9bjykyjj.180x120.jpg\" alt=\"DSC04431\" \/><\/a><\/li><li style=\"display:inline;\"><a href=\"http:\/\/www.billard-club-sottevillais.com\/wp-content\/flgallery\/images\/nc3siw4kgfpc.jpg\"><img decoding=\"async\" src=\"http:\/\/www.billard-club-sottevillais.com\/wp-content\/flgallery\/tmp\/img-nc3siw4kgfpc.180x120.jpg\" alt=\"DSC04435\" \/><\/a><\/li><li style=\"display:inline;\"><a href=\"http:\/\/www.billard-club-sottevillais.com\/wp-content\/flgallery\/images\/r2ofuvqy9ehm.jpg\"><img decoding=\"async\" src=\"http:\/\/www.billard-club-sottevillais.com\/wp-content\/flgallery\/tmp\/img-r2ofuvqy9ehm.180x120.jpg\" alt=\"DSC04438\" \/><\/a><\/li><li style=\"display:inline;\"><a href=\"http:\/\/www.billard-club-sottevillais.com\/wp-content\/flgallery\/images\/1f02vxl2bd2d.jpg\"><img decoding=\"async\" src=\"http:\/\/www.billard-club-sottevillais.com\/wp-content\/flgallery\/tmp\/img-1f02vxl2bd2d.180x120.jpg\" alt=\"DSC04440\" \/><\/a><\/li><li style=\"display:inline;\"><a href=\"http:\/\/www.billard-club-sottevillais.com\/wp-content\/flgallery\/images\/m7mmyg3pruz6.jpg\"><img decoding=\"async\" src=\"http:\/\/www.billard-club-sottevillais.com\/wp-content\/flgallery\/tmp\/img-m7mmyg3pruz6.180x120.jpg\" alt=\"DSC04441\" \/><\/a><\/li><li style=\"display:inline;\"><a href=\"http:\/\/www.billard-club-sottevillais.com\/wp-content\/flgallery\/images\/vkcjftnlkbr2.jpg\"><img decoding=\"async\" src=\"http:\/\/www.billard-club-sottevillais.com\/wp-content\/flgallery\/tmp\/img-vkcjftnlkbr2.180x120.jpg\" alt=\"DSC04449\" \/><\/a><\/li><li style=\"display:inline;\"><a href=\"http:\/\/www.billard-club-sottevillais.com\/wp-content\/flgallery\/images\/pic0vx37qvuu.jpg\"><img decoding=\"async\" src=\"http:\/\/www.billard-club-sottevillais.com\/wp-content\/flgallery\/tmp\/img-pic0vx37qvuu.180x120.jpg\" alt=\"DSC04453\" \/><\/a><\/li><li style=\"display:inline;\"><a href=\"http:\/\/www.billard-club-sottevillais.com\/wp-content\/flgallery\/images\/u6shq22ua3fy.jpg\"><img decoding=\"async\" src=\"http:\/\/www.billard-club-sottevillais.com\/wp-content\/flgallery\/tmp\/img-u6shq22ua3fy.180x120.jpg\" alt=\"DSC04456\" \/><\/a><\/li><\/ol><\/div><\/object><\/object><script type=\"text\/javascript\">jQuery(document).ready(function($) { if (!swfobject.hasFlashPlayerVersion('9.0.45.0')) { altgallery({ type: 'Art', width: '550', height: '400', images: { folder: 'http:\/\/www.billard-club-sottevillais.com\/wp-content\/plugins\/global-flash-galleries\/img\/' }, config: 'http:\/\/www.billard-club-sottevillais.com\/wp-content\/flgallery\/xml\/1\/245.xml', configType: 'xml', fullscreen: 'never', callback: function(gallery) { var container = gallery.canvas.element.parents('.flgallery-embed'); var parent = container.parent(); var initialWidth = container.width(); var prevWidth; container.css({ width: '', height: '' }); function scale() { var parentWidth = parent.width(); if (parentWidth != prevWidth) { gallery.canvas.scale(parentWidth \/ initialWidth); prevWidth = parentWidth; } } scale(); $(window).resize(scale); } }, '#flgallery-245 .flgallery-altcontent'); } });<\/script><\/div><\/center>\n<p>\u00a0<\/p>\n<p>\u00a0<\/p>\n\n\n<p><\/p>\n","protected":false},"excerpt":{"rendered":"<p>Le vendredi 4 septembre, le BCS a convoqu\u00e9 son Assembl\u00e9e G\u00e9n\u00e9rale. Faire une AG un vendredi \u00e0 17h30, c&rsquo;\u00e9tait une premi\u00e8re. Faire cette AG avec un masque riv\u00e9 sur le visage c&rsquo;\u00e9tait aussi exceptionnel. Ajouter \u00e0 cela que la circulation du virus inqui\u00e8te une partie de nos adh\u00e9rents, nous avons vraiment craint que la fr\u00e9quentation &hellip; <\/p>\n<p class=\"link-more\"><a href=\"http:\/\/www.billard-club-sottevillais.com\/?page_id=12449\" class=\"more-link\">Continuer la lecture<span class=\"screen-reader-text\"> de &laquo;&nbsp;Assembl\u00e9e G\u00e9n\u00e9rale 2020&nbsp;&raquo;<\/span><\/a><\/p>\n","protected":false},"author":3,"featured_media":0,"parent":35,"menu_order":0,"comment_status":"closed","ping_status":"closed","template":"","meta":{"footnotes":""},"class_list":["post-12449","page","type-page","status-publish","hentry"],"_links":{"self":[{"href":"http:\/\/www.billard-club-sottevillais.com\/index.php?rest_route=\/wp\/v2\/pages\/12449","targetHints":{"allow":["GET"]}}],"collection":[{"href":"http:\/\/www.billard-club-sottevillais.com\/index.php?rest_route=\/wp\/v2\/pages"}],"about":[{"href":"http:\/\/www.billard-club-sottevillais.com\/index.php?rest_route=\/wp\/v2\/types\/page"}],"author":[{"embeddable":true,"href":"http:\/\/www.billard-club-sottevillais.com\/index.php?rest_route=\/wp\/v2\/users\/3"}],"replies":[{"embeddable":true,"href":"http:\/\/www.billard-club-sottevillais.com\/index.php?rest_route=%2Fwp%2Fv2%2Fcomments&post=12449"}],"version-history":[{"count":10,"href":"http:\/\/www.billard-club-sottevillais.com\/index.php?rest_route=\/wp\/v2\/pages\/12449\/revisions"}],"predecessor-version":[{"id":12469,"href":"http:\/\/www.billard-club-sottevillais.com\/index.php?rest_route=\/wp\/v2\/pages\/12449\/revisions\/12469"}],"up":[{"embeddable":true,"href":"http:\/\/www.billard-club-sottevillais.com\/index.php?rest_route=\/wp\/v2\/pages\/35"}],"wp:attachment":[{"href":"http:\/\/www.billard-club-sottevillais.com\/index.php?rest_route=%2Fwp%2Fv2%2Fmedia&parent=12449"}],"curies":[{"name":"wp","href":"https:\/\/api.w.org\/{rel}","templated":true}]}}