{"id":12443,"date":"2020-08-31T08:53:56","date_gmt":"2020-08-31T08:53:56","guid":{"rendered":"http:\/\/www.billard-club-sottevillais.com\/?page_id=12443"},"modified":"2020-08-31T08:53:56","modified_gmt":"2020-08-31T08:53:56","slug":"archives-saison-2019-2020","status":"publish","type":"page","link":"http:\/\/www.billard-club-sottevillais.com\/?page_id=12443","title":{"rendered":"Archives saison 2019 \/ 2020"},"content":{"rendered":"<p>&nbsp;<\/p>\n<h4><a href=\"http:\/\/billardcf.cluster010.ovh.net\/?page_id=12113\">Tournoi interne de 5 quilles<\/a><\/h4>\n<p style=\"text-align: justify;\">Le 1er f\u00e9vrier, 18 joueurs se sont rencontr\u00e9s dans le tournoi de 5 quilles.<\/p>\n<h4><a href=\"http:\/\/billardcf.cluster010.ovh.net\/?page_id=12038\">Billard et p\u00e9tanque<\/a><\/h4>\n<p style=\"text-align: justify;\">Le 18 janvier, les joueurs de p\u00e9tanque nous ont rejoint dans le cadre de l&rsquo;animation \u00ab\u00a0Billard et p\u00e9tanque\u00a0\u00bb.<\/p>\n<h4><a href=\"http:\/\/billardcf.cluster010.ovh.net\/?page_id=11959\">Galette des rois 2020<\/a><\/h4>\n<p style=\"text-align: justify;\">Le 11 janvier, nous avons r\u00e9uni nos adh\u00e9rents autour de la galette des rois.<\/p>\n<h4><a href=\"http:\/\/billardcf.cluster010.ovh.net\/?page_id=11859\">Tournoi interne de casin<\/a><\/h4>\n<p style=\"text-align: justify;\">Le 14 d\u00e9cembre, douze joueurs ont particip\u00e9 au tournoi de casin.<\/p>\n<h4><a href=\"http:\/\/billardcf.cluster010.ovh.net\/?page_id=11722\">Soir\u00e9e Beaujolais<\/a><\/h4>\n<p style=\"text-align: justify;\">Le 22 novembre, nos adh\u00e9rents se sont retrouv\u00e9s autour d&rsquo;une table pour d\u00e9guster le vin nouveau.<\/p>\n<h4><a href=\"http:\/\/billardcf.cluster010.ovh.net\/?page_id=11577\">Tournoi de Tac-Tac 2019<\/a><\/h4>\n<p style=\"text-align: justify;\">Le 26 octobre, 18 joueurs sont venus pour participer au tournoi de Tac-tac.<\/p>\n<h4><a href=\"http:\/\/billardcf.cluster010.ovh.net\/?page_id=11489\">Pot d&rsquo;accueil<\/a><\/h4>\n<p style=\"text-align: justify;\">Le 20 septembre, le BCS a r\u00e9uni ses adh\u00e9rents autour d&rsquo;un pot d&rsquo;accueil, une occasion de relancer la saison.<\/p>\n<h4><a href=\"http:\/\/billardcf.cluster010.ovh.net\/?page_id=11408\">Assembl\u00e9e G\u00e9n\u00e9rale du BCS<\/a><\/h4>\n<p style=\"text-align: justify;\">Le 15 juin, le BCS a r\u00e9uni son Assembl\u00e9e G\u00e9n\u00e9rale.<\/p>\n<p>&nbsp;<\/p>\n","protected":false},"excerpt":{"rendered":"<p>&nbsp; Tournoi interne de 5 quilles Le 1er f\u00e9vrier, 18 joueurs se sont rencontr\u00e9s dans le tournoi de 5 quilles. Billard et p\u00e9tanque Le 18 janvier, les joueurs de p\u00e9tanque nous ont rejoint dans le cadre de l&rsquo;animation \u00ab\u00a0Billard et p\u00e9tanque\u00a0\u00bb. Galette des rois 2020 Le 11 janvier, nous avons r\u00e9uni nos adh\u00e9rents autour de &hellip; <\/p>\n<p class=\"link-more\"><a href=\"http:\/\/www.billard-club-sottevillais.com\/?page_id=12443\" class=\"more-link\">Continuer la lecture<span class=\"screen-reader-text\"> de &laquo;&nbsp;Archives saison 2019 \/ 2020&nbsp;&raquo;<\/span><\/a><\/p>\n","protected":false},"author":3,"featured_media":0,"parent":0,"menu_order":0,"comment_status":"closed","ping_status":"closed","template":"","meta":{"footnotes":""},"class_list":["post-12443","page","type-page","status-publish","hentry"],"_links":{"self":[{"href":"http:\/\/www.billard-club-sottevillais.com\/index.php?rest_route=\/wp\/v2\/pages\/12443","targetHints":{"allow":["GET"]}}],"collection":[{"href":"http:\/\/www.billard-club-sottevillais.com\/index.php?rest_route=\/wp\/v2\/pages"}],"about":[{"href":"http:\/\/www.billard-club-sottevillais.com\/index.php?rest_route=\/wp\/v2\/types\/page"}],"author":[{"embeddable":true,"href":"http:\/\/www.billard-club-sottevillais.com\/index.php?rest_route=\/wp\/v2\/users\/3"}],"replies":[{"embeddable":true,"href":"http:\/\/www.billard-club-sottevillais.com\/index.php?rest_route=%2Fwp%2Fv2%2Fcomments&post=12443"}],"version-history":[{"count":1,"href":"http:\/\/www.billard-club-sottevillais.com\/index.php?rest_route=\/wp\/v2\/pages\/12443\/revisions"}],"predecessor-version":[{"id":12444,"href":"http:\/\/www.billard-club-sottevillais.com\/index.php?rest_route=\/wp\/v2\/pages\/12443\/revisions\/12444"}],"wp:attachment":[{"href":"http:\/\/www.billard-club-sottevillais.com\/index.php?rest_route=%2Fwp%2Fv2%2Fmedia&parent=12443"}],"curies":[{"name":"wp","href":"https:\/\/api.w.org\/{rel}","templated":true}]}}