{"id":12374,"date":"2020-07-28T15:38:32","date_gmt":"2020-07-28T15:38:32","guid":{"rendered":"http:\/\/www.billard-club-sottevillais.com\/?page_id=12374"},"modified":"2020-07-28T15:50:34","modified_gmt":"2020-07-28T15:50:34","slug":"resultats-sportifs-saison-2019-2020","status":"publish","type":"page","link":"http:\/\/www.billard-club-sottevillais.com\/?page_id=12374","title":{"rendered":"R\u00e9sultats sportifs &#8211; Saison 2019 \/ 2020"},"content":{"rendered":"<p style=\"text-align: justify;\">R\u00e9sultats des Comp\u00e9titions, vous trouverez ici toutes les informations concernant\u00a0les rencontres sportives auxquelles participe le Billard Club Sottevillais.<\/p>\n<p style=\"text-align: center;\"><!--more--><img loading=\"lazy\" decoding=\"async\" class=\"aligncenter size-full wp-image-8398\" title=\"Res-Sport\" src=\"http:\/\/www.billard-club-sottevillais.com\/wp-content\/uploads\/2011\/07\/Res-Sport1.jpg\" alt=\"\" width=\"231\" height=\"116\" \/><\/p>\n<h4><span style=\"color: #ff6600;\">Arr\u00eat des comp\u00e9titions aux 13 Mars suite \u00e0 la pand\u00e9mie de COVID19<\/span><\/h4>\n<p>Un classement dans chaque cat\u00e9gorie a \u00e9t\u00e9 \u00e9tabli au 13 mars avec une convocation pour les finales. Malheureusement, elles n&rsquo;ont pas pu avoir lieu.\u00a0 Le 1er de chaque cat\u00e9gorie a \u00e9t\u00e9 d\u00e9clar\u00e9 champion.<\/p>\n<p>\u00a0<\/p>\n<h4><a href=\"http:\/\/www.billard-club-sottevillais.com\/?page_id=12252\">3 Bandes R2 T3 \u2013 8 Mars 2020<\/a><\/h4>\n<p>Le 3\u00e8me tour de 3 Bandes R2 \u00e0 Cany-Barville<\/p>\n<h4><a href=\"http:\/\/www.billard-club-sottevillais.com\/?page_id=12244\">Equipe D4 &#8211; 03 Mars 2020<\/a><\/h4>\n<p>l\u2019\u00e9quipe D4\u00a0 Sotteville C &#8211; Le Havre C<\/p>\n<h4><a href=\"http:\/\/www.billard-club-sottevillais.com\/?page_id=12236\">Cadre 42\/2 N3 T4 \u2013 01 Mars 2020<\/a><\/h4>\n<p>Le 4\u00e8me tour de Cadre 42\/2 N3 \u00e0 Rouen<\/p>\n<h4><a href=\"http:\/\/www.billard-club-sottevillais.com\/?page_id=12225\">3 Bandes R1 T3 \u2013 1 Mars 2020<\/a><\/h4>\n<p>Le 3\u00e8me tour de 3 Bandes R1 au Havre<\/p>\n<h4><a href=\"http:\/\/www.billard-club-sottevillais.com\/?page_id=12217\">Equipe D3 &#8211; 25 F\u00e9vrier 2020<\/a><\/h4>\n<p>l\u2019\u00e9quipe D3\u00a0 Oissel A &#8211; Sotteville B<\/p>\n<h4><a href=\"http:\/\/www.billard-club-sottevillais.com\/?page_id=12211\">Equipe D3 &#8211; 20 F\u00e9vrier 2020<\/a><\/h4>\n<p>l\u2019\u00e9quipe D3\u00a0 Sotteville B &#8211; La Saussaye B<\/p>\n<h4><a href=\"http:\/\/www.billard-club-sottevillais.com\/?page_id=12199\">Libre R3 T3 Sotteville 16-02-2020<\/a><\/h4>\n<p>Le 3\u00e8me tour de Libre R3 \u00e0 Sotteville-l\u00e8s-Rouen<\/p>\n<h4><a href=\"http:\/\/www.billard-club-sottevillais.com\/?page_id=12192\">Cadre 42\/2 N3 T3 \u2013 09 F\u00e9vrier 2020<\/a><\/h4>\n<p>Le 3\u00e8me tour de Cadre 42\/2 N3 \u00e0 Rouen<\/p>\n<h4><a href=\"http:\/\/www.billard-club-sottevillais.com\/?page_id=12183\">Cadre 42\/2 R T3 \u2013 09 F\u00e9vrier 2020<\/a><\/h4>\n<p>Le 3\u00e8me tour de Cadre 42\/2 R \u00e0 Maromme<\/p>\n<h4><a href=\"http:\/\/www.billard-club-sottevillais.com\/?page_id=12174\">Libre R4 T3 \u2013 09 F\u00e9vrier 2020<\/a><\/h4>\n<p>Le 3\u00e8me tour de Libre R4 \u00e0 Sotteville-l\u00e8s-Rouen<\/p>\n<h4><a href=\"http:\/\/www.billard-club-sottevillais.com\/?page_id=12157\">Bande R1 T3 \u2013 2 F\u00e9vrier 2020<\/a><\/h4>\n<p>Le 3\u00e8me tour de Bande R1 \u00e0 Sotteville-l\u00e8s-Rouen<\/p>\n<h4><a href=\"http:\/\/www.billard-club-sottevillais.com\/?page_id=12096\">Equipe D4 &#8211; 28 Janvier 2020<\/a><\/h4>\n<p>l\u2019\u00e9quipe D4\u00a0 Sotteville C &#8211; Pacy A<\/p>\n<h4><a href=\"http:\/\/www.billard-club-sottevillais.com\/?page_id=12085\">Libre R2 T2 \u2013 26 Janvier 2020<\/a><\/h4>\n<p>Le 2\u00e8me tour de Libre R2 \u00e0 Maromme<\/p>\n<h4><a href=\"http:\/\/www.billard-club-sottevillais.com\/?page_id=12079\">Equipe D4 &#8211; 21 Janvier 2020<\/a><\/h4>\n<p>l\u2019\u00e9quipe D4\u00a0 St Marcel B &#8211; Sotteville C<\/p>\n<h4><a href=\"http:\/\/www.billard-club-sottevillais.com\/?page_id=12026\">Libre N3 T2 \u2013 19 Janvier 2020<\/a><\/h4>\n<p>Le 2\u00e8me tour de Libre N3 \u00e0 Louviers<\/p>\n<h4><a href=\"http:\/\/www.billard-club-sottevillais.com\/?page_id=12002\">Equipe D3 &#8211; 14 Janvier 2020<\/a><\/h4>\n<p>l\u2019\u00e9quipe D3 Le Havre A &#8211; Sotteville B<\/p>\n<h4><a href=\"http:\/\/www.billard-club-sottevillais.com\/?page_id=11994\">3 Bandes R1 T2 \u2013 12 janvier 2020<\/a><\/h4>\n<p>Le 2\u00e8me tour de 3 Bandes R1 \u00e0 St Nicolas d&rsquo;Aliermont<\/p>\n<h4><a href=\"http:\/\/www.billard-club-sottevillais.com\/?page_id=11941\">Equipe D4 &#8211; 07 Janvier 2020<\/a><\/h4>\n<p>l\u2019\u00e9quipe D3 Pacy B &#8211; Sotteville C<\/p>\n<h4><a href=\"http:\/\/www.billard-club-sottevillais.com\/?page_id=11937\">Equipe D3 &#8211; 07 Janvier 2020<\/a><\/h4>\n<p>l\u2019\u00e9quipe D3 Sotteville B &#8211; St Nicolas A<\/p>\n<h4><a href=\"http:\/\/www.billard-club-sottevillais.com\/?page_id=11927\">Cadre 42\/2 R T2 \u2013\u00a0 05 Janvier 2020<\/a><\/h4>\n<p>Le 2\u00e8me tour de Cadre R \u00e0 Bernay<\/p>\n<h4><a href=\"http:\/\/www.billard-club-sottevillais.com\/?page_id=11914\">3 Bandes R2 T2 \u2013 05 janvier 2020<\/a><\/h4>\n<p>Le 2\u00e8me tour de 3 Bandes R2 \u00e0 Sotteville-l\u00e8s-Rouen<\/p>\n<h4><a href=\"http:\/\/www.billard-club-sottevillais.com\/?page_id=11846\">Equipe D4 &#8211; 10 D\u00e9cembre 2019<\/a><\/h4>\n<p>l\u2019\u00e9quipe D4 Sotteville C &#8211; Les Andelys B<\/p>\n<h4><a href=\"http:\/\/www.billard-club-sottevillais.com\/?page_id=11807\">Cadre 42\/2 N3 T2 \u2013\u00a0 08 D\u00e9cembre 2019<\/a><\/h4>\n<p>Le 2\u00e8me tour de Cadre N3 \u00e0 Sotteville-l\u00e8s-Rouen<\/p>\n<h4><a href=\"http:\/\/www.billard-club-sottevillais.com\/?page_id=11809\">Cadre 42\/2 R T1 \u2013\u00a0 08 D\u00e9cembre 2019<\/a><\/h4>\n<p>Le 1er tour de Cadre R au Havre<\/p>\n<h4><a href=\"http:\/\/www.billard-club-sottevillais.com\/?page_id=11811\">Libre R3 T2 \u2013 08 D\u00e9cembre 2019<\/a><\/h4>\n<p>Le 2\u00e8me tour de Libre R3 \u00e0 Rouen et \u00e0 Cany-Barville<\/p>\n<h4><a href=\"http:\/\/www.billard-club-sottevillais.com\/?page_id=11813\">Libre R4 T2 \u2013 08 D\u00e9cembre 2019<\/a><\/h4>\n<p>Le 2\u00e8me tour de Libre R4 \u00e0 F\u00e9camp et St Nicolas d&rsquo;Aliermont<\/p>\n<h4><a href=\"http:\/\/www.billard-club-sottevillais.com\/?page_id=11799\">Equipe D3 &#8211; 03 D\u00e9cembre 2019<\/a><\/h4>\n<p>l\u2019\u00e9quipe D3 Sotteville B &#8211; Louviers B<\/p>\n<h4><a href=\"http:\/\/www.billard-club-sottevillais.com\/?page_id=11785\">Equipe D4 &#8211; 26 Novembre 2019<\/a><\/h4>\n<p>l\u2019\u00e9quipe D4 Le Havre C &#8211; Sotteville C<\/p>\n<h4><a href=\"http:\/\/www.billard-club-sottevillais.com\/?page_id=11773\">Bande R1 T2\u2013 24 Novembre 2019<\/a><\/h4>\n<p>Le 2eme tour de Bande R1 au Havre<\/p>\n<h4><a href=\"http:\/\/www.billard-club-sottevillais.com\/?page_id=11711\">Equipe D3 &#8211; 19 Novembre 2019<\/a><\/h4>\n<p>l\u2019\u00e9quipe D3 Evreux &#8211; Sotteville B<\/p>\n<h4><a href=\"http:\/\/www.billard-club-sottevillais.com\/?page_id=11698\">Libre N3 T1 \u2013 17 Novembre 2019<\/a><\/h4>\n<p>Le 1er tour de Libre N3 \u00e0 Rouen<\/p>\n<h4><a href=\"http:\/\/www.billard-club-sottevillais.com\/?page_id=11696\">Libre R4 T1 \u2013 17 Novembre 2019<\/a><\/h4>\n<p>Le 1er tour de Libre R4 \u00e0 Cany-Barville<\/p>\n<h4><a href=\"http:\/\/www.billard-club-sottevillais.com\/?page_id=11683\">3 Bandes R1 T1 \u2013 10 Novembre 2019<\/a><\/h4>\n<p>Le 1er tour de 3 Bandes R1 \u00e0 Sotteville-l\u00e8s-Rouen<\/p>\n<h4><a href=\"http:\/\/www.billard-club-sottevillais.com\/?page_id=11672\">Equipe D4 &#8211; 05 Novembre 2019<\/a><\/h4>\n<p>l\u2019\u00e9quipe D4 Sotteville C &#8211; St Nicolas d&rsquo;Aliermont C<\/p>\n<h4><a href=\"http:\/\/www.billard-club-sottevillais.com\/?page_id=11650\">Equipe D3 &#8211; 29 Octobre 2019<\/a><\/h4>\n<p>l\u2019\u00e9quipe D3 Sotteville B &#8211; Oissel A<\/p>\n<h4><a href=\"http:\/\/www.billard-club-sottevillais.com\/?page_id=11637\">Cadre 42\/2 N3 T1 \u2013 27 Octobre 2019<\/a><\/h4>\n<p>Le 1er tour de Cadre N3 \u00e0 Maromme<\/p>\n<h4><a href=\"http:\/\/www.billard-club-sottevillais.com\/?page_id=11604\">Libre R3 T1 \u2013 27 Octobre 2019<\/a><\/h4>\n<p>Le 1er tour de Libre R3 \u00e0 Cany-Barville et \u00e0 Oissel<\/p>\n<h4><a href=\"http:\/\/www.billard-club-sottevillais.com\/?page_id=11642\">Equipe D3 &#8211; 22 Octobre 2019<\/a><\/h4>\n<p>l\u2019\u00e9quipe D3 La Saussaye B \u2013 Sotteville B<\/p>\n<h4><a href=\"http:\/\/www.billard-club-sottevillais.com\/?page_id=11559\">3 Bandes R2 T1 \u2013 20 Octobre 2019<\/a><\/h4>\n<p>Le 1er tour de 3 Bandes R2 au Havre<\/p>\n<h4><a href=\"http:\/\/www.billard-club-sottevillais.com\/?page_id=11548\">Bande R1 T1 \u2013 20 Octobre 2019<\/a><\/h4>\n<p>Le 1er tour de Bande R1 \u00e0 F\u00e9camp<\/p>\n<h4><a href=\"http:\/\/www.billard-club-sottevillais.com\/?page_id=11535\">Libre R2 T1 \u2013 13 Octobre 2019<\/a><\/h4>\n<p>Le 1er tour de Libre R2 \u00e0 Sotteville-l\u00e8s-Rouen<\/p>\n\n\n<p><\/p>\n","protected":false},"excerpt":{"rendered":"<p>R\u00e9sultats des Comp\u00e9titions, vous trouverez ici toutes les informations concernant\u00a0les rencontres sportives auxquelles participe le Billard Club Sottevillais.<\/p>\n","protected":false},"author":7,"featured_media":0,"parent":43,"menu_order":0,"comment_status":"closed","ping_status":"closed","template":"","meta":{"footnotes":""},"class_list":["post-12374","page","type-page","status-publish","hentry"],"_links":{"self":[{"href":"http:\/\/www.billard-club-sottevillais.com\/index.php?rest_route=\/wp\/v2\/pages\/12374","targetHints":{"allow":["GET"]}}],"collection":[{"href":"http:\/\/www.billard-club-sottevillais.com\/index.php?rest_route=\/wp\/v2\/pages"}],"about":[{"href":"http:\/\/www.billard-club-sottevillais.com\/index.php?rest_route=\/wp\/v2\/types\/page"}],"author":[{"embeddable":true,"href":"http:\/\/www.billard-club-sottevillais.com\/index.php?rest_route=\/wp\/v2\/users\/7"}],"replies":[{"embeddable":true,"href":"http:\/\/www.billard-club-sottevillais.com\/index.php?rest_route=%2Fwp%2Fv2%2Fcomments&post=12374"}],"version-history":[{"count":2,"href":"http:\/\/www.billard-club-sottevillais.com\/index.php?rest_route=\/wp\/v2\/pages\/12374\/revisions"}],"predecessor-version":[{"id":12377,"href":"http:\/\/www.billard-club-sottevillais.com\/index.php?rest_route=\/wp\/v2\/pages\/12374\/revisions\/12377"}],"up":[{"embeddable":true,"href":"http:\/\/www.billard-club-sottevillais.com\/index.php?rest_route=\/wp\/v2\/pages\/43"}],"wp:attachment":[{"href":"http:\/\/www.billard-club-sottevillais.com\/index.php?rest_route=%2Fwp%2Fv2%2Fmedia&parent=12374"}],"curies":[{"name":"wp","href":"https:\/\/api.w.org\/{rel}","templated":true}]}}