{"id":12236,"date":"2020-03-04T18:07:08","date_gmt":"2020-03-04T18:07:08","guid":{"rendered":"http:\/\/www.billard-club-sottevillais.com\/?page_id=12236"},"modified":"2020-03-04T18:20:51","modified_gmt":"2020-03-04T18:20:51","slug":"cadre-42-2-n3-t4-1-mars-2020","status":"publish","type":"page","link":"http:\/\/www.billard-club-sottevillais.com\/?page_id=12236","title":{"rendered":"Cadre 42\/2 N3 T4 &#8211; 1 Mars 2020"},"content":{"rendered":"<p style=\"text-align: justify;\">R\u00e9sultats des Tournois, vous trouverez ici toutes les informations concernant les rencontres sportives auxquelles participe le Billard Club Sottevillais.<\/p>\n<p style=\"text-align: center;\"><!--more--><img loading=\"lazy\" decoding=\"async\" class=\"aligncenter size-full wp-image-59\" title=\"sport\" src=\"http:\/\/billardcf.cluster010.ovh.net\/wp-content\/uploads\/2011\/07\/sport.jpg\" alt=\"\" width=\"231\" height=\"116\" \/><\/p>\n<p style=\"text-align: justify;\">Le 4\u00e8me tour de cadre 42\/2 N3 s&rsquo;est d\u00e9roul\u00e9 \u00e0 Rouen le 01 Mars 2020. Jacques Alexandre repr\u00e9sentait le BCS.<\/p>\n<p style=\"text-align: justify;\">Jacques termine \u00e0 la 3\u00e8me place. Nathan Legendre est champion de Normandie.<\/p>\n<p style=\"text-align: justify;\">Nathan ne pouvant pas jouer la Finale de France. C&rsquo;est Jacques Alexandre qui repr\u00e9sentera la Normandie en Finale de France \u00e0 Romans sur Is\u00e8re du 3 au 5 Avril 2020.<\/p>\n<p style=\"text-align: center;\"><img loading=\"lazy\" decoding=\"async\" class=\"aligncenter wp-image-12238\" src=\"http:\/\/www.billard-club-sottevillais.com\/wp-content\/uploads\/2020\/03\/Cadre-N3-T4-2020-03-01-e1583345178580-1024x724.jpg\" alt=\"\" width=\"738\" height=\"522\" srcset=\"http:\/\/www.billard-club-sottevillais.com\/wp-content\/uploads\/2020\/03\/Cadre-N3-T4-2020-03-01-e1583345178580-1024x724.jpg 1024w, http:\/\/www.billard-club-sottevillais.com\/wp-content\/uploads\/2020\/03\/Cadre-N3-T4-2020-03-01-e1583345178580-300x212.jpg 300w, http:\/\/www.billard-club-sottevillais.com\/wp-content\/uploads\/2020\/03\/Cadre-N3-T4-2020-03-01-e1583345178580-768x543.jpg 768w, http:\/\/www.billard-club-sottevillais.com\/wp-content\/uploads\/2020\/03\/Cadre-N3-T4-2020-03-01-e1583345178580.jpg 1754w\" sizes=\"auto, (max-width: 738px) 100vw, 738px\" \/><\/p>\n<h4 style=\"padding-left: 30px;\">Le pdf ici : <a href=\"http:\/\/www.billard-club-sottevillais.com\/wp-content\/uploads\/2020\/03\/Cadre-N3-T4-2020-03-01.pdf\" target=\"_blank\" rel=\"noopener noreferrer\">Cadre N3 T4 2020-03-01<\/a><\/h4>\n\n\n<p> <\/p>\n","protected":false},"excerpt":{"rendered":"<p>R\u00e9sultats des Tournois, vous trouverez ici toutes les informations concernant les rencontres sportives auxquelles participe le Billard Club Sottevillais.<\/p>\n","protected":false},"author":7,"featured_media":0,"parent":43,"menu_order":0,"comment_status":"closed","ping_status":"closed","template":"page-full.php","meta":{"footnotes":""},"class_list":["post-12236","page","type-page","status-publish","hentry"],"_links":{"self":[{"href":"http:\/\/www.billard-club-sottevillais.com\/index.php?rest_route=\/wp\/v2\/pages\/12236","targetHints":{"allow":["GET"]}}],"collection":[{"href":"http:\/\/www.billard-club-sottevillais.com\/index.php?rest_route=\/wp\/v2\/pages"}],"about":[{"href":"http:\/\/www.billard-club-sottevillais.com\/index.php?rest_route=\/wp\/v2\/types\/page"}],"author":[{"embeddable":true,"href":"http:\/\/www.billard-club-sottevillais.com\/index.php?rest_route=\/wp\/v2\/users\/7"}],"replies":[{"embeddable":true,"href":"http:\/\/www.billard-club-sottevillais.com\/index.php?rest_route=%2Fwp%2Fv2%2Fcomments&post=12236"}],"version-history":[{"count":5,"href":"http:\/\/www.billard-club-sottevillais.com\/index.php?rest_route=\/wp\/v2\/pages\/12236\/revisions"}],"predecessor-version":[{"id":12251,"href":"http:\/\/www.billard-club-sottevillais.com\/index.php?rest_route=\/wp\/v2\/pages\/12236\/revisions\/12251"}],"up":[{"embeddable":true,"href":"http:\/\/www.billard-club-sottevillais.com\/index.php?rest_route=\/wp\/v2\/pages\/43"}],"wp:attachment":[{"href":"http:\/\/www.billard-club-sottevillais.com\/index.php?rest_route=%2Fwp%2Fv2%2Fmedia&parent=12236"}],"curies":[{"name":"wp","href":"https:\/\/api.w.org\/{rel}","templated":true}]}}