{"id":12199,"date":"2020-02-16T21:08:10","date_gmt":"2020-02-16T21:08:10","guid":{"rendered":"http:\/\/www.billard-club-sottevillais.com\/?page_id=12199"},"modified":"2020-02-16T21:08:11","modified_gmt":"2020-02-16T21:08:11","slug":"libre-r3-t3-16-fevrier-2020","status":"publish","type":"page","link":"http:\/\/www.billard-club-sottevillais.com\/?page_id=12199","title":{"rendered":"Libre R3 T3 &#8211; 16 F\u00e9vrier 2020"},"content":{"rendered":"<p style=\"text-align: justify;\">R\u00e9sultats des Tournois, vous trouverez ici toutes les informations concernant les rencontres sportives auxquelles participe le Billard Club Sottevillais.<\/p>\n<p style=\"text-align: center;\"><!--more--><img loading=\"lazy\" decoding=\"async\" class=\"aligncenter size-full wp-image-59\" title=\"sport\" src=\"http:\/\/billardcf.cluster010.ovh.net\/wp-content\/uploads\/2011\/07\/sport.jpg\" alt=\"\" width=\"231\" height=\"116\" \/><\/p>\n<p style=\"text-align: justify;\">Le 3\u00e8me tour de libre R3 s&rsquo;est d\u00e9roul\u00e9 le 16 f\u00e9vrier 2020. Jean-Pierre Guerout, Sylvain Baville et Pascal Ippolito jouaient \u00e0 Sotteville. Une deuxi\u00e8me poule \u00e9tait au Havre.<\/p>\n<p>Pascal termine 4\u00e8me et Sylvain 3\u00e8me.<\/p>\n<p style=\"text-align: justify;\">Jean-pierre Guerout remporte ce tour.<\/p>\n<p style=\"text-align: justify;\">\n<p style=\"text-align: center;\"><img loading=\"lazy\" decoding=\"async\" class=\"aligncenter size-large wp-image-12201\" src=\"http:\/\/www.billard-club-sottevillais.com\/wp-content\/uploads\/2020\/02\/Libre-R3-T3-Sotteville-16-02-20201-724x1024.jpg\" alt=\"\" width=\"724\" height=\"1024\" srcset=\"http:\/\/www.billard-club-sottevillais.com\/wp-content\/uploads\/2020\/02\/Libre-R3-T3-Sotteville-16-02-20201-724x1024.jpg 724w, http:\/\/www.billard-club-sottevillais.com\/wp-content\/uploads\/2020\/02\/Libre-R3-T3-Sotteville-16-02-20201-212x300.jpg 212w, http:\/\/www.billard-club-sottevillais.com\/wp-content\/uploads\/2020\/02\/Libre-R3-T3-Sotteville-16-02-20201-768x1086.jpg 768w, http:\/\/www.billard-club-sottevillais.com\/wp-content\/uploads\/2020\/02\/Libre-R3-T3-Sotteville-16-02-20201.jpg 1240w\" sizes=\"auto, (max-width: 724px) 100vw, 724px\" \/> <img loading=\"lazy\" decoding=\"async\" class=\"aligncenter size-large wp-image-12202\" src=\"http:\/\/www.billard-club-sottevillais.com\/wp-content\/uploads\/2020\/02\/Libre-R3-T3-Sotteville-16-02-20202-724x1024.jpg\" alt=\"\" width=\"724\" height=\"1024\" srcset=\"http:\/\/www.billard-club-sottevillais.com\/wp-content\/uploads\/2020\/02\/Libre-R3-T3-Sotteville-16-02-20202-724x1024.jpg 724w, http:\/\/www.billard-club-sottevillais.com\/wp-content\/uploads\/2020\/02\/Libre-R3-T3-Sotteville-16-02-20202-212x300.jpg 212w, http:\/\/www.billard-club-sottevillais.com\/wp-content\/uploads\/2020\/02\/Libre-R3-T3-Sotteville-16-02-20202-768x1086.jpg 768w, http:\/\/www.billard-club-sottevillais.com\/wp-content\/uploads\/2020\/02\/Libre-R3-T3-Sotteville-16-02-20202.jpg 1240w\" sizes=\"auto, (max-width: 724px) 100vw, 724px\" \/><\/p>\n<h4 style=\"padding-left: 30px;\">Le pdf ici :<a href=\"http:\/\/www.billard-club-sottevillais.com\/wp-content\/uploads\/2020\/02\/Libre-R3-T3-Sotteville-16-02-2020.pdf\" target=\"_blank\" rel=\"noopener noreferrer\">Libre R3 T3 Sotteville 16-02-2020<\/a><\/h4>\n","protected":false},"excerpt":{"rendered":"<p>R\u00e9sultats des Tournois, vous trouverez ici toutes les informations concernant les rencontres sportives auxquelles participe le Billard Club Sottevillais.<\/p>\n","protected":false},"author":7,"featured_media":0,"parent":43,"menu_order":0,"comment_status":"closed","ping_status":"closed","template":"page-full.php","meta":{"footnotes":""},"class_list":["post-12199","page","type-page","status-publish","hentry"],"_links":{"self":[{"href":"http:\/\/www.billard-club-sottevillais.com\/index.php?rest_route=\/wp\/v2\/pages\/12199","targetHints":{"allow":["GET"]}}],"collection":[{"href":"http:\/\/www.billard-club-sottevillais.com\/index.php?rest_route=\/wp\/v2\/pages"}],"about":[{"href":"http:\/\/www.billard-club-sottevillais.com\/index.php?rest_route=\/wp\/v2\/types\/page"}],"author":[{"embeddable":true,"href":"http:\/\/www.billard-club-sottevillais.com\/index.php?rest_route=\/wp\/v2\/users\/7"}],"replies":[{"embeddable":true,"href":"http:\/\/www.billard-club-sottevillais.com\/index.php?rest_route=%2Fwp%2Fv2%2Fcomments&post=12199"}],"version-history":[{"count":1,"href":"http:\/\/www.billard-club-sottevillais.com\/index.php?rest_route=\/wp\/v2\/pages\/12199\/revisions"}],"predecessor-version":[{"id":12203,"href":"http:\/\/www.billard-club-sottevillais.com\/index.php?rest_route=\/wp\/v2\/pages\/12199\/revisions\/12203"}],"up":[{"embeddable":true,"href":"http:\/\/www.billard-club-sottevillais.com\/index.php?rest_route=\/wp\/v2\/pages\/43"}],"wp:attachment":[{"href":"http:\/\/www.billard-club-sottevillais.com\/index.php?rest_route=%2Fwp%2Fv2%2Fmedia&parent=12199"}],"curies":[{"name":"wp","href":"https:\/\/api.w.org\/{rel}","templated":true}]}}