{"id":12183,"date":"2020-02-09T16:40:46","date_gmt":"2020-02-09T16:40:46","guid":{"rendered":"http:\/\/www.billard-club-sottevillais.com\/?page_id=12183"},"modified":"2020-02-09T16:40:47","modified_gmt":"2020-02-09T16:40:47","slug":"cadre-42-2-t3-09-fevrier-2020","status":"publish","type":"page","link":"http:\/\/www.billard-club-sottevillais.com\/?page_id=12183","title":{"rendered":"Cadre 42\/2 T3 &#8211; 09 F\u00e9vrier 2020"},"content":{"rendered":"<p style=\"text-align: justify;\">R\u00e9sultats des Tournois, vous trouverez ici toutes les informations concernant les rencontres sportives auxquelles participe le Billard Club Sottevillais.<\/p>\n<p style=\"text-align: center;\"><!--more--><img loading=\"lazy\" decoding=\"async\" class=\"aligncenter size-full wp-image-59\" title=\"sport\" src=\"http:\/\/billardcf.cluster010.ovh.net\/wp-content\/uploads\/2011\/07\/sport.jpg\" alt=\"\" width=\"231\" height=\"116\" \/><\/p>\n<p style=\"text-align: justify;\">Le 3\u00e8me tour de cadre r\u00e9gional s&rsquo;est d\u00e9roul\u00e9 le 09 F\u00e9vrier 2020 \u00e0 Maromme. Jacques Robin repr\u00e9sentait le BCS.<\/p>\n<p style=\"text-align: justify;\">Jacques prend la 1ere place.<\/p>\n<p style=\"text-align: center;\"><img loading=\"lazy\" decoding=\"async\" class=\"aligncenter wp-image-12184\" src=\"http:\/\/www.billard-club-sottevillais.com\/wp-content\/uploads\/2020\/02\/Cadre-R1-T3-09.02.2020-maromme-1024x724.jpg\" alt=\"\" width=\"738\" height=\"522\" srcset=\"http:\/\/www.billard-club-sottevillais.com\/wp-content\/uploads\/2020\/02\/Cadre-R1-T3-09.02.2020-maromme-1024x724.jpg 1024w, http:\/\/www.billard-club-sottevillais.com\/wp-content\/uploads\/2020\/02\/Cadre-R1-T3-09.02.2020-maromme-300x212.jpg 300w, http:\/\/www.billard-club-sottevillais.com\/wp-content\/uploads\/2020\/02\/Cadre-R1-T3-09.02.2020-maromme-768x543.jpg 768w, http:\/\/www.billard-club-sottevillais.com\/wp-content\/uploads\/2020\/02\/Cadre-R1-T3-09.02.2020-maromme.jpg 1754w\" sizes=\"auto, (max-width: 738px) 100vw, 738px\" \/><\/p>\n<h4 style=\"padding-left: 30px;\">Le pdf ici : <a href=\"http:\/\/www.billard-club-sottevillais.com\/wp-content\/uploads\/2020\/02\/Cadre-R1-T3-09.02.2020-maromme.pdf\" target=\"_blank\" rel=\"noopener noreferrer\">Cadre R1 T3 09.02.2020 maromme<\/a><\/h4>\n","protected":false},"excerpt":{"rendered":"<p>R\u00e9sultats des Tournois, vous trouverez ici toutes les informations concernant les rencontres sportives auxquelles participe le Billard Club Sottevillais.<\/p>\n","protected":false},"author":7,"featured_media":0,"parent":43,"menu_order":0,"comment_status":"closed","ping_status":"closed","template":"page-full.php","meta":{"footnotes":""},"class_list":["post-12183","page","type-page","status-publish","hentry"],"_links":{"self":[{"href":"http:\/\/www.billard-club-sottevillais.com\/index.php?rest_route=\/wp\/v2\/pages\/12183","targetHints":{"allow":["GET"]}}],"collection":[{"href":"http:\/\/www.billard-club-sottevillais.com\/index.php?rest_route=\/wp\/v2\/pages"}],"about":[{"href":"http:\/\/www.billard-club-sottevillais.com\/index.php?rest_route=\/wp\/v2\/types\/page"}],"author":[{"embeddable":true,"href":"http:\/\/www.billard-club-sottevillais.com\/index.php?rest_route=\/wp\/v2\/users\/7"}],"replies":[{"embeddable":true,"href":"http:\/\/www.billard-club-sottevillais.com\/index.php?rest_route=%2Fwp%2Fv2%2Fcomments&post=12183"}],"version-history":[{"count":3,"href":"http:\/\/www.billard-club-sottevillais.com\/index.php?rest_route=\/wp\/v2\/pages\/12183\/revisions"}],"predecessor-version":[{"id":12188,"href":"http:\/\/www.billard-club-sottevillais.com\/index.php?rest_route=\/wp\/v2\/pages\/12183\/revisions\/12188"}],"up":[{"embeddable":true,"href":"http:\/\/www.billard-club-sottevillais.com\/index.php?rest_route=\/wp\/v2\/pages\/43"}],"wp:attachment":[{"href":"http:\/\/www.billard-club-sottevillais.com\/index.php?rest_route=%2Fwp%2Fv2%2Fmedia&parent=12183"}],"curies":[{"name":"wp","href":"https:\/\/api.w.org\/{rel}","templated":true}]}}