{"id":12174,"date":"2020-02-09T16:41:19","date_gmt":"2020-02-09T16:41:19","guid":{"rendered":"http:\/\/www.billard-club-sottevillais.com\/?page_id=12174"},"modified":"2020-02-09T16:41:20","modified_gmt":"2020-02-09T16:41:20","slug":"libre-r4-t3-09-fevrier-2020","status":"publish","type":"page","link":"http:\/\/www.billard-club-sottevillais.com\/?page_id=12174","title":{"rendered":"Libre R4 T3 &#8211; 09 Fevrier 2020"},"content":{"rendered":"<p style=\"text-align: justify;\">R\u00e9sultats des Tournois, vous trouverez ici toutes les informations concernant les rencontres sportives auxquelles participe le Billard Club Sottevillais.<\/p>\n<p style=\"text-align: center;\"><!--more--><img loading=\"lazy\" decoding=\"async\" class=\"aligncenter size-full wp-image-59\" title=\"sport\" src=\"http:\/\/billardcf.cluster010.ovh.net\/wp-content\/uploads\/2011\/07\/sport.jpg\" alt=\"\" width=\"231\" height=\"116\"><\/p>\n<p style=\"text-align: justify;\">Le 3\u00e8me tour de libre R4 s&rsquo;est d\u00e9roul\u00e9 le 09 Fevrier 2020 \u00e0 Sotteville-l\u00e8s-Rouen. Guy Grenu et Jackie Legros repr\u00e9sentait le BCS.<\/p>\n<p>Jackie termine 10\u00e8me et Guy prend la 7\u00e8me place.<\/p>\n<p>Fran\u00e7ois Champ de Rouen finit 1er.<\/p>\n<p style=\"text-align: center;\">&nbsp;<img loading=\"lazy\" decoding=\"async\" class=\"aligncenter size-large wp-image-12180\" src=\"http:\/\/www.billard-club-sottevillais.com\/wp-content\/uploads\/2020\/02\/Libre-R4-T3-09.02.2020-Sotteville1-724x1024.jpg\" alt=\"\" width=\"724\" height=\"1024\" srcset=\"http:\/\/www.billard-club-sottevillais.com\/wp-content\/uploads\/2020\/02\/Libre-R4-T3-09.02.2020-Sotteville1-724x1024.jpg 724w, http:\/\/www.billard-club-sottevillais.com\/wp-content\/uploads\/2020\/02\/Libre-R4-T3-09.02.2020-Sotteville1-212x300.jpg 212w, http:\/\/www.billard-club-sottevillais.com\/wp-content\/uploads\/2020\/02\/Libre-R4-T3-09.02.2020-Sotteville1-768x1086.jpg 768w, http:\/\/www.billard-club-sottevillais.com\/wp-content\/uploads\/2020\/02\/Libre-R4-T3-09.02.2020-Sotteville1.jpg 1240w\" sizes=\"auto, (max-width: 724px) 100vw, 724px\" \/><\/p>\n<p style=\"text-align: center;\"><img loading=\"lazy\" decoding=\"async\" class=\"aligncenter size-large wp-image-12181\" src=\"http:\/\/www.billard-club-sottevillais.com\/wp-content\/uploads\/2020\/02\/Libre-R4-T3-09.02.2020-Sotteville2-724x1024.jpg\" alt=\"\" width=\"724\" height=\"1024\" srcset=\"http:\/\/www.billard-club-sottevillais.com\/wp-content\/uploads\/2020\/02\/Libre-R4-T3-09.02.2020-Sotteville2-724x1024.jpg 724w, http:\/\/www.billard-club-sottevillais.com\/wp-content\/uploads\/2020\/02\/Libre-R4-T3-09.02.2020-Sotteville2-212x300.jpg 212w, http:\/\/www.billard-club-sottevillais.com\/wp-content\/uploads\/2020\/02\/Libre-R4-T3-09.02.2020-Sotteville2-768x1086.jpg 768w, http:\/\/www.billard-club-sottevillais.com\/wp-content\/uploads\/2020\/02\/Libre-R4-T3-09.02.2020-Sotteville2.jpg 1240w\" sizes=\"auto, (max-width: 724px) 100vw, 724px\" \/><\/p>\n<h4 style=\"padding-left: 30px;\">Le pdf ici :<a href=\"http:\/\/www.billard-club-sottevillais.com\/wp-content\/uploads\/2020\/02\/Libre-R4-T3-09.02.2020-Sotteville.pdf\" target=\"_blank\" rel=\"noopener noreferrer\">Libre R4 T3 09.02.2020 Sotteville<\/a><\/h4>\n<h4 style=\"padding-left: 30px;\"><\/h4>\n","protected":false},"excerpt":{"rendered":"<p>R\u00e9sultats des Tournois, vous trouverez ici toutes les informations concernant les rencontres sportives auxquelles participe le Billard Club Sottevillais.<\/p>\n","protected":false},"author":7,"featured_media":0,"parent":43,"menu_order":0,"comment_status":"closed","ping_status":"closed","template":"page-full.php","meta":{"footnotes":""},"class_list":["post-12174","page","type-page","status-publish","hentry"],"_links":{"self":[{"href":"http:\/\/www.billard-club-sottevillais.com\/index.php?rest_route=\/wp\/v2\/pages\/12174","targetHints":{"allow":["GET"]}}],"collection":[{"href":"http:\/\/www.billard-club-sottevillais.com\/index.php?rest_route=\/wp\/v2\/pages"}],"about":[{"href":"http:\/\/www.billard-club-sottevillais.com\/index.php?rest_route=\/wp\/v2\/types\/page"}],"author":[{"embeddable":true,"href":"http:\/\/www.billard-club-sottevillais.com\/index.php?rest_route=\/wp\/v2\/users\/7"}],"replies":[{"embeddable":true,"href":"http:\/\/www.billard-club-sottevillais.com\/index.php?rest_route=%2Fwp%2Fv2%2Fcomments&post=12174"}],"version-history":[{"count":6,"href":"http:\/\/www.billard-club-sottevillais.com\/index.php?rest_route=\/wp\/v2\/pages\/12174\/revisions"}],"predecessor-version":[{"id":12189,"href":"http:\/\/www.billard-club-sottevillais.com\/index.php?rest_route=\/wp\/v2\/pages\/12174\/revisions\/12189"}],"up":[{"embeddable":true,"href":"http:\/\/www.billard-club-sottevillais.com\/index.php?rest_route=\/wp\/v2\/pages\/43"}],"wp:attachment":[{"href":"http:\/\/www.billard-club-sottevillais.com\/index.php?rest_route=%2Fwp%2Fv2%2Fmedia&parent=12174"}],"curies":[{"name":"wp","href":"https:\/\/api.w.org\/{rel}","templated":true}]}}