{"id":12157,"date":"2020-02-02T16:01:09","date_gmt":"2020-02-02T16:01:09","guid":{"rendered":"http:\/\/www.billard-club-sottevillais.com\/?page_id=12157"},"modified":"2020-02-02T16:10:29","modified_gmt":"2020-02-02T16:10:29","slug":"bande-r1-02-fevrier-2020","status":"publish","type":"page","link":"http:\/\/www.billard-club-sottevillais.com\/?page_id=12157","title":{"rendered":"Bande R1 &#8211; 02 F\u00e9vrier 2020"},"content":{"rendered":"<p style=\"text-align: justify;\">R\u00e9sultats des Tournois, vous trouverez ici toutes les informations concernant les rencontres sportives auxquelles participe le Billard Club Sottevillais.<\/p>\n<p style=\"text-align: center;\"><!--more--><img loading=\"lazy\" decoding=\"async\" class=\"aligncenter size-full wp-image-59\" title=\"sport\" src=\"http:\/\/billardcf.cluster010.ovh.net\/wp-content\/uploads\/2011\/07\/sport.jpg\" alt=\"\" width=\"231\" height=\"116\" \/><\/p>\n<p style=\"text-align: left;\">Le 3\u00e8me tour de Bande R1 s&rsquo;est d\u00e9roul\u00e9 le 2 F\u00e9vrier 2020 \u00e0 Sotteville-l\u00e8s-Rouen. Gerard Gueret repr\u00e9sentait le BCS.<\/p>\n<p style=\"text-align: left;\">Gerard termine \u00e0 la 4\u00e8me place.<\/p>\n<p style=\"text-align: left;\">Jean-Marc Cazaux du Havre remporte ce tour.<\/p>\n<p style=\"text-align: center;\"><img loading=\"lazy\" decoding=\"async\" class=\"aligncenter wp-image-12158\" src=\"http:\/\/www.billard-club-sottevillais.com\/wp-content\/uploads\/2020\/02\/Bande-R1-T3-Sottevillais-2-02-2020-e1580659247201-1024x724.jpg\" alt=\"\" width=\"824\" height=\"582\" data-wp-editing=\"1\" srcset=\"http:\/\/www.billard-club-sottevillais.com\/wp-content\/uploads\/2020\/02\/Bande-R1-T3-Sottevillais-2-02-2020-e1580659247201-1024x724.jpg 1024w, http:\/\/www.billard-club-sottevillais.com\/wp-content\/uploads\/2020\/02\/Bande-R1-T3-Sottevillais-2-02-2020-e1580659247201-300x212.jpg 300w, http:\/\/www.billard-club-sottevillais.com\/wp-content\/uploads\/2020\/02\/Bande-R1-T3-Sottevillais-2-02-2020-e1580659247201-768x543.jpg 768w, http:\/\/www.billard-club-sottevillais.com\/wp-content\/uploads\/2020\/02\/Bande-R1-T3-Sottevillais-2-02-2020-e1580659247201.jpg 1132w\" sizes=\"auto, (max-width: 706px) 89vw, (max-width: 767px) 82vw, 740px\" \/><\/p>\n<h4 style=\"padding-left: 30px;\"><\/h4>\n<h4 style=\"padding-left: 30px; text-align: left;\">Le pdf ici :<a href=\"http:\/\/www.billard-club-sottevillais.com\/wp-content\/uploads\/2020\/02\/Bande-R1-T3-Sottevillais-2-02-2020.pdf\" target=\"_blank\" rel=\"noopener noreferrer\">Bande R1 T3 Sottevillais 2-02-2020<\/a><\/h4>\n","protected":false},"excerpt":{"rendered":"<p>R\u00e9sultats des Tournois, vous trouverez ici toutes les informations concernant les rencontres sportives auxquelles participe le Billard Club Sottevillais.<\/p>\n","protected":false},"author":7,"featured_media":0,"parent":43,"menu_order":0,"comment_status":"closed","ping_status":"closed","template":"page-full.php","meta":{"footnotes":""},"class_list":["post-12157","page","type-page","status-publish","hentry"],"_links":{"self":[{"href":"http:\/\/www.billard-club-sottevillais.com\/index.php?rest_route=\/wp\/v2\/pages\/12157","targetHints":{"allow":["GET"]}}],"collection":[{"href":"http:\/\/www.billard-club-sottevillais.com\/index.php?rest_route=\/wp\/v2\/pages"}],"about":[{"href":"http:\/\/www.billard-club-sottevillais.com\/index.php?rest_route=\/wp\/v2\/types\/page"}],"author":[{"embeddable":true,"href":"http:\/\/www.billard-club-sottevillais.com\/index.php?rest_route=\/wp\/v2\/users\/7"}],"replies":[{"embeddable":true,"href":"http:\/\/www.billard-club-sottevillais.com\/index.php?rest_route=%2Fwp%2Fv2%2Fcomments&post=12157"}],"version-history":[{"count":4,"href":"http:\/\/www.billard-club-sottevillais.com\/index.php?rest_route=\/wp\/v2\/pages\/12157\/revisions"}],"predecessor-version":[{"id":12165,"href":"http:\/\/www.billard-club-sottevillais.com\/index.php?rest_route=\/wp\/v2\/pages\/12157\/revisions\/12165"}],"up":[{"embeddable":true,"href":"http:\/\/www.billard-club-sottevillais.com\/index.php?rest_route=\/wp\/v2\/pages\/43"}],"wp:attachment":[{"href":"http:\/\/www.billard-club-sottevillais.com\/index.php?rest_route=%2Fwp%2Fv2%2Fmedia&parent=12157"}],"curies":[{"name":"wp","href":"https:\/\/api.w.org\/{rel}","templated":true}]}}