{"id":11994,"date":"2020-01-12T18:06:33","date_gmt":"2020-01-12T18:06:33","guid":{"rendered":"http:\/\/www.billard-club-sottevillais.com\/?page_id=11994"},"modified":"2020-01-12T18:06:34","modified_gmt":"2020-01-12T18:06:34","slug":"3-bandes-r1-t2-12-janvier-2020","status":"publish","type":"page","link":"http:\/\/www.billard-club-sottevillais.com\/?page_id=11994","title":{"rendered":"3 Bandes R1 T2 &#8211; 12 Janvier 2020"},"content":{"rendered":"<p style=\"text-align: justify;\">R\u00e9sultats des Tournois, vous trouverez ici toutes les informations concernant les rencontres sportives auxquelles participe le Billard Club Sottevillais.<\/p>\n<p style=\"text-align: center;\"><!--more--><img loading=\"lazy\" decoding=\"async\" class=\"aligncenter size-full wp-image-59\" title=\"sport\" src=\"http:\/\/billardcf.cluster010.ovh.net\/wp-content\/uploads\/2011\/07\/sport.jpg\" alt=\"\" width=\"231\" height=\"116\" \/><\/p>\n<p style=\"text-align: left;\">Le 2\u00e8me tour de 3 bandes R1 s&rsquo;est d\u00e9roul\u00e9 le 12 Janvier 2020 \u00e0 St Nicolas d&rsquo;aliermont. Pascal Ippolito et Bruno Pierrel repr\u00e9sentaient le BCS.<\/p>\n<p style=\"text-align: left;\">Pascal termine 3\u00e8me et Bruno prend la 1\u00e8re place.<\/p>\n<p style=\"text-align: center;\"><img loading=\"lazy\" decoding=\"async\" class=\"aligncenter size-large wp-image-11996\" src=\"http:\/\/www.billard-club-sottevillais.com\/wp-content\/uploads\/2020\/01\/3-Bandes-R1-T2-St-Nicolas-12.01.201-724x1024.jpg\" alt=\"\" width=\"724\" height=\"1024\" srcset=\"http:\/\/www.billard-club-sottevillais.com\/wp-content\/uploads\/2020\/01\/3-Bandes-R1-T2-St-Nicolas-12.01.201-724x1024.jpg 724w, http:\/\/www.billard-club-sottevillais.com\/wp-content\/uploads\/2020\/01\/3-Bandes-R1-T2-St-Nicolas-12.01.201-212x300.jpg 212w, http:\/\/www.billard-club-sottevillais.com\/wp-content\/uploads\/2020\/01\/3-Bandes-R1-T2-St-Nicolas-12.01.201-768x1086.jpg 768w, http:\/\/www.billard-club-sottevillais.com\/wp-content\/uploads\/2020\/01\/3-Bandes-R1-T2-St-Nicolas-12.01.201.jpg 1240w\" sizes=\"auto, (max-width: 724px) 100vw, 724px\" \/><\/p>\n<h4 style=\"padding-left: 30px;\"><img loading=\"lazy\" decoding=\"async\" class=\"aligncenter size-large wp-image-11997\" src=\"http:\/\/www.billard-club-sottevillais.com\/wp-content\/uploads\/2020\/01\/3-Bandes-R1-T2-St-Nicolas-12.01.202-724x1024.jpg\" alt=\"\" width=\"724\" height=\"1024\" srcset=\"http:\/\/www.billard-club-sottevillais.com\/wp-content\/uploads\/2020\/01\/3-Bandes-R1-T2-St-Nicolas-12.01.202-724x1024.jpg 724w, http:\/\/www.billard-club-sottevillais.com\/wp-content\/uploads\/2020\/01\/3-Bandes-R1-T2-St-Nicolas-12.01.202-212x300.jpg 212w, http:\/\/www.billard-club-sottevillais.com\/wp-content\/uploads\/2020\/01\/3-Bandes-R1-T2-St-Nicolas-12.01.202-768x1086.jpg 768w, http:\/\/www.billard-club-sottevillais.com\/wp-content\/uploads\/2020\/01\/3-Bandes-R1-T2-St-Nicolas-12.01.202.jpg 1240w\" sizes=\"auto, (max-width: 724px) 100vw, 724px\" \/><\/h4>\n<h4 style=\"padding-left: 30px; text-align: left;\">Le pdf ici :<a href=\"http:\/\/www.billard-club-sottevillais.com\/wp-content\/uploads\/2020\/01\/3-Bandes-R1-T2-St-Nicolas-12.01.20.pdf\" target=\"_blank\" rel=\"noopener noreferrer\">3 Bandes R1 T2 St Nicolas 12.01.20<\/a><\/h4>\n","protected":false},"excerpt":{"rendered":"<p>R\u00e9sultats des Tournois, vous trouverez ici toutes les informations concernant les rencontres sportives auxquelles participe le Billard Club Sottevillais.<\/p>\n","protected":false},"author":7,"featured_media":0,"parent":43,"menu_order":0,"comment_status":"closed","ping_status":"closed","template":"page-full.php","meta":{"footnotes":""},"class_list":["post-11994","page","type-page","status-publish","hentry"],"_links":{"self":[{"href":"http:\/\/www.billard-club-sottevillais.com\/index.php?rest_route=\/wp\/v2\/pages\/11994","targetHints":{"allow":["GET"]}}],"collection":[{"href":"http:\/\/www.billard-club-sottevillais.com\/index.php?rest_route=\/wp\/v2\/pages"}],"about":[{"href":"http:\/\/www.billard-club-sottevillais.com\/index.php?rest_route=\/wp\/v2\/types\/page"}],"author":[{"embeddable":true,"href":"http:\/\/www.billard-club-sottevillais.com\/index.php?rest_route=\/wp\/v2\/users\/7"}],"replies":[{"embeddable":true,"href":"http:\/\/www.billard-club-sottevillais.com\/index.php?rest_route=%2Fwp%2Fv2%2Fcomments&post=11994"}],"version-history":[{"count":1,"href":"http:\/\/www.billard-club-sottevillais.com\/index.php?rest_route=\/wp\/v2\/pages\/11994\/revisions"}],"predecessor-version":[{"id":11998,"href":"http:\/\/www.billard-club-sottevillais.com\/index.php?rest_route=\/wp\/v2\/pages\/11994\/revisions\/11998"}],"up":[{"embeddable":true,"href":"http:\/\/www.billard-club-sottevillais.com\/index.php?rest_route=\/wp\/v2\/pages\/43"}],"wp:attachment":[{"href":"http:\/\/www.billard-club-sottevillais.com\/index.php?rest_route=%2Fwp%2Fv2%2Fmedia&parent=11994"}],"curies":[{"name":"wp","href":"https:\/\/api.w.org\/{rel}","templated":true}]}}