{"id":11927,"date":"2020-01-05T19:19:53","date_gmt":"2020-01-05T19:19:53","guid":{"rendered":"http:\/\/www.billard-club-sottevillais.com\/?page_id=11927"},"modified":"2020-01-05T19:24:24","modified_gmt":"2020-01-05T19:24:24","slug":"cadre-42-2-r-t2-05-janvier-2020","status":"publish","type":"page","link":"http:\/\/www.billard-club-sottevillais.com\/?page_id=11927","title":{"rendered":"Cadre 42\/2 R T2 &#8211; 05 Janvier 2020"},"content":{"rendered":"<p style=\"text-align: justify;\">R\u00e9sultats des Tournois, vous trouverez ici toutes les informations concernant les rencontres sportives auxquelles participe le Billard Club Sottevillais.<\/p>\n<p style=\"text-align: center;\"><!--more--><img loading=\"lazy\" decoding=\"async\" class=\"aligncenter size-full wp-image-59\" title=\"sport\" src=\"http:\/\/billardcf.cluster010.ovh.net\/wp-content\/uploads\/2011\/07\/sport.jpg\" alt=\"\" width=\"231\" height=\"116\" \/><\/p>\n<p style=\"text-align: justify;\">Le 2\u00e8me tour de cadre r\u00e9gional s&rsquo;est d\u00e9roul\u00e9 le 05 Janvier 2020 \u00e0 Bernay. Jacques Robin repr\u00e9sentait le BCS.<\/p>\n<p style=\"text-align: justify;\">Jacques prend la 5\u00e8me place. Jacques Bogo de Lisieux finit 1er.<\/p>\n<p style=\"text-align: center;\"><img loading=\"lazy\" decoding=\"async\" class=\"aligncenter size-large wp-image-11929\" src=\"http:\/\/www.billard-club-sottevillais.com\/wp-content\/uploads\/2020\/01\/Cadre-R-T2-Bernay-05.01.20201-1-724x1024.jpg\" alt=\"\" width=\"724\" height=\"1024\" srcset=\"http:\/\/www.billard-club-sottevillais.com\/wp-content\/uploads\/2020\/01\/Cadre-R-T2-Bernay-05.01.20201-1-724x1024.jpg 724w, http:\/\/www.billard-club-sottevillais.com\/wp-content\/uploads\/2020\/01\/Cadre-R-T2-Bernay-05.01.20201-1-212x300.jpg 212w, http:\/\/www.billard-club-sottevillais.com\/wp-content\/uploads\/2020\/01\/Cadre-R-T2-Bernay-05.01.20201-1-768x1086.jpg 768w, http:\/\/www.billard-club-sottevillais.com\/wp-content\/uploads\/2020\/01\/Cadre-R-T2-Bernay-05.01.20201-1.jpg 1240w\" sizes=\"auto, (max-width: 724px) 100vw, 724px\" \/>\u00a0<img loading=\"lazy\" decoding=\"async\" class=\"aligncenter size-large wp-image-11930\" src=\"http:\/\/www.billard-club-sottevillais.com\/wp-content\/uploads\/2020\/01\/Cadre-R-T2-Bernay-05.01.20202-1-724x1024.jpg\" alt=\"\" width=\"724\" height=\"1024\" srcset=\"http:\/\/www.billard-club-sottevillais.com\/wp-content\/uploads\/2020\/01\/Cadre-R-T2-Bernay-05.01.20202-1-724x1024.jpg 724w, http:\/\/www.billard-club-sottevillais.com\/wp-content\/uploads\/2020\/01\/Cadre-R-T2-Bernay-05.01.20202-1-212x300.jpg 212w, http:\/\/www.billard-club-sottevillais.com\/wp-content\/uploads\/2020\/01\/Cadre-R-T2-Bernay-05.01.20202-1-768x1086.jpg 768w, http:\/\/www.billard-club-sottevillais.com\/wp-content\/uploads\/2020\/01\/Cadre-R-T2-Bernay-05.01.20202-1.jpg 1240w\" sizes=\"auto, (max-width: 724px) 100vw, 724px\" \/><\/p>\n<h4 style=\"padding-left: 30px;\">Le pdf ici : <a href=\"http:\/\/www.billard-club-sottevillais.com\/wp-content\/uploads\/2020\/01\/Cadre-R-T2-Bernay-05.01.2020-1.pdf\" target=\"_blank\" rel=\"noopener noreferrer\">Cadre R T2 Bernay 05.01.2020<\/a><\/h4>\n","protected":false},"excerpt":{"rendered":"<p>R\u00e9sultats des Tournois, vous trouverez ici toutes les informations concernant les rencontres sportives auxquelles participe le Billard Club Sottevillais.<\/p>\n","protected":false},"author":7,"featured_media":0,"parent":43,"menu_order":0,"comment_status":"closed","ping_status":"closed","template":"page-full.php","meta":{"footnotes":""},"class_list":["post-11927","page","type-page","status-publish","hentry"],"_links":{"self":[{"href":"http:\/\/www.billard-club-sottevillais.com\/index.php?rest_route=\/wp\/v2\/pages\/11927","targetHints":{"allow":["GET"]}}],"collection":[{"href":"http:\/\/www.billard-club-sottevillais.com\/index.php?rest_route=\/wp\/v2\/pages"}],"about":[{"href":"http:\/\/www.billard-club-sottevillais.com\/index.php?rest_route=\/wp\/v2\/types\/page"}],"author":[{"embeddable":true,"href":"http:\/\/www.billard-club-sottevillais.com\/index.php?rest_route=\/wp\/v2\/users\/7"}],"replies":[{"embeddable":true,"href":"http:\/\/www.billard-club-sottevillais.com\/index.php?rest_route=%2Fwp%2Fv2%2Fcomments&post=11927"}],"version-history":[{"count":3,"href":"http:\/\/www.billard-club-sottevillais.com\/index.php?rest_route=\/wp\/v2\/pages\/11927\/revisions"}],"predecessor-version":[{"id":11935,"href":"http:\/\/www.billard-club-sottevillais.com\/index.php?rest_route=\/wp\/v2\/pages\/11927\/revisions\/11935"}],"up":[{"embeddable":true,"href":"http:\/\/www.billard-club-sottevillais.com\/index.php?rest_route=\/wp\/v2\/pages\/43"}],"wp:attachment":[{"href":"http:\/\/www.billard-club-sottevillais.com\/index.php?rest_route=%2Fwp%2Fv2%2Fmedia&parent=11927"}],"curies":[{"name":"wp","href":"https:\/\/api.w.org\/{rel}","templated":true}]}}