{"id":11914,"date":"2020-01-05T16:30:49","date_gmt":"2020-01-05T16:30:49","guid":{"rendered":"http:\/\/www.billard-club-sottevillais.com\/?page_id=11914"},"modified":"2020-01-05T16:30:50","modified_gmt":"2020-01-05T16:30:50","slug":"3-bandes-r2-t2-05-janvier-2020","status":"publish","type":"page","link":"http:\/\/www.billard-club-sottevillais.com\/?page_id=11914","title":{"rendered":"3 Bandes R2 T2 &#8211; 05 Janvier 2020"},"content":{"rendered":"<p style=\"text-align: justify;\">R\u00e9sultats des Tournois, vous trouverez ici toutes les informations concernant les rencontres sportives auxquelles participe le Billard Club Sottevillais.<\/p>\n<p style=\"text-align: center;\"><!--more--><img loading=\"lazy\" decoding=\"async\" class=\"aligncenter size-full wp-image-59\" title=\"sport\" src=\"http:\/\/billardcf.cluster010.ovh.net\/wp-content\/uploads\/2011\/07\/sport.jpg\" alt=\"\" width=\"231\" height=\"116\" \/><\/p>\n<p>Pour ce 1er tour de jeu de l&rsquo;ann\u00e9e 2020, le BCS recevait le T2 de 3 Bandes R2. Patrick Poignye et Christian Molina repr\u00e9sentaient le BCS.<\/p>\n<p style=\"text-align: left;\">Christian termine 9\u00e8me et Patrick finit 5\u00e8me. Philippe Charbonnier de Cany-Barville prend la 1\u00e8re place.<\/p>\n<p style=\"text-align: center;\"><img loading=\"lazy\" decoding=\"async\" class=\"aligncenter size-large wp-image-11918\" src=\"http:\/\/www.billard-club-sottevillais.com\/wp-content\/uploads\/2020\/01\/3-Bandes-R2-T2-05.01.2020-Sotteville1-724x1024.jpg\" alt=\"\" width=\"724\" height=\"1024\" srcset=\"http:\/\/www.billard-club-sottevillais.com\/wp-content\/uploads\/2020\/01\/3-Bandes-R2-T2-05.01.2020-Sotteville1-724x1024.jpg 724w, http:\/\/www.billard-club-sottevillais.com\/wp-content\/uploads\/2020\/01\/3-Bandes-R2-T2-05.01.2020-Sotteville1-212x300.jpg 212w, http:\/\/www.billard-club-sottevillais.com\/wp-content\/uploads\/2020\/01\/3-Bandes-R2-T2-05.01.2020-Sotteville1-768x1086.jpg 768w, http:\/\/www.billard-club-sottevillais.com\/wp-content\/uploads\/2020\/01\/3-Bandes-R2-T2-05.01.2020-Sotteville1.jpg 1240w\" sizes=\"auto, (max-width: 724px) 100vw, 724px\" \/><\/p>\n<h4 style=\"padding-left: 30px;\"><img loading=\"lazy\" decoding=\"async\" class=\"aligncenter size-large wp-image-11919\" src=\"http:\/\/www.billard-club-sottevillais.com\/wp-content\/uploads\/2020\/01\/3-Bandes-R2-T2-05.01.2020-Sotteville2-724x1024.jpg\" alt=\"\" width=\"724\" height=\"1024\" srcset=\"http:\/\/www.billard-club-sottevillais.com\/wp-content\/uploads\/2020\/01\/3-Bandes-R2-T2-05.01.2020-Sotteville2-724x1024.jpg 724w, http:\/\/www.billard-club-sottevillais.com\/wp-content\/uploads\/2020\/01\/3-Bandes-R2-T2-05.01.2020-Sotteville2-212x300.jpg 212w, http:\/\/www.billard-club-sottevillais.com\/wp-content\/uploads\/2020\/01\/3-Bandes-R2-T2-05.01.2020-Sotteville2-768x1086.jpg 768w, http:\/\/www.billard-club-sottevillais.com\/wp-content\/uploads\/2020\/01\/3-Bandes-R2-T2-05.01.2020-Sotteville2.jpg 1240w\" sizes=\"auto, (max-width: 724px) 100vw, 724px\" \/><\/h4>\n<h4 style=\"padding-left: 30px; text-align: left;\">Le pdf ici :<a href=\"http:\/\/www.billard-club-sottevillais.com\/wp-content\/uploads\/2020\/01\/3-Bandes-R2-T2-05.01.2020-Sotteville.pdf\" target=\"_blank\" rel=\"noopener noreferrer\">3 Bandes R2 T2 05.01.2020 Sotteville<\/a><\/h4>\n","protected":false},"excerpt":{"rendered":"<p>R\u00e9sultats des Tournois, vous trouverez ici toutes les informations concernant les rencontres sportives auxquelles participe le Billard Club Sottevillais.<\/p>\n","protected":false},"author":7,"featured_media":0,"parent":43,"menu_order":0,"comment_status":"closed","ping_status":"closed","template":"page-full.php","meta":{"footnotes":""},"class_list":["post-11914","page","type-page","status-publish","hentry"],"_links":{"self":[{"href":"http:\/\/www.billard-club-sottevillais.com\/index.php?rest_route=\/wp\/v2\/pages\/11914","targetHints":{"allow":["GET"]}}],"collection":[{"href":"http:\/\/www.billard-club-sottevillais.com\/index.php?rest_route=\/wp\/v2\/pages"}],"about":[{"href":"http:\/\/www.billard-club-sottevillais.com\/index.php?rest_route=\/wp\/v2\/types\/page"}],"author":[{"embeddable":true,"href":"http:\/\/www.billard-club-sottevillais.com\/index.php?rest_route=\/wp\/v2\/users\/7"}],"replies":[{"embeddable":true,"href":"http:\/\/www.billard-club-sottevillais.com\/index.php?rest_route=%2Fwp%2Fv2%2Fcomments&post=11914"}],"version-history":[{"count":3,"href":"http:\/\/www.billard-club-sottevillais.com\/index.php?rest_route=\/wp\/v2\/pages\/11914\/revisions"}],"predecessor-version":[{"id":11920,"href":"http:\/\/www.billard-club-sottevillais.com\/index.php?rest_route=\/wp\/v2\/pages\/11914\/revisions\/11920"}],"up":[{"embeddable":true,"href":"http:\/\/www.billard-club-sottevillais.com\/index.php?rest_route=\/wp\/v2\/pages\/43"}],"wp:attachment":[{"href":"http:\/\/www.billard-club-sottevillais.com\/index.php?rest_route=%2Fwp%2Fv2%2Fmedia&parent=11914"}],"curies":[{"name":"wp","href":"https:\/\/api.w.org\/{rel}","templated":true}]}}