{"id":11811,"date":"2019-12-08T16:10:54","date_gmt":"2019-12-08T16:10:54","guid":{"rendered":"http:\/\/www.billard-club-sottevillais.com\/?page_id=11811"},"modified":"2019-12-08T19:23:20","modified_gmt":"2019-12-08T19:23:20","slug":"libre-r3-t2-8-decembre-2019","status":"publish","type":"page","link":"http:\/\/www.billard-club-sottevillais.com\/?page_id=11811","title":{"rendered":"Libre R3 T2 &#8211; 8 D\u00e9cembre 2019"},"content":{"rendered":"<p style=\"text-align: justify;\">R\u00e9sultats des Tournois, vous trouverez ici toutes les informations concernant les rencontres sportives auxquelles participe le Billard Club Sottevillais.<\/p>\n<p style=\"text-align: center;\"><!--more--><img loading=\"lazy\" decoding=\"async\" class=\"aligncenter size-full wp-image-59\" title=\"sport\" src=\"http:\/\/billardcf.cluster010.ovh.net\/wp-content\/uploads\/2011\/07\/sport.jpg\" alt=\"\" width=\"231\" height=\"116\" \/><\/p>\n<p style=\"text-align: justify;\">Le 2\u00e8me tour de libre R3 s&rsquo;est d\u00e9roul\u00e9 le 8 D\u00e9cembre 2019. Sylvain Baville et Pascal Ippolito \u00e9taient \u00e0 Cany-Barville.<\/p>\n<p style=\"text-align: justify;\">Pascal termine 8\u00e8me et Sylvain 5\u00e8me place. Philippe Lebourgeois de Rouen remporte ce tour.<\/p>\n<p style=\"text-align: left;\"><img loading=\"lazy\" decoding=\"async\" class=\"aligncenter size-large wp-image-11830\" src=\"http:\/\/www.billard-club-sottevillais.com\/wp-content\/uploads\/2019\/12\/Libre-R3-T2-Cany-8-12-20191-724x1024.jpg\" alt=\"\" width=\"724\" height=\"1024\" srcset=\"http:\/\/www.billard-club-sottevillais.com\/wp-content\/uploads\/2019\/12\/Libre-R3-T2-Cany-8-12-20191-724x1024.jpg 724w, http:\/\/www.billard-club-sottevillais.com\/wp-content\/uploads\/2019\/12\/Libre-R3-T2-Cany-8-12-20191-212x300.jpg 212w, http:\/\/www.billard-club-sottevillais.com\/wp-content\/uploads\/2019\/12\/Libre-R3-T2-Cany-8-12-20191-768x1086.jpg 768w, http:\/\/www.billard-club-sottevillais.com\/wp-content\/uploads\/2019\/12\/Libre-R3-T2-Cany-8-12-20191.jpg 1240w\" sizes=\"auto, (max-width: 724px) 100vw, 724px\" \/> <img loading=\"lazy\" decoding=\"async\" class=\"aligncenter size-large wp-image-11831\" src=\"http:\/\/www.billard-club-sottevillais.com\/wp-content\/uploads\/2019\/12\/Libre-R3-T2-Cany-8-12-20192-724x1024.jpg\" alt=\"\" width=\"724\" height=\"1024\" srcset=\"http:\/\/www.billard-club-sottevillais.com\/wp-content\/uploads\/2019\/12\/Libre-R3-T2-Cany-8-12-20192-724x1024.jpg 724w, http:\/\/www.billard-club-sottevillais.com\/wp-content\/uploads\/2019\/12\/Libre-R3-T2-Cany-8-12-20192-212x300.jpg 212w, http:\/\/www.billard-club-sottevillais.com\/wp-content\/uploads\/2019\/12\/Libre-R3-T2-Cany-8-12-20192-768x1086.jpg 768w, http:\/\/www.billard-club-sottevillais.com\/wp-content\/uploads\/2019\/12\/Libre-R3-T2-Cany-8-12-20192.jpg 1240w\" sizes=\"auto, (max-width: 724px) 100vw, 724px\" \/><\/p>\n<h4 style=\"padding-left: 30px;\">Le pdf ici :<a href=\"http:\/\/www.billard-club-sottevillais.com\/wp-content\/uploads\/2019\/12\/Libre-R3-T2-Cany-8-12-2019.pdf\" target=\"_blank\" rel=\"noopener noreferrer\">Libre R3 T2 Cany 8-12-2019<\/a><\/h4>\n","protected":false},"excerpt":{"rendered":"<p>R\u00e9sultats des Tournois, vous trouverez ici toutes les informations concernant les rencontres sportives auxquelles participe le Billard Club Sottevillais.<\/p>\n","protected":false},"author":7,"featured_media":0,"parent":43,"menu_order":0,"comment_status":"closed","ping_status":"closed","template":"page-full.php","meta":{"footnotes":""},"class_list":["post-11811","page","type-page","status-publish","hentry"],"_links":{"self":[{"href":"http:\/\/www.billard-club-sottevillais.com\/index.php?rest_route=\/wp\/v2\/pages\/11811","targetHints":{"allow":["GET"]}}],"collection":[{"href":"http:\/\/www.billard-club-sottevillais.com\/index.php?rest_route=\/wp\/v2\/pages"}],"about":[{"href":"http:\/\/www.billard-club-sottevillais.com\/index.php?rest_route=\/wp\/v2\/types\/page"}],"author":[{"embeddable":true,"href":"http:\/\/www.billard-club-sottevillais.com\/index.php?rest_route=\/wp\/v2\/users\/7"}],"replies":[{"embeddable":true,"href":"http:\/\/www.billard-club-sottevillais.com\/index.php?rest_route=%2Fwp%2Fv2%2Fcomments&post=11811"}],"version-history":[{"count":6,"href":"http:\/\/www.billard-club-sottevillais.com\/index.php?rest_route=\/wp\/v2\/pages\/11811\/revisions"}],"predecessor-version":[{"id":11844,"href":"http:\/\/www.billard-club-sottevillais.com\/index.php?rest_route=\/wp\/v2\/pages\/11811\/revisions\/11844"}],"up":[{"embeddable":true,"href":"http:\/\/www.billard-club-sottevillais.com\/index.php?rest_route=\/wp\/v2\/pages\/43"}],"wp:attachment":[{"href":"http:\/\/www.billard-club-sottevillais.com\/index.php?rest_route=%2Fwp%2Fv2%2Fmedia&parent=11811"}],"curies":[{"name":"wp","href":"https:\/\/api.w.org\/{rel}","templated":true}]}}