{"id":11809,"date":"2019-12-08T14:58:22","date_gmt":"2019-12-08T14:58:22","guid":{"rendered":"http:\/\/www.billard-club-sottevillais.com\/?page_id=11809"},"modified":"2019-12-08T14:58:23","modified_gmt":"2019-12-08T14:58:23","slug":"cadre-42-2-r-t1-8-decembre-2019","status":"publish","type":"page","link":"http:\/\/www.billard-club-sottevillais.com\/?page_id=11809","title":{"rendered":"Cadre 42\/2 R T1 &#8211; 8 d\u00e9cembre 2019"},"content":{"rendered":"<p style=\"text-align: justify;\">R\u00e9sultats des Tournois, vous trouverez ici toutes les informations concernant les rencontres sportives auxquelles participe le Billard Club Sottevillais.<\/p>\n<p style=\"text-align: center;\"><!--more--><img loading=\"lazy\" decoding=\"async\" class=\"aligncenter size-full wp-image-59\" title=\"sport\" src=\"http:\/\/billardcf.cluster010.ovh.net\/wp-content\/uploads\/2011\/07\/sport.jpg\" alt=\"\" width=\"231\" height=\"116\" \/><\/p>\n<p style=\"text-align: justify;\">Le 1er tour de cadre r\u00e9gional s&rsquo;est d\u00e9roul\u00e9 le 08 D\u00e9cembre 2019 au Havre. Jacques Robin repr\u00e9sentait le BCS.<\/p>\n<p style=\"text-align: justify;\">Jacques prend la 8\u00e8me place. Cedric Legendre de Rouen Finit 1er.<\/p>\n<p style=\"text-align: center;\"><img loading=\"lazy\" decoding=\"async\" class=\"aligncenter size-large wp-image-11824\" src=\"http:\/\/www.billard-club-sottevillais.com\/wp-content\/uploads\/2019\/12\/Cadre-R-T1-08-12-2019-Le-Havre1-724x1024.jpg\" alt=\"\" width=\"724\" height=\"1024\" srcset=\"http:\/\/www.billard-club-sottevillais.com\/wp-content\/uploads\/2019\/12\/Cadre-R-T1-08-12-2019-Le-Havre1-724x1024.jpg 724w, http:\/\/www.billard-club-sottevillais.com\/wp-content\/uploads\/2019\/12\/Cadre-R-T1-08-12-2019-Le-Havre1-212x300.jpg 212w, http:\/\/www.billard-club-sottevillais.com\/wp-content\/uploads\/2019\/12\/Cadre-R-T1-08-12-2019-Le-Havre1-768x1086.jpg 768w, http:\/\/www.billard-club-sottevillais.com\/wp-content\/uploads\/2019\/12\/Cadre-R-T1-08-12-2019-Le-Havre1.jpg 1240w\" sizes=\"auto, (max-width: 724px) 100vw, 724px\" \/> <img loading=\"lazy\" decoding=\"async\" class=\"aligncenter size-large wp-image-11825\" src=\"http:\/\/www.billard-club-sottevillais.com\/wp-content\/uploads\/2019\/12\/Cadre-R-T1-08-12-2019-Le-Havre2-724x1024.jpg\" alt=\"\" width=\"724\" height=\"1024\" srcset=\"http:\/\/www.billard-club-sottevillais.com\/wp-content\/uploads\/2019\/12\/Cadre-R-T1-08-12-2019-Le-Havre2-724x1024.jpg 724w, http:\/\/www.billard-club-sottevillais.com\/wp-content\/uploads\/2019\/12\/Cadre-R-T1-08-12-2019-Le-Havre2-212x300.jpg 212w, http:\/\/www.billard-club-sottevillais.com\/wp-content\/uploads\/2019\/12\/Cadre-R-T1-08-12-2019-Le-Havre2-768x1086.jpg 768w, http:\/\/www.billard-club-sottevillais.com\/wp-content\/uploads\/2019\/12\/Cadre-R-T1-08-12-2019-Le-Havre2.jpg 1240w\" sizes=\"auto, (max-width: 724px) 100vw, 724px\" \/><\/p>\n<h4 style=\"padding-left: 30px;\">Le pdf ici : <a href=\"http:\/\/www.billard-club-sottevillais.com\/wp-content\/uploads\/2019\/12\/Cadre-R-T1-08-12-2019-Le-Havre.pdf\">Cadre R T1 08-12-2019 Le Havre<\/a><\/h4>\n","protected":false},"excerpt":{"rendered":"<p>R\u00e9sultats des Tournois, vous trouverez ici toutes les informations concernant les rencontres sportives auxquelles participe le Billard Club Sottevillais.<\/p>\n","protected":false},"author":7,"featured_media":0,"parent":43,"menu_order":0,"comment_status":"closed","ping_status":"closed","template":"page-full.php","meta":{"footnotes":""},"class_list":["post-11809","page","type-page","status-publish","hentry"],"_links":{"self":[{"href":"http:\/\/www.billard-club-sottevillais.com\/index.php?rest_route=\/wp\/v2\/pages\/11809","targetHints":{"allow":["GET"]}}],"collection":[{"href":"http:\/\/www.billard-club-sottevillais.com\/index.php?rest_route=\/wp\/v2\/pages"}],"about":[{"href":"http:\/\/www.billard-club-sottevillais.com\/index.php?rest_route=\/wp\/v2\/types\/page"}],"author":[{"embeddable":true,"href":"http:\/\/www.billard-club-sottevillais.com\/index.php?rest_route=\/wp\/v2\/users\/7"}],"replies":[{"embeddable":true,"href":"http:\/\/www.billard-club-sottevillais.com\/index.php?rest_route=%2Fwp%2Fv2%2Fcomments&post=11809"}],"version-history":[{"count":3,"href":"http:\/\/www.billard-club-sottevillais.com\/index.php?rest_route=\/wp\/v2\/pages\/11809\/revisions"}],"predecessor-version":[{"id":11827,"href":"http:\/\/www.billard-club-sottevillais.com\/index.php?rest_route=\/wp\/v2\/pages\/11809\/revisions\/11827"}],"up":[{"embeddable":true,"href":"http:\/\/www.billard-club-sottevillais.com\/index.php?rest_route=\/wp\/v2\/pages\/43"}],"wp:attachment":[{"href":"http:\/\/www.billard-club-sottevillais.com\/index.php?rest_route=%2Fwp%2Fv2%2Fmedia&parent=11809"}],"curies":[{"name":"wp","href":"https:\/\/api.w.org\/{rel}","templated":true}]}}