{"id":11807,"date":"2019-12-08T16:18:15","date_gmt":"2019-12-08T16:18:15","guid":{"rendered":"http:\/\/www.billard-club-sottevillais.com\/?page_id=11807"},"modified":"2019-12-08T16:19:22","modified_gmt":"2019-12-08T16:19:22","slug":"cadre-42-2-n3-t2-08-decembre-2019","status":"publish","type":"page","link":"http:\/\/www.billard-club-sottevillais.com\/?page_id=11807","title":{"rendered":"Cadre 42\/2 N3 T2 &#8211; 08 d\u00e9cembre 2019"},"content":{"rendered":"<p style=\"text-align: justify;\">R\u00e9sultats des Tournois, vous trouverez ici toutes les informations concernant les rencontres sportives auxquelles participe le Billard Club Sottevillais.<\/p>\n<p style=\"text-align: center;\"><!--more--><img loading=\"lazy\" decoding=\"async\" class=\"aligncenter size-full wp-image-59\" title=\"sport\" src=\"http:\/\/billardcf.cluster010.ovh.net\/wp-content\/uploads\/2011\/07\/sport.jpg\" alt=\"\" width=\"231\" height=\"116\"><\/p>\n<p style=\"text-align: justify;\">Le 2\u00e8me tour de cadre 42\/2 N3 s&rsquo;est d\u00e9roul\u00e9 \u00e0 Sotteville-l\u00e8s-Rouen le 08 D\u00e9cembre 2019. Jacques Alexandre repr\u00e9sentait le BCS.<\/p>\n<p style=\"text-align: justify;\">Jacques termine \u00e0 la 3\u00e8me place. Nathan Legendre de Rouen finit 1er.<\/p>\n<p style=\"text-align: center;\"><img loading=\"lazy\" decoding=\"async\" class=\"aligncenter wp-image-11836\" src=\"http:\/\/www.billard-club-sottevillais.com\/wp-content\/uploads\/2019\/12\/Cadre-N3-T2-08-12-2019-Sotteville-e1575821737154-1024x724.jpg\" alt=\"\" width=\"717\" height=\"507\" srcset=\"http:\/\/www.billard-club-sottevillais.com\/wp-content\/uploads\/2019\/12\/Cadre-N3-T2-08-12-2019-Sotteville-e1575821737154-1024x724.jpg 1024w, http:\/\/www.billard-club-sottevillais.com\/wp-content\/uploads\/2019\/12\/Cadre-N3-T2-08-12-2019-Sotteville-e1575821737154-300x212.jpg 300w, http:\/\/www.billard-club-sottevillais.com\/wp-content\/uploads\/2019\/12\/Cadre-N3-T2-08-12-2019-Sotteville-e1575821737154-768x543.jpg 768w, http:\/\/www.billard-club-sottevillais.com\/wp-content\/uploads\/2019\/12\/Cadre-N3-T2-08-12-2019-Sotteville-e1575821737154.jpg 1754w\" sizes=\"auto, (max-width: 717px) 100vw, 717px\" \/><\/p>\n<h4 style=\"padding-left: 30px;\">Le pdf ici : <a href=\"http:\/\/www.billard-club-sottevillais.com\/wp-content\/uploads\/2019\/12\/Cadre-N3-T2-08-12-2019-Sotteville.pdf\" target=\"_blank\" rel=\"noopener noreferrer\">Cadre N3 T2 08-12-2019 Sotteville<\/a><\/h4>\n","protected":false},"excerpt":{"rendered":"<p>R\u00e9sultats des Tournois, vous trouverez ici toutes les informations concernant les rencontres sportives auxquelles participe le Billard Club Sottevillais.<\/p>\n","protected":false},"author":7,"featured_media":0,"parent":43,"menu_order":0,"comment_status":"closed","ping_status":"closed","template":"page-full.php","meta":{"footnotes":""},"class_list":["post-11807","page","type-page","status-publish","hentry"],"_links":{"self":[{"href":"http:\/\/www.billard-club-sottevillais.com\/index.php?rest_route=\/wp\/v2\/pages\/11807","targetHints":{"allow":["GET"]}}],"collection":[{"href":"http:\/\/www.billard-club-sottevillais.com\/index.php?rest_route=\/wp\/v2\/pages"}],"about":[{"href":"http:\/\/www.billard-club-sottevillais.com\/index.php?rest_route=\/wp\/v2\/types\/page"}],"author":[{"embeddable":true,"href":"http:\/\/www.billard-club-sottevillais.com\/index.php?rest_route=\/wp\/v2\/users\/7"}],"replies":[{"embeddable":true,"href":"http:\/\/www.billard-club-sottevillais.com\/index.php?rest_route=%2Fwp%2Fv2%2Fcomments&post=11807"}],"version-history":[{"count":4,"href":"http:\/\/www.billard-club-sottevillais.com\/index.php?rest_route=\/wp\/v2\/pages\/11807\/revisions"}],"predecessor-version":[{"id":11839,"href":"http:\/\/www.billard-club-sottevillais.com\/index.php?rest_route=\/wp\/v2\/pages\/11807\/revisions\/11839"}],"up":[{"embeddable":true,"href":"http:\/\/www.billard-club-sottevillais.com\/index.php?rest_route=\/wp\/v2\/pages\/43"}],"wp:attachment":[{"href":"http:\/\/www.billard-club-sottevillais.com\/index.php?rest_route=%2Fwp%2Fv2%2Fmedia&parent=11807"}],"curies":[{"name":"wp","href":"https:\/\/api.w.org\/{rel}","templated":true}]}}