{"id":11799,"date":"2019-12-03T20:37:07","date_gmt":"2019-12-03T20:37:07","guid":{"rendered":"http:\/\/www.billard-club-sottevillais.com\/?page_id=11799"},"modified":"2019-12-03T20:39:09","modified_gmt":"2019-12-03T20:39:09","slug":"equipe-d3-03-decembre-2019","status":"publish","type":"page","link":"http:\/\/www.billard-club-sottevillais.com\/?page_id=11799","title":{"rendered":"Equipe D3 &#8211; 03 D\u00e9cembre 2019"},"content":{"rendered":"<p style=\"text-align: justify;\">R\u00e9sultats des Tournois, vous trouverez ici toutes les informations concernant les rencontres sportives auxquelles participe le Billard Club Sottevillais.<\/p>\n<p style=\"text-align: center;\"><!--more--><img loading=\"lazy\" decoding=\"async\" class=\"aligncenter size-full wp-image-59\" title=\"sport\" src=\"http:\/\/billardcf.cluster010.ovh.net\/wp-content\/uploads\/2011\/07\/sport.jpg\" alt=\"\" width=\"231\" height=\"116\"><\/p>\n<p style=\"text-align: justify;\">Le 03 d\u00e9cembre 2019, notre \u00e9quipe D3 compos\u00e9e d&rsquo; Alain Rachet, Sylvain Baville et Jean-Pierre Gueroult recevait Louviers B.<\/p>\n<p style=\"text-align: justify;\">L&rsquo;\u00e9quipe de Sotteville s&rsquo;impose 16 \u00e0 2.<\/p>\n<p><img loading=\"lazy\" decoding=\"async\" class=\"aligncenter size-large wp-image-11800\" src=\"http:\/\/www.billard-club-sottevillais.com\/wp-content\/uploads\/2019\/12\/EQUIPE-B-SOTTEVILLE-B-LOUVIERS-B-03.12.20191-724x1024.jpg\" alt=\"\" width=\"724\" height=\"1024\" srcset=\"http:\/\/www.billard-club-sottevillais.com\/wp-content\/uploads\/2019\/12\/EQUIPE-B-SOTTEVILLE-B-LOUVIERS-B-03.12.20191-724x1024.jpg 724w, http:\/\/www.billard-club-sottevillais.com\/wp-content\/uploads\/2019\/12\/EQUIPE-B-SOTTEVILLE-B-LOUVIERS-B-03.12.20191-212x300.jpg 212w, http:\/\/www.billard-club-sottevillais.com\/wp-content\/uploads\/2019\/12\/EQUIPE-B-SOTTEVILLE-B-LOUVIERS-B-03.12.20191-768x1086.jpg 768w, http:\/\/www.billard-club-sottevillais.com\/wp-content\/uploads\/2019\/12\/EQUIPE-B-SOTTEVILLE-B-LOUVIERS-B-03.12.20191.jpg 1240w\" sizes=\"auto, (max-width: 724px) 100vw, 724px\" \/><\/p>\n<h4 style=\"padding-left: 30px;\">Le pdf ici : <a href=\"http:\/\/www.billard-club-sottevillais.com\/wp-content\/uploads\/2019\/12\/EQUIPE-B-SOTTEVILLE-B-LOUVIERS-B-03.12.2019.pdf\" target=\"_blank\" rel=\"noopener noreferrer\">EQUIPE B SOTTEVILLE B &#8211; LOUVIERS B 03.12.2019<\/a><\/h4>\n","protected":false},"excerpt":{"rendered":"<p>R\u00e9sultats des Tournois, vous trouverez ici toutes les informations concernant les rencontres sportives auxquelles participe le Billard Club Sottevillais.<\/p>\n","protected":false},"author":7,"featured_media":0,"parent":43,"menu_order":0,"comment_status":"closed","ping_status":"closed","template":"page-full.php","meta":{"footnotes":""},"class_list":["post-11799","page","type-page","status-publish","hentry"],"_links":{"self":[{"href":"http:\/\/www.billard-club-sottevillais.com\/index.php?rest_route=\/wp\/v2\/pages\/11799","targetHints":{"allow":["GET"]}}],"collection":[{"href":"http:\/\/www.billard-club-sottevillais.com\/index.php?rest_route=\/wp\/v2\/pages"}],"about":[{"href":"http:\/\/www.billard-club-sottevillais.com\/index.php?rest_route=\/wp\/v2\/types\/page"}],"author":[{"embeddable":true,"href":"http:\/\/www.billard-club-sottevillais.com\/index.php?rest_route=\/wp\/v2\/users\/7"}],"replies":[{"embeddable":true,"href":"http:\/\/www.billard-club-sottevillais.com\/index.php?rest_route=%2Fwp%2Fv2%2Fcomments&post=11799"}],"version-history":[{"count":2,"href":"http:\/\/www.billard-club-sottevillais.com\/index.php?rest_route=\/wp\/v2\/pages\/11799\/revisions"}],"predecessor-version":[{"id":11803,"href":"http:\/\/www.billard-club-sottevillais.com\/index.php?rest_route=\/wp\/v2\/pages\/11799\/revisions\/11803"}],"up":[{"embeddable":true,"href":"http:\/\/www.billard-club-sottevillais.com\/index.php?rest_route=\/wp\/v2\/pages\/43"}],"wp:attachment":[{"href":"http:\/\/www.billard-club-sottevillais.com\/index.php?rest_route=%2Fwp%2Fv2%2Fmedia&parent=11799"}],"curies":[{"name":"wp","href":"https:\/\/api.w.org\/{rel}","templated":true}]}}