{"id":11683,"date":"2019-11-10T15:42:09","date_gmt":"2019-11-10T15:42:09","guid":{"rendered":"http:\/\/www.billard-club-sottevillais.com\/?page_id=11683"},"modified":"2019-11-10T15:42:09","modified_gmt":"2019-11-10T15:42:09","slug":"3-bandes-r1-t1-10-novembre-2019","status":"publish","type":"page","link":"http:\/\/www.billard-club-sottevillais.com\/?page_id=11683","title":{"rendered":"3 Bandes R1 T1 &#8211; 10 novembre 2019"},"content":{"rendered":"<p style=\"text-align: justify;\">R\u00e9sultats des Tournois, vous trouverez ici toutes les informations concernant les rencontres sportives auxquelles participe le Billard Club Sottevillais.<\/p>\n<p style=\"text-align: center;\"><!--more--><img loading=\"lazy\" decoding=\"async\" class=\"aligncenter size-full wp-image-59\" title=\"sport\" src=\"http:\/\/billardcf.cluster010.ovh.net\/wp-content\/uploads\/2011\/07\/sport.jpg\" alt=\"\" width=\"231\" height=\"116\" \/><\/p>\n<p style=\"text-align: left;\">Le 1er tour de 3 bandes R1 s&rsquo;est d\u00e9roul\u00e9 le 10 Novembre 2019 \u00e0 Sotteville-l\u00e8s-Rouen. Pascal Ippolito et Bruno Pierrel repr\u00e9sentaient le BCS.<\/p>\n<p style=\"text-align: left;\">Pascal termine 5\u00e8me et bruno finit 7\u00e8me.<\/p>\n<p style=\"text-align: left;\">Oumaziz Marc de St Nicolas d&rsquo;aliermont prend la 1\u00e8re place.<\/p>\n<p style=\"text-align: center;\"><img loading=\"lazy\" decoding=\"async\" class=\"aligncenter size-large wp-image-11687\" src=\"http:\/\/www.billard-club-sottevillais.com\/wp-content\/uploads\/2019\/11\/3-bandes-R1-T1-Sotteville-10-11-20191-724x1024.jpg\" alt=\"\" width=\"724\" height=\"1024\" srcset=\"http:\/\/www.billard-club-sottevillais.com\/wp-content\/uploads\/2019\/11\/3-bandes-R1-T1-Sotteville-10-11-20191-724x1024.jpg 724w, http:\/\/www.billard-club-sottevillais.com\/wp-content\/uploads\/2019\/11\/3-bandes-R1-T1-Sotteville-10-11-20191-212x300.jpg 212w, http:\/\/www.billard-club-sottevillais.com\/wp-content\/uploads\/2019\/11\/3-bandes-R1-T1-Sotteville-10-11-20191-768x1086.jpg 768w, http:\/\/www.billard-club-sottevillais.com\/wp-content\/uploads\/2019\/11\/3-bandes-R1-T1-Sotteville-10-11-20191.jpg 1240w\" sizes=\"auto, (max-width: 724px) 100vw, 724px\" \/><\/p>\n<h4 style=\"padding-left: 30px;\"><img loading=\"lazy\" decoding=\"async\" class=\"aligncenter size-large wp-image-11688\" src=\"http:\/\/www.billard-club-sottevillais.com\/wp-content\/uploads\/2019\/11\/3-bandes-R1-T1-Sotteville-10-11-20192-724x1024.jpg\" alt=\"\" width=\"724\" height=\"1024\" srcset=\"http:\/\/www.billard-club-sottevillais.com\/wp-content\/uploads\/2019\/11\/3-bandes-R1-T1-Sotteville-10-11-20192-724x1024.jpg 724w, http:\/\/www.billard-club-sottevillais.com\/wp-content\/uploads\/2019\/11\/3-bandes-R1-T1-Sotteville-10-11-20192-212x300.jpg 212w, http:\/\/www.billard-club-sottevillais.com\/wp-content\/uploads\/2019\/11\/3-bandes-R1-T1-Sotteville-10-11-20192-768x1086.jpg 768w, http:\/\/www.billard-club-sottevillais.com\/wp-content\/uploads\/2019\/11\/3-bandes-R1-T1-Sotteville-10-11-20192.jpg 1240w\" sizes=\"auto, (max-width: 724px) 100vw, 724px\" \/><\/h4>\n<h4 style=\"padding-left: 30px; text-align: left;\">Le pdf ici :<a href=\"http:\/\/www.billard-club-sottevillais.com\/wp-content\/uploads\/2019\/11\/3-bandes-R1-T1-Sotteville-10-11-2019.pdf\" target=\"_blank\" rel=\"noopener noreferrer\">3 bandes R1 T1 Sotteville 10-11-2019<\/a><\/h4>\n","protected":false},"excerpt":{"rendered":"<p>R\u00e9sultats des Tournois, vous trouverez ici toutes les informations concernant les rencontres sportives auxquelles participe le Billard Club Sottevillais.<\/p>\n","protected":false},"author":7,"featured_media":0,"parent":43,"menu_order":0,"comment_status":"closed","ping_status":"closed","template":"page-full.php","meta":{"footnotes":""},"class_list":["post-11683","page","type-page","status-publish","hentry"],"_links":{"self":[{"href":"http:\/\/www.billard-club-sottevillais.com\/index.php?rest_route=\/wp\/v2\/pages\/11683","targetHints":{"allow":["GET"]}}],"collection":[{"href":"http:\/\/www.billard-club-sottevillais.com\/index.php?rest_route=\/wp\/v2\/pages"}],"about":[{"href":"http:\/\/www.billard-club-sottevillais.com\/index.php?rest_route=\/wp\/v2\/types\/page"}],"author":[{"embeddable":true,"href":"http:\/\/www.billard-club-sottevillais.com\/index.php?rest_route=\/wp\/v2\/users\/7"}],"replies":[{"embeddable":true,"href":"http:\/\/www.billard-club-sottevillais.com\/index.php?rest_route=%2Fwp%2Fv2%2Fcomments&post=11683"}],"version-history":[{"count":3,"href":"http:\/\/www.billard-club-sottevillais.com\/index.php?rest_route=\/wp\/v2\/pages\/11683\/revisions"}],"predecessor-version":[{"id":11690,"href":"http:\/\/www.billard-club-sottevillais.com\/index.php?rest_route=\/wp\/v2\/pages\/11683\/revisions\/11690"}],"up":[{"embeddable":true,"href":"http:\/\/www.billard-club-sottevillais.com\/index.php?rest_route=\/wp\/v2\/pages\/43"}],"wp:attachment":[{"href":"http:\/\/www.billard-club-sottevillais.com\/index.php?rest_route=%2Fwp%2Fv2%2Fmedia&parent=11683"}],"curies":[{"name":"wp","href":"https:\/\/api.w.org\/{rel}","templated":true}]}}