{"id":11637,"date":"2019-10-27T18:51:26","date_gmt":"2019-10-27T18:51:26","guid":{"rendered":"http:\/\/www.billard-club-sottevillais.com\/?page_id=11637"},"modified":"2019-10-27T19:15:17","modified_gmt":"2019-10-27T19:15:17","slug":"cadre-42-2-n3-t1-27-octobre-2019","status":"publish","type":"page","link":"http:\/\/www.billard-club-sottevillais.com\/?page_id=11637","title":{"rendered":"Cadre 42\/2 N3 T1 &#8211; 27 octobre 2019"},"content":{"rendered":"<p style=\"text-align: justify;\">R\u00e9sultats des Tournois, vous trouverez ici toutes les informations concernant les rencontres sportives auxquelles participe le Billard Club Sottevillais.<\/p>\n<p style=\"text-align: center;\"><!--more--><img loading=\"lazy\" decoding=\"async\" class=\"aligncenter size-full wp-image-59\" title=\"sport\" src=\"http:\/\/billardcf.cluster010.ovh.net\/wp-content\/uploads\/2011\/07\/sport.jpg\" alt=\"\" width=\"231\" height=\"116\" \/><\/p>\n<p style=\"text-align: justify;\">Le 1er tour de cadre 42\/2 N3 s&rsquo;est d\u00e9roul\u00e9 le 27 octobre 2019 \u00e0 Maromme. Jacques Alexandre repr\u00e9sentait le BCS.<\/p>\n<p style=\"text-align: justify;\">Jacques termine \u00e0 la 5\u00e8me place. Jean-Pierre Cotten de Rouen finit 1er.<\/p>\n<p style=\"text-align: center;\"><img loading=\"lazy\" decoding=\"async\" class=\"aligncenter size-large wp-image-11638\" src=\"http:\/\/www.billard-club-sottevillais.com\/wp-content\/uploads\/2019\/10\/Cadre-42-2-N3-T1-27.10.2019-Maromme-724x1024.jpg\" alt=\"\" width=\"724\" height=\"1024\" srcset=\"http:\/\/www.billard-club-sottevillais.com\/wp-content\/uploads\/2019\/10\/Cadre-42-2-N3-T1-27.10.2019-Maromme-724x1024.jpg 724w, http:\/\/www.billard-club-sottevillais.com\/wp-content\/uploads\/2019\/10\/Cadre-42-2-N3-T1-27.10.2019-Maromme-212x300.jpg 212w, http:\/\/www.billard-club-sottevillais.com\/wp-content\/uploads\/2019\/10\/Cadre-42-2-N3-T1-27.10.2019-Maromme-768x1086.jpg 768w, http:\/\/www.billard-club-sottevillais.com\/wp-content\/uploads\/2019\/10\/Cadre-42-2-N3-T1-27.10.2019-Maromme.jpg 1240w\" sizes=\"auto, (max-width: 724px) 100vw, 724px\" \/><\/p>\n<h4 style=\"padding-left: 30px;\">Le pdf ici : <a href=\"http:\/\/www.billard-club-sottevillais.com\/wp-content\/uploads\/2019\/10\/Cadre-42-2-N3-T1-27.10.2019-Maromme.pdf\" target=\"_blank\" rel=\"noopener noreferrer\">Cadre 42-2 N3 T1 27.10.2019 Maromme<\/a><\/h4>\n","protected":false},"excerpt":{"rendered":"<p>R\u00e9sultats des Tournois, vous trouverez ici toutes les informations concernant les rencontres sportives auxquelles participe le Billard Club Sottevillais.<\/p>\n","protected":false},"author":7,"featured_media":0,"parent":43,"menu_order":0,"comment_status":"closed","ping_status":"closed","template":"page-full.php","meta":{"footnotes":""},"class_list":["post-11637","page","type-page","status-publish","hentry"],"_links":{"self":[{"href":"http:\/\/www.billard-club-sottevillais.com\/index.php?rest_route=\/wp\/v2\/pages\/11637","targetHints":{"allow":["GET"]}}],"collection":[{"href":"http:\/\/www.billard-club-sottevillais.com\/index.php?rest_route=\/wp\/v2\/pages"}],"about":[{"href":"http:\/\/www.billard-club-sottevillais.com\/index.php?rest_route=\/wp\/v2\/types\/page"}],"author":[{"embeddable":true,"href":"http:\/\/www.billard-club-sottevillais.com\/index.php?rest_route=\/wp\/v2\/users\/7"}],"replies":[{"embeddable":true,"href":"http:\/\/www.billard-club-sottevillais.com\/index.php?rest_route=%2Fwp%2Fv2%2Fcomments&post=11637"}],"version-history":[{"count":3,"href":"http:\/\/www.billard-club-sottevillais.com\/index.php?rest_route=\/wp\/v2\/pages\/11637\/revisions"}],"predecessor-version":[{"id":11649,"href":"http:\/\/www.billard-club-sottevillais.com\/index.php?rest_route=\/wp\/v2\/pages\/11637\/revisions\/11649"}],"up":[{"embeddable":true,"href":"http:\/\/www.billard-club-sottevillais.com\/index.php?rest_route=\/wp\/v2\/pages\/43"}],"wp:attachment":[{"href":"http:\/\/www.billard-club-sottevillais.com\/index.php?rest_route=%2Fwp%2Fv2%2Fmedia&parent=11637"}],"curies":[{"name":"wp","href":"https:\/\/api.w.org\/{rel}","templated":true}]}}